{"id":717,"date":"2019-12-15T12:19:06","date_gmt":"2019-12-15T11:19:06","guid":{"rendered":"https:\/\/tsv-auerbach.org\/bsg\/?page_id=717"},"modified":"2021-10-23T23:47:44","modified_gmt":"2021-10-23T21:47:44","slug":"uebungsstunden","status":"publish","type":"page","link":"https:\/\/tsv-auerbach.org\/bsg\/uebungsstunden\/","title":{"rendered":"\u00dcbungsstunden"},"content":{"rendered":"<h3>R<span class=\"st\">egelm\u00e4\u00dfig stattfindende <\/span>\u00dcbungsstunden<\/h3>\n<p>Die \u00dcbungsstunden k\u00f6nnen auch als <a href=\"\/bsg\/wp-content\/uploads\/sites\/13\/2021\/10\/Abteilung_BSG_Uebungsstunden_Flyer1.pdf\">Flyer<\/a>\u00a0heruntergeladen werden.<\/p>\n<table border=\"\" width=\"100%\">\n<tbody>\n<tr id=\"SchwimmenKinder\">\n<td width=\"30%\"><\/td>\n<td>Schwimmen im Basinus-Bad in Bensheim<\/td>\n<\/tr>\n<tr>\n<td width=\"30%\">Montag, 16:00 &#8211; 17:00 Uhr<\/td>\n<td>Schwimmer und Nichtschwimmer bei Silvia Soskic<br \/>\n&#8211; im Mehrzweckbecken<br \/>\n&#8211; empfohlen ab 6 Jahre<br \/>\n&#8211; gleicherma\u00dfen f\u00fcr behinderte und nicht-behinderte Kinder geeignetZiele dieser \u00dcbungsstunde sind u.a. Wassergew\u00f6hnung und das spielerische Erlernen der Grundschwimmarten<\/td>\n<\/tr>\n<tr>\n<td width=\"30%\">Montag, 17:00 &#8211; 18:00 Uhr<\/td>\n<td>Schwimmen f\u00fcr Anf\u00e4nger bei Silvia Soskic<br \/>\n&#8211; eine BahnZiele dieser \u00dcbungsstunde sind u.a. Vertiefen der einzelnen Schwimmstile und das Absolvieren von Schwimmabzeichen<\/td>\n<\/tr>\n<tr>\n<td width=\"30%\">Montag, 18:30 &#8211; 19:30 Uhr<\/td>\n<td>Wassergymnastik f\u00fcr geistig Behinderte bei Silvia Soskic<br \/>\n&#8211; im Mehrzweckbecken<\/td>\n<\/tr>\n<tr>\n<td width=\"30%\">Montag, 20:00 &#8211; 21:00 Uhr<\/td>\n<td>Wettkampfschwimmer bei Silvia Soskic<br \/>\n&#8211; eine Bahn<\/td>\n<\/tr>\n<tr id=\"SpielUndSpass\">\n<td>Dienstag, 14:30 &#8211; 15:30 Uhr<\/td>\n<td>Turn-\/Spielgruppe in der Turnhalle der Seebergschule<br \/>\n(Darmst\u00e4dter Str. 80).Mit dieser \u00dcbungsstunde sollen haupts\u00e4chlich Kinder und Jugendliche im Alter von 10-18 Jahren angesprochen werden.<\/p>\n<p>\u00dcbungsleiter ist Silvia Soskic.<\/td>\n<\/tr>\n<tr id=\"Rueckengymnastik\">\n<td>Dienstag, 17:00 &#8211; 18:00 Uhr<\/td>\n<td>R\u00fcckengymnastik<\/p>\n<p>auch und vor allem f\u00fcr Erwachsene,<br \/>\nin der Turnhalle der Seebergschule (Darmst\u00e4dter Str. 80).<\/p>\n<p>\u00dcbungsleiter ist Nicole St\u00f6hr<\/td>\n<\/tr>\n<tr id=\"Fussball2\">\n<td>Dienstags, 17:45 &#8211; 19:00 Uhr<\/td>\n<td>Fu\u00dfball f\u00fcr geistig behinderte Jugendliche und Erwachsene<\/p>\n<p>in Turnhalle der Schillerschule in Bensheim Auerbach<\/p>\n<p>Das Training wurde im August 2019 unter der Leitung von Kamil \u00dclker wieder aufgelegt.<\/td>\n<\/tr>\n<tr id=\"Kegeln\">\n<td>Freitag, 17.30 &#8211; 19.00 Uhr<\/td>\n<td>Kegeln im Kegelcenter Lorsch (Sachsenbuckelstr. 1)<\/p>\n<p>Die genauen Termine k\u00f6nnt ihr dem Kegelplan entnehmen, da das Kegeln jeweils nur im 2-Wochen-Rhythmus stattfindet.<\/p>\n<p>Aktueller Hinweis: Aufgrund der Coroner Bestimmungen wird das Training aktuell in einem 3 Wochen Rhythmus durchgef\u00fchrt.<\/p>\n<p>In den Wochen dazwischen trainiert die Kegel-Leistungsgruppe.<\/p>\n<p>\u00dcbungsleiter sind Renate und Nicole St\u00f6hr<\/td>\n<\/tr>\n<\/tbody>\n<\/table>\n","protected":false},"excerpt":{"rendered":"<p>Regelm\u00e4\u00dfig stattfindende \u00dcbungsstunden Die \u00dcbungsstunden k\u00f6nnen auch als Flyer\u00a0heruntergeladen werden. Schwimmen im Basinus-Bad in Bensheim Montag, 16:00 &#8211; 17:00 Uhr Schwimmer und Nichtschwimmer bei Silvia Soskic &#8211; im Mehrzweckbecken &#8211; empfohlen ab 6 Jahre &#8211; gleicherma\u00dfen f\u00fcr behinderte und nicht-behinderte Kinder geeignetZiele dieser \u00dcbungsstunde sind u.a. Wassergew\u00f6hnung und das spielerische Erlernen der Grundschwimmarten Montag, 17:00 &hellip; <\/p>\n<p><a class=\"more-link btn\" href=\"https:\/\/tsv-auerbach.org\/bsg\/uebungsstunden\/\">Weiterlesen<\/a><\/p>\n","protected":false},"author":1,"featured_media":0,"parent":0,"menu_order":0,"comment_status":"closed","ping_status":"closed","template":"","meta":{"footnotes":""},"class_list":["post-717","page","type-page","status-publish","hentry","nodate","item-wrap"],"_links":{"self":[{"href":"https:\/\/tsv-auerbach.org\/bsg\/wp-json\/wp\/v2\/pages\/717","targetHints":{"allow":["GET"]}}],"collection":[{"href":"https:\/\/tsv-auerbach.org\/bsg\/wp-json\/wp\/v2\/pages"}],"about":[{"href":"https:\/\/tsv-auerbach.org\/bsg\/wp-json\/wp\/v2\/types\/page"}],"author":[{"embeddable":true,"href":"https:\/\/tsv-auerbach.org\/bsg\/wp-json\/wp\/v2\/users\/1"}],"replies":[{"embeddable":true,"href":"https:\/\/tsv-auerbach.org\/bsg\/wp-json\/wp\/v2\/comments?post=717"}],"version-history":[{"count":7,"href":"https:\/\/tsv-auerbach.org\/bsg\/wp-json\/wp\/v2\/pages\/717\/revisions"}],"predecessor-version":[{"id":1001,"href":"https:\/\/tsv-auerbach.org\/bsg\/wp-json\/wp\/v2\/pages\/717\/revisions\/1001"}],"wp:attachment":[{"href":"https:\/\/tsv-auerbach.org\/bsg\/wp-json\/wp\/v2\/media?parent=717"}],"curies":[{"name":"wp","href":"https:\/\/api.w.org\/{rel}","templated":true}]}}