{"id":756,"date":"2019-12-16T09:18:26","date_gmt":"2019-12-16T08:18:26","guid":{"rendered":"https:\/\/tsv-auerbach.org\/bsg\/?page_id=756"},"modified":"2020-01-06T14:16:36","modified_gmt":"2020-01-06T13:16:36","slug":"vorstand","status":"publish","type":"page","link":"https:\/\/tsv-auerbach.org\/bsg\/vorstand\/","title":{"rendered":"Vorstand"},"content":{"rendered":"<table style=\"height: 284px;width: 100%;border-collapse: collapse;border-style: inset;border-color: #000000\">\n<tbody>\n<tr style=\"height: 39px\">\n<td style=\"width: 375px;height: 39px\"><strong>Abteilungsleiterin<\/strong><\/p>\n<p><em>Silvia Soskic<\/em><\/td>\n<td style=\"width: 374px;height: 39px\"><img loading=\"lazy\" decoding=\"async\" class=\"size-medium wp-image-883 aligncenter\" src=\"https:\/\/tsv-auerbach.org\/bsg\/wp-content\/uploads\/sites\/13\/2020\/01\/Silvia_2-215x300.jpg\" alt=\"\" width=\"215\" height=\"300\" srcset=\"https:\/\/tsv-auerbach.org\/bsg\/wp-content\/uploads\/sites\/13\/2020\/01\/Silvia_2-215x300.jpg 215w, https:\/\/tsv-auerbach.org\/bsg\/wp-content\/uploads\/sites\/13\/2020\/01\/Silvia_2-734x1024.jpg 734w, https:\/\/tsv-auerbach.org\/bsg\/wp-content\/uploads\/sites\/13\/2020\/01\/Silvia_2-768x1072.jpg 768w, https:\/\/tsv-auerbach.org\/bsg\/wp-content\/uploads\/sites\/13\/2020\/01\/Silvia_2-1101x1536.jpg 1101w, https:\/\/tsv-auerbach.org\/bsg\/wp-content\/uploads\/sites\/13\/2020\/01\/Silvia_2-1468x2048.jpg 1468w, https:\/\/tsv-auerbach.org\/bsg\/wp-content\/uploads\/sites\/13\/2020\/01\/Silvia_2-scaled.jpg 1835w\" sizes=\"auto, (max-width: 215px) 100vw, 215px\" \/><\/td>\n<\/tr>\n<tr style=\"height: 39px\">\n<td style=\"width: 375px;height: 39px\"><strong>Stellvertreterin<\/strong><\/p>\n<p><em>Renate St\u00f6hr<\/em><\/td>\n<td style=\"width: 374px;height: 39px\"><\/td>\n<\/tr>\n<tr style=\"height: 39px\">\n<td style=\"width: 375px;height: 39px\"><strong>Stellvertreter<\/strong><\/p>\n<p><em>Karsten Jung<\/em><\/td>\n<td style=\"width: 374px;height: 39px\"><img loading=\"lazy\" decoding=\"async\" class=\"size-medium wp-image-885 aligncenter\" src=\"https:\/\/tsv-auerbach.org\/bsg\/wp-content\/uploads\/sites\/13\/2020\/01\/karsten-300x280.jpg\" alt=\"\" width=\"300\" height=\"280\" srcset=\"https:\/\/tsv-auerbach.org\/bsg\/wp-content\/uploads\/sites\/13\/2020\/01\/karsten-300x280.jpg 300w, https:\/\/tsv-auerbach.org\/bsg\/wp-content\/uploads\/sites\/13\/2020\/01\/karsten-1024x956.jpg 1024w, https:\/\/tsv-auerbach.org\/bsg\/wp-content\/uploads\/sites\/13\/2020\/01\/karsten-768x717.jpg 768w, https:\/\/tsv-auerbach.org\/bsg\/wp-content\/uploads\/sites\/13\/2020\/01\/karsten.jpg 1515w\" sizes=\"auto, (max-width: 300px) 100vw, 300px\" \/><\/td>\n<\/tr>\n<tr style=\"height: 39px\">\n<td style=\"width: 375px;height: 39px\"><strong>Kasse<\/strong><\/p>\n<p><em>Nicole St\u00f6hr<\/em><\/td>\n<td style=\"width: 374px;height: 39px\"><\/td>\n<\/tr>\n<tr style=\"height: 39px\">\n<td style=\"width: 375px;height: 39px\"><strong>Schriftf\u00fchrer<\/strong><\/p>\n<p><em>Ekkehard Lissner-Jung<\/em><\/td>\n<td style=\"width: 374px;height: 39px\"><\/td>\n<\/tr>\n<tr style=\"height: 39px\">\n<td style=\"width: 375px;height: 39px\"><strong>Projekt Fu\u00dfball<\/strong><\/p>\n<p><em>Rolf Schulz<\/em><\/td>\n<td style=\"width: 374px;height: 39px\"><\/td>\n<\/tr>\n<tr style=\"height: 40px\">\n<td style=\"width: 375px;height: 40px\"><strong>Projekt Schule<\/strong><\/p>\n<p><em>Nicole Lenhart<\/em><\/td>\n<td style=\"width: 374px;height: 40px\"><\/td>\n<\/tr>\n<\/tbody>\n<\/table>\n","protected":false},"excerpt":{"rendered":"<p>Abteilungsleiterin Silvia Soskic Stellvertreterin Renate St\u00f6hr Stellvertreter Karsten Jung Kasse Nicole St\u00f6hr Schriftf\u00fchrer Ekkehard Lissner-Jung Projekt Fu\u00dfball Rolf Schulz Projekt Schule Nicole Lenhart<\/p>\n","protected":false},"author":17,"featured_media":0,"parent":0,"menu_order":0,"comment_status":"closed","ping_status":"closed","template":"","meta":{"footnotes":""},"class_list":["post-756","page","type-page","status-publish","hentry","nodate","item-wrap"],"_links":{"self":[{"href":"https:\/\/tsv-auerbach.org\/bsg\/wp-json\/wp\/v2\/pages\/756","targetHints":{"allow":["GET"]}}],"collection":[{"href":"https:\/\/tsv-auerbach.org\/bsg\/wp-json\/wp\/v2\/pages"}],"about":[{"href":"https:\/\/tsv-auerbach.org\/bsg\/wp-json\/wp\/v2\/types\/page"}],"author":[{"embeddable":true,"href":"https:\/\/tsv-auerbach.org\/bsg\/wp-json\/wp\/v2\/users\/17"}],"replies":[{"embeddable":true,"href":"https:\/\/tsv-auerbach.org\/bsg\/wp-json\/wp\/v2\/comments?post=756"}],"version-history":[{"count":5,"href":"https:\/\/tsv-auerbach.org\/bsg\/wp-json\/wp\/v2\/pages\/756\/revisions"}],"predecessor-version":[{"id":886,"href":"https:\/\/tsv-auerbach.org\/bsg\/wp-json\/wp\/v2\/pages\/756\/revisions\/886"}],"wp:attachment":[{"href":"https:\/\/tsv-auerbach.org\/bsg\/wp-json\/wp\/v2\/media?parent=756"}],"curies":[{"name":"wp","href":"https:\/\/api.w.org\/{rel}","templated":true}]}}