{"id":766,"date":"2019-12-16T09:22:13","date_gmt":"2019-12-16T08:22:13","guid":{"rendered":"https:\/\/tsv-auerbach.org\/bsg\/?page_id=766"},"modified":"2019-12-16T17:41:04","modified_gmt":"2019-12-16T16:41:04","slug":"anfahrt","status":"publish","type":"page","link":"https:\/\/tsv-auerbach.org\/bsg\/anfahrt\/","title":{"rendered":"Anfahrt"},"content":{"rendered":"<p><anchor><\/anchor><br \/>\n&nbsp;<\/p>\n<p><script>\nvar screenW = window.screen.offsetWidth;\nvar screenH = window.screen.availHeight;\nvar anchor = document.getElementsByTagName('anchor')[0];\nfunction drawResizeOnPageLoad() {\nvar url1 = 'https:\/\/api-maps.yandex.ru\/services\/constructor\/1.0\/js\/?um=constructor%3A18c81f666590bc6c49de8c321d847b81e8d4fb169bb8994c1130423715bb14da&amp;width=';\nvar url2 = encodeURI(\"&height=\");\nvar url3 = encodeURI(\"&lang=en_FR&scroll=true;\");\nvar resource = document.createElement('script');\nif(screenW < 450){\nresource.src = url1 + (screenW) + url2 + (screenH\/2) + url3;\n} else resource.src = url1 + (screenW\/2.5) + url2 + (screenH\/2) + url3;\nresource.async = true;\nanchor.parentNode.insertBefore(resource, anchor);\n}\ndrawResizeOnPageLoad();\n<\/script><\/p>\n<p style=\"font-size: 13pt;\"><strong>Das Training findet im Geb\u00e4ude YYYYYYY statt.<\/strong><\/p>\n<p>Per Smartphone k\u00f6nnen Sie sich mit <a href=\"https:\/\/www.google.de\/maps?q=Saarstr.56+64625\" target=\"_blank\" rel=\"noopener noreferrer\">GoogleMaps<\/a> direkt hierher f\u00fchren lassen.<\/p>\n<p>Im Navi finden Sie die Halle unter:<br \/>\n64625 Bensheim<br \/>\nSaarstra\u00dfe 56<br \/>\nGGEW Sportzentrums der TSV Rot-Wei\u00df Auerbach<\/p>\n<div>W\u00e4hrend der hessischen Schulferien findet das Training der Erwachsenen und Jugend (ab 16 Jahren) unver\u00e4ndert statt. An schulfreien Tagen findet jedoch kein Kinder- und Jugendtraining statt.<\/div>\n<div><\/div>\n","protected":false},"excerpt":{"rendered":"<p>&nbsp; Das Training findet im Geb\u00e4ude YYYYYYY statt. Per Smartphone k\u00f6nnen Sie sich mit GoogleMaps direkt hierher f\u00fchren lassen. Im Navi finden Sie die Halle unter: 64625 Bensheim Saarstra\u00dfe 56 GGEW Sportzentrums der TSV Rot-Wei\u00df Auerbach W\u00e4hrend der hessischen Schulferien findet das Training der Erwachsenen und Jugend (ab 16 Jahren) unver\u00e4ndert statt. An schulfreien Tagen &hellip; <\/p>\n<p><a class=\"more-link btn\" href=\"https:\/\/tsv-auerbach.org\/bsg\/anfahrt\/\">Weiterlesen<\/a><\/p>\n","protected":false},"author":1,"featured_media":0,"parent":0,"menu_order":0,"comment_status":"closed","ping_status":"closed","template":"","meta":{"footnotes":""},"class_list":["post-766","page","type-page","status-publish","hentry","nodate","item-wrap"],"_links":{"self":[{"href":"https:\/\/tsv-auerbach.org\/bsg\/wp-json\/wp\/v2\/pages\/766","targetHints":{"allow":["GET"]}}],"collection":[{"href":"https:\/\/tsv-auerbach.org\/bsg\/wp-json\/wp\/v2\/pages"}],"about":[{"href":"https:\/\/tsv-auerbach.org\/bsg\/wp-json\/wp\/v2\/types\/page"}],"author":[{"embeddable":true,"href":"https:\/\/tsv-auerbach.org\/bsg\/wp-json\/wp\/v2\/users\/1"}],"replies":[{"embeddable":true,"href":"https:\/\/tsv-auerbach.org\/bsg\/wp-json\/wp\/v2\/comments?post=766"}],"version-history":[{"count":6,"href":"https:\/\/tsv-auerbach.org\/bsg\/wp-json\/wp\/v2\/pages\/766\/revisions"}],"predecessor-version":[{"id":782,"href":"https:\/\/tsv-auerbach.org\/bsg\/wp-json\/wp\/v2\/pages\/766\/revisions\/782"}],"wp:attachment":[{"href":"https:\/\/tsv-auerbach.org\/bsg\/wp-json\/wp\/v2\/media?parent=766"}],"curies":[{"name":"wp","href":"https:\/\/api.w.org\/{rel}","templated":true}]}}