{"id":820,"date":"2020-01-05T22:44:58","date_gmt":"2020-01-05T21:44:58","guid":{"rendered":"https:\/\/tsv-auerbach.org\/bsg\/?page_id=820"},"modified":"2021-10-23T22:39:21","modified_gmt":"2021-10-23T20:39:21","slug":"schwimmen","status":"publish","type":"page","link":"https:\/\/tsv-auerbach.org\/bsg\/sportangebote\/schwimmen\/","title":{"rendered":"Schwimmen"},"content":{"rendered":"<p>Sportangebote zu Wasser:<\/p>\n<p><a href=\"\/bsg\/wp-content\/uploads\/sites\/13\/2020\/01\/Gruppenbild-Wassergymnastik-scaled.jpg\" data-rel=\"lightbox-image-0\" data-rl_title=\"\" data-rl_caption=\"\" title=\"\"><img loading=\"lazy\" decoding=\"async\" class=\"aligncenter size-large wp-image-946\" src=\"\/bsg\/wp-content\/uploads\/sites\/13\/2020\/01\/Gruppenbild-Wassergymnastik-1024x307.jpg\" alt=\"\" width=\"847\" height=\"254\" srcset=\"https:\/\/tsv-auerbach.org\/bsg\/wp-content\/uploads\/sites\/13\/2020\/01\/Gruppenbild-Wassergymnastik-1024x307.jpg 1024w, https:\/\/tsv-auerbach.org\/bsg\/wp-content\/uploads\/sites\/13\/2020\/01\/Gruppenbild-Wassergymnastik-300x90.jpg 300w, https:\/\/tsv-auerbach.org\/bsg\/wp-content\/uploads\/sites\/13\/2020\/01\/Gruppenbild-Wassergymnastik-768x230.jpg 768w, https:\/\/tsv-auerbach.org\/bsg\/wp-content\/uploads\/sites\/13\/2020\/01\/Gruppenbild-Wassergymnastik-1536x461.jpg 1536w, https:\/\/tsv-auerbach.org\/bsg\/wp-content\/uploads\/sites\/13\/2020\/01\/Gruppenbild-Wassergymnastik-2048x614.jpg 2048w\" sizes=\"auto, (max-width: 847px) 100vw, 847px\" \/><\/a><\/p>\n<ul>\n<li>Schwimmen f\u00fcr Kinder, Jugendliche und Erwachsene (auch f\u00fcr Nichtschwimmer)<br \/>\nin zwei Gruppen bringen wir das Medium Wasser den Teilnehmern n\u00e4her und nehmen die Angst davor. Im Anschluss bringen wir die Grundlagen der verschiedenen Schwimmstile bei<br \/>\nBitte beachten:<br \/>\nDas ist kein Schwimmkurs! F\u00fcr Schwimmkurse wenden Sie sich bitte an den Bademeister.<\/li>\n<li>Leistungs-Schwimmgruppe<br \/>\nIntensivierung des Schwimmtrainings in Vorbereitung auf Wettk\u00e4mpfe<\/li>\n<li>Spiel, Spa\u00df und Schwimmen f\u00fcr Geistigbehinderte<\/li>\n<\/ul>\n<p>&nbsp;<\/p>\n<p style=\"font-size: 13pt\"><strong>Das Training findet regelm\u00e4\u00dfig montags im Basinusbad Bensheim statt.<\/strong><\/p>\n<p>Per Smartphone k\u00f6nnen Sie sich mit <a href=\"http:\/\/maps.google.de\/maps?q=Spessartstra%C3%9Fe%202,%2064625\" target=\"_blank\" rel=\"noopener noreferrer\">GoogleMaps<\/a> direkt hierher f\u00fchren lassen.<\/p>\n<p>Im Navi finden Sie das Schwimmbad unter:<br \/>\n64625 Bensheim<br \/>\nSpessartstr. 2<\/p>\n<p><a href=\"https:\/\/www.openstreetmap.org\/#map=17\/49.68322\/8.61209\" target=\"_blank\" rel=\"noopener noreferrer\"><img loading=\"lazy\" decoding=\"async\" class=\"alignnone wp-image-828\" src=\"\/bsg\/wp-content\/uploads\/sites\/13\/2020\/01\/map-basinusbad-300x242.png\" alt=\"\" width=\"500\" height=\"403\" srcset=\"https:\/\/tsv-auerbach.org\/bsg\/wp-content\/uploads\/sites\/13\/2020\/01\/map-basinusbad-300x242.png 300w, https:\/\/tsv-auerbach.org\/bsg\/wp-content\/uploads\/sites\/13\/2020\/01\/map-basinusbad-768x619.png 768w, https:\/\/tsv-auerbach.org\/bsg\/wp-content\/uploads\/sites\/13\/2020\/01\/map-basinusbad.png 810w\" sizes=\"auto, (max-width: 500px) 100vw, 500px\" \/><\/a><\/p>\n","protected":false},"excerpt":{"rendered":"<p>Sportangebote zu Wasser: Schwimmen f\u00fcr Kinder, Jugendliche und Erwachsene (auch f\u00fcr Nichtschwimmer) in zwei Gruppen bringen wir das Medium Wasser den Teilnehmern n\u00e4her und nehmen die Angst davor. Im Anschluss bringen wir die Grundlagen der verschiedenen Schwimmstile bei Bitte beachten: Das ist kein Schwimmkurs! F\u00fcr Schwimmkurse wenden Sie sich bitte an den Bademeister. Leistungs-Schwimmgruppe Intensivierung &hellip; <\/p>\n<p><a class=\"more-link btn\" href=\"https:\/\/tsv-auerbach.org\/bsg\/sportangebote\/schwimmen\/\">Weiterlesen<\/a><\/p>\n","protected":false},"author":17,"featured_media":0,"parent":694,"menu_order":0,"comment_status":"closed","ping_status":"closed","template":"","meta":{"footnotes":""},"class_list":["post-820","page","type-page","status-publish","hentry","nodate","item-wrap"],"_links":{"self":[{"href":"https:\/\/tsv-auerbach.org\/bsg\/wp-json\/wp\/v2\/pages\/820","targetHints":{"allow":["GET"]}}],"collection":[{"href":"https:\/\/tsv-auerbach.org\/bsg\/wp-json\/wp\/v2\/pages"}],"about":[{"href":"https:\/\/tsv-auerbach.org\/bsg\/wp-json\/wp\/v2\/types\/page"}],"author":[{"embeddable":true,"href":"https:\/\/tsv-auerbach.org\/bsg\/wp-json\/wp\/v2\/users\/17"}],"replies":[{"embeddable":true,"href":"https:\/\/tsv-auerbach.org\/bsg\/wp-json\/wp\/v2\/comments?post=820"}],"version-history":[{"count":11,"href":"https:\/\/tsv-auerbach.org\/bsg\/wp-json\/wp\/v2\/pages\/820\/revisions"}],"predecessor-version":[{"id":1000,"href":"https:\/\/tsv-auerbach.org\/bsg\/wp-json\/wp\/v2\/pages\/820\/revisions\/1000"}],"up":[{"embeddable":true,"href":"https:\/\/tsv-auerbach.org\/bsg\/wp-json\/wp\/v2\/pages\/694"}],"wp:attachment":[{"href":"https:\/\/tsv-auerbach.org\/bsg\/wp-json\/wp\/v2\/media?parent=820"}],"curies":[{"name":"wp","href":"https:\/\/api.w.org\/{rel}","templated":true}]}}