{"id":907,"date":"2020-01-06T16:54:50","date_gmt":"2020-01-06T15:54:50","guid":{"rendered":"https:\/\/tsv-auerbach.org\/bsg\/?page_id=907"},"modified":"2020-01-06T20:02:12","modified_gmt":"2020-01-06T19:02:12","slug":"spiel-und-spass-in-der-halle","status":"publish","type":"page","link":"https:\/\/tsv-auerbach.org\/bsg\/sportangebote\/spiel-und-spass-in-der-halle\/","title":{"rendered":"Spiel und Spa\u00df in der Halle"},"content":{"rendered":"<p>Unter dem Motto &#8218;Fit for Fun&#8216; f\u00fchren wir Bewegungsspiele f\u00fcr Kinder und Jugendliche in Kooperation mit der Seebergschule durch.<a href=\"https:\/\/tsv-auerbach.org\/bsg\/wp-content\/uploads\/sites\/13\/2020\/01\/Gruppenbild-Fit-for-Fun.jpg\" data-rel=\"lightbox-image-0\" data-rl_title=\"\" data-rl_caption=\"\" title=\"\"><img loading=\"lazy\" decoding=\"async\" class=\"aligncenter wp-image-941\" src=\"https:\/\/tsv-auerbach.org\/bsg\/wp-content\/uploads\/sites\/13\/2020\/01\/Gruppenbild-Fit-for-Fun.jpg\" alt=\"\" width=\"500\" height=\"333\" srcset=\"https:\/\/tsv-auerbach.org\/bsg\/wp-content\/uploads\/sites\/13\/2020\/01\/Gruppenbild-Fit-for-Fun.jpg 750w, https:\/\/tsv-auerbach.org\/bsg\/wp-content\/uploads\/sites\/13\/2020\/01\/Gruppenbild-Fit-for-Fun-300x200.jpg 300w\" sizes=\"auto, (max-width: 500px) 100vw, 500px\" \/><\/a><\/p>\n<p style=\"font-size: 13pt\"><strong>Das Training findet regelm\u00e4\u00dfig dienstags in der Seebergschule Bensheim statt.<\/strong><\/p>\n<p>Per Smartphone k\u00f6nnen Sie sich mit <a href=\"https:\/\/www.google.com\/maps\/place\/Darmst%C3%A4dter+Str.+80-82,+64625+Bensheim\" target=\"_blank\" rel=\"noopener noreferrer\">GoogleMaps<\/a> direkt hierher f\u00fchren lassen.<\/p>\n<p>Im Navi finden Sie die Halle unter:<br \/>\n64625 Bensheim<br \/>\nDarmst\u00e4dter Str. 80-82<\/p>\n<p>&nbsp;<\/p>\n","protected":false},"excerpt":{"rendered":"<p>Unter dem Motto &#8218;Fit for Fun&#8216; f\u00fchren wir Bewegungsspiele f\u00fcr Kinder und Jugendliche in Kooperation mit der Seebergschule durch. Das Training findet regelm\u00e4\u00dfig dienstags in der Seebergschule Bensheim statt. Per Smartphone k\u00f6nnen Sie sich mit GoogleMaps direkt hierher f\u00fchren lassen. Im Navi finden Sie die Halle unter: 64625 Bensheim Darmst\u00e4dter Str. 80-82 &nbsp;<\/p>\n","protected":false},"author":17,"featured_media":0,"parent":694,"menu_order":0,"comment_status":"closed","ping_status":"closed","template":"","meta":{"footnotes":""},"class_list":["post-907","page","type-page","status-publish","hentry","nodate","item-wrap"],"_links":{"self":[{"href":"https:\/\/tsv-auerbach.org\/bsg\/wp-json\/wp\/v2\/pages\/907","targetHints":{"allow":["GET"]}}],"collection":[{"href":"https:\/\/tsv-auerbach.org\/bsg\/wp-json\/wp\/v2\/pages"}],"about":[{"href":"https:\/\/tsv-auerbach.org\/bsg\/wp-json\/wp\/v2\/types\/page"}],"author":[{"embeddable":true,"href":"https:\/\/tsv-auerbach.org\/bsg\/wp-json\/wp\/v2\/users\/17"}],"replies":[{"embeddable":true,"href":"https:\/\/tsv-auerbach.org\/bsg\/wp-json\/wp\/v2\/comments?post=907"}],"version-history":[{"count":5,"href":"https:\/\/tsv-auerbach.org\/bsg\/wp-json\/wp\/v2\/pages\/907\/revisions"}],"predecessor-version":[{"id":951,"href":"https:\/\/tsv-auerbach.org\/bsg\/wp-json\/wp\/v2\/pages\/907\/revisions\/951"}],"up":[{"embeddable":true,"href":"https:\/\/tsv-auerbach.org\/bsg\/wp-json\/wp\/v2\/pages\/694"}],"wp:attachment":[{"href":"https:\/\/tsv-auerbach.org\/bsg\/wp-json\/wp\/v2\/media?parent=907"}],"curies":[{"name":"wp","href":"https:\/\/api.w.org\/{rel}","templated":true}]}}