{"id":909,"date":"2020-01-06T16:55:18","date_gmt":"2020-01-06T15:55:18","guid":{"rendered":"https:\/\/tsv-auerbach.org\/bsg\/?page_id=909"},"modified":"2020-01-06T20:00:42","modified_gmt":"2020-01-06T19:00:42","slug":"rueckengymnastik","status":"publish","type":"page","link":"https:\/\/tsv-auerbach.org\/bsg\/sportangebote\/rueckengymnastik\/","title":{"rendered":"R\u00fcckengymnastik"},"content":{"rendered":"<p style=\"font-size: 13pt\"><strong>Das Training findet regelm\u00e4\u00dfig dienstags in der Seebergschule Bensheim statt.<\/strong><\/p>\n<p><a href=\"https:\/\/tsv-auerbach.org\/bsg\/wp-content\/uploads\/sites\/13\/2020\/01\/Gruppenbild-R\u00fcckengymnastik-scaled.jpg\" data-rel=\"lightbox-image-0\" data-rl_title=\"\" data-rl_caption=\"\" title=\"\"><img loading=\"lazy\" decoding=\"async\" class=\"aligncenter wp-image-944\" src=\"https:\/\/tsv-auerbach.org\/bsg\/wp-content\/uploads\/sites\/13\/2020\/01\/Gruppenbild-R\u00fcckengymnastik-1024x379.jpg\" alt=\"\" width=\"600\" height=\"222\" srcset=\"https:\/\/tsv-auerbach.org\/bsg\/wp-content\/uploads\/sites\/13\/2020\/01\/Gruppenbild-R\u00fcckengymnastik-1024x379.jpg 1024w, https:\/\/tsv-auerbach.org\/bsg\/wp-content\/uploads\/sites\/13\/2020\/01\/Gruppenbild-R\u00fcckengymnastik-300x111.jpg 300w, https:\/\/tsv-auerbach.org\/bsg\/wp-content\/uploads\/sites\/13\/2020\/01\/Gruppenbild-R\u00fcckengymnastik-768x284.jpg 768w, https:\/\/tsv-auerbach.org\/bsg\/wp-content\/uploads\/sites\/13\/2020\/01\/Gruppenbild-R\u00fcckengymnastik-1536x569.jpg 1536w, https:\/\/tsv-auerbach.org\/bsg\/wp-content\/uploads\/sites\/13\/2020\/01\/Gruppenbild-R\u00fcckengymnastik-2048x759.jpg 2048w\" sizes=\"auto, (max-width: 600px) 100vw, 600px\" \/><\/a><\/p>\n<p>Per Smartphone k\u00f6nnen Sie sich mit <a href=\"https:\/\/www.google.com\/maps\/place\/Darmst%C3%A4dter+Str.+80-82,+64625+Bensheim\" target=\"_blank\" rel=\"noopener noreferrer\">GoogleMaps<\/a> direkt hierher f\u00fchren lassen.<\/p>\n<p>Im Navi finden Sie die Halle unter:<br \/>\n64625 Bensheim<br \/>\nDarmst\u00e4dter Str. 80-82<\/p>\n<p><a href=\"https:\/\/tsv-auerbach.org\/bsg\/wp-content\/uploads\/sites\/13\/2020\/01\/Gruppenbild-R\u00fcckengymnastik2-scaled.jpg\" data-rel=\"lightbox-image-1\" data-rl_title=\"\" data-rl_caption=\"\" title=\"\"><img loading=\"lazy\" decoding=\"async\" class=\"aligncenter wp-image-945\" src=\"https:\/\/tsv-auerbach.org\/bsg\/wp-content\/uploads\/sites\/13\/2020\/01\/Gruppenbild-R\u00fcckengymnastik2-1024x439.jpg\" alt=\"\" width=\"600\" height=\"257\" srcset=\"https:\/\/tsv-auerbach.org\/bsg\/wp-content\/uploads\/sites\/13\/2020\/01\/Gruppenbild-R\u00fcckengymnastik2-1024x439.jpg 1024w, https:\/\/tsv-auerbach.org\/bsg\/wp-content\/uploads\/sites\/13\/2020\/01\/Gruppenbild-R\u00fcckengymnastik2-300x129.jpg 300w, https:\/\/tsv-auerbach.org\/bsg\/wp-content\/uploads\/sites\/13\/2020\/01\/Gruppenbild-R\u00fcckengymnastik2-768x329.jpg 768w, https:\/\/tsv-auerbach.org\/bsg\/wp-content\/uploads\/sites\/13\/2020\/01\/Gruppenbild-R\u00fcckengymnastik2-1536x658.jpg 1536w, https:\/\/tsv-auerbach.org\/bsg\/wp-content\/uploads\/sites\/13\/2020\/01\/Gruppenbild-R\u00fcckengymnastik2-2048x878.jpg 2048w\" sizes=\"auto, (max-width: 600px) 100vw, 600px\" \/><\/a><\/p>\n<p>&nbsp;<\/p>\n<p>&nbsp;<\/p>\n","protected":false},"excerpt":{"rendered":"<p>Das Training findet regelm\u00e4\u00dfig dienstags in der Seebergschule Bensheim statt. Per Smartphone k\u00f6nnen Sie sich mit GoogleMaps direkt hierher f\u00fchren lassen. Im Navi finden Sie die Halle unter: 64625 Bensheim Darmst\u00e4dter Str. 80-82 &nbsp; &nbsp;<\/p>\n","protected":false},"author":17,"featured_media":0,"parent":694,"menu_order":0,"comment_status":"closed","ping_status":"closed","template":"","meta":{"footnotes":""},"class_list":["post-909","page","type-page","status-publish","hentry","nodate","item-wrap"],"_links":{"self":[{"href":"https:\/\/tsv-auerbach.org\/bsg\/wp-json\/wp\/v2\/pages\/909","targetHints":{"allow":["GET"]}}],"collection":[{"href":"https:\/\/tsv-auerbach.org\/bsg\/wp-json\/wp\/v2\/pages"}],"about":[{"href":"https:\/\/tsv-auerbach.org\/bsg\/wp-json\/wp\/v2\/types\/page"}],"author":[{"embeddable":true,"href":"https:\/\/tsv-auerbach.org\/bsg\/wp-json\/wp\/v2\/users\/17"}],"replies":[{"embeddable":true,"href":"https:\/\/tsv-auerbach.org\/bsg\/wp-json\/wp\/v2\/comments?post=909"}],"version-history":[{"count":4,"href":"https:\/\/tsv-auerbach.org\/bsg\/wp-json\/wp\/v2\/pages\/909\/revisions"}],"predecessor-version":[{"id":950,"href":"https:\/\/tsv-auerbach.org\/bsg\/wp-json\/wp\/v2\/pages\/909\/revisions\/950"}],"up":[{"embeddable":true,"href":"https:\/\/tsv-auerbach.org\/bsg\/wp-json\/wp\/v2\/pages\/694"}],"wp:attachment":[{"href":"https:\/\/tsv-auerbach.org\/bsg\/wp-json\/wp\/v2\/media?parent=909"}],"curies":[{"name":"wp","href":"https:\/\/api.w.org\/{rel}","templated":true}]}}