{"id":913,"date":"2020-01-06T16:56:18","date_gmt":"2020-01-06T15:56:18","guid":{"rendered":"https:\/\/tsv-auerbach.org\/bsg\/?page_id=913"},"modified":"2022-07-20T21:40:15","modified_gmt":"2022-07-20T19:40:15","slug":"kegeln","status":"publish","type":"page","link":"https:\/\/tsv-auerbach.org\/bsg\/sportangebote\/kegeln\/","title":{"rendered":"Kegeln"},"content":{"rendered":"<h3>Wir werfen gerne die Kegel um:<\/h3>\n<p style=\"font-size: 13pt\"><strong>Das Training findet freitags alle zwei Wochen im Kegelcenter Lorsch statt.<\/strong><\/p>\n<p>Per Smartphone k\u00f6nnen Sie sich mit <a href=\"https:\/\/www.google.com\/maps\/place\/Sachsenbuckelstra%C3%9Fe+1,+64653\" target=\"_blank\" rel=\"noopener noreferrer\">GoogleMaps<\/a> direkt hierher f\u00fchren lassen.<\/p>\n<p>Im Navi finden Sie das Kegelcenter unter:<br \/>\n64653 Lorsch<br \/>\nSachsenbuckelstra\u00dfe 1<\/p>\n<h4>Der aktuelle Kegelplan k\u00f6nnt Ihr hier herunterladen: <a href=\"\/bsg\/wp-content\/uploads\/sites\/13\/2022\/07\/Kegelkalender-2022-.pdf\">Kegelkalender 2022-<\/a><\/h4>\n<p>Hierzu haben wir zwei Gruppen am Start:<\/p>\n<ul>\n<li>Kegeln Hobbygruppe<\/li>\n<li>Kegeln Wettkampfgruppe<br \/>\n(zur Teilnahme an \u00fcberregionalen Wettk\u00e4mpfen)<\/li>\n<\/ul>\n<div id=\"attachment_925\" style=\"width: 550px\" class=\"wp-caption aligncenter\"><a href=\"\/bsg\/wp-content\/uploads\/sites\/13\/2020\/01\/Kegelgruppe-scaled.jpg\" data-rel=\"lightbox-image-0\" data-rl_title=\"\" data-rl_caption=\"\" title=\"\"><img loading=\"lazy\" decoding=\"async\" aria-describedby=\"caption-attachment-925\" class=\"wp-image-925\" src=\"\/bsg\/wp-content\/uploads\/sites\/13\/2020\/01\/Kegelgruppe-1024x768.jpg\" alt=\"\" width=\"550\" height=\"413\" srcset=\"https:\/\/tsv-auerbach.org\/bsg\/wp-content\/uploads\/sites\/13\/2020\/01\/Kegelgruppe-1024x768.jpg 1024w, https:\/\/tsv-auerbach.org\/bsg\/wp-content\/uploads\/sites\/13\/2020\/01\/Kegelgruppe-300x225.jpg 300w, https:\/\/tsv-auerbach.org\/bsg\/wp-content\/uploads\/sites\/13\/2020\/01\/Kegelgruppe-768x576.jpg 768w, https:\/\/tsv-auerbach.org\/bsg\/wp-content\/uploads\/sites\/13\/2020\/01\/Kegelgruppe-1536x1152.jpg 1536w, https:\/\/tsv-auerbach.org\/bsg\/wp-content\/uploads\/sites\/13\/2020\/01\/Kegelgruppe-2048x1536.jpg 2048w\" sizes=\"auto, (max-width: 550px) 100vw, 550px\" \/><\/a><p id=\"caption-attachment-925\" class=\"wp-caption-text\">Unsere Kegelgruppe im vollem Einsatz<\/p><\/div>\n","protected":false},"excerpt":{"rendered":"<p>Wir werfen gerne die Kegel um: Das Training findet freitags alle zwei Wochen im Kegelcenter Lorsch statt. Per Smartphone k\u00f6nnen Sie sich mit GoogleMaps direkt hierher f\u00fchren lassen. Im Navi finden Sie das Kegelcenter unter: 64653 Lorsch Sachsenbuckelstra\u00dfe 1 Der aktuelle Kegelplan k\u00f6nnt Ihr hier herunterladen: Kegelkalender 2022- Hierzu haben wir zwei Gruppen am Start: &hellip; <\/p>\n<p><a class=\"more-link btn\" href=\"https:\/\/tsv-auerbach.org\/bsg\/sportangebote\/kegeln\/\">Weiterlesen<\/a><\/p>\n","protected":false},"author":17,"featured_media":0,"parent":694,"menu_order":0,"comment_status":"closed","ping_status":"closed","template":"","meta":{"footnotes":""},"class_list":["post-913","page","type-page","status-publish","hentry","nodate","item-wrap"],"_links":{"self":[{"href":"https:\/\/tsv-auerbach.org\/bsg\/wp-json\/wp\/v2\/pages\/913","targetHints":{"allow":["GET"]}}],"collection":[{"href":"https:\/\/tsv-auerbach.org\/bsg\/wp-json\/wp\/v2\/pages"}],"about":[{"href":"https:\/\/tsv-auerbach.org\/bsg\/wp-json\/wp\/v2\/types\/page"}],"author":[{"embeddable":true,"href":"https:\/\/tsv-auerbach.org\/bsg\/wp-json\/wp\/v2\/users\/17"}],"replies":[{"embeddable":true,"href":"https:\/\/tsv-auerbach.org\/bsg\/wp-json\/wp\/v2\/comments?post=913"}],"version-history":[{"count":11,"href":"https:\/\/tsv-auerbach.org\/bsg\/wp-json\/wp\/v2\/pages\/913\/revisions"}],"predecessor-version":[{"id":1049,"href":"https:\/\/tsv-auerbach.org\/bsg\/wp-json\/wp\/v2\/pages\/913\/revisions\/1049"}],"up":[{"embeddable":true,"href":"https:\/\/tsv-auerbach.org\/bsg\/wp-json\/wp\/v2\/pages\/694"}],"wp:attachment":[{"href":"https:\/\/tsv-auerbach.org\/bsg\/wp-json\/wp\/v2\/media?parent=913"}],"curies":[{"name":"wp","href":"https:\/\/api.w.org\/{rel}","templated":true}]}}