{"id":1200,"date":"2014-01-21T11:01:47","date_gmt":"2014-01-21T10:01:47","guid":{"rendered":"http:\/\/www.tsv-auerbach-fussball.de\/?page_id=1200"},"modified":"2014-01-21T11:01:47","modified_gmt":"2014-01-21T10:01:47","slug":"gewaltpravention","status":"publish","type":"page","link":"https:\/\/tsv-auerbach.org\/fussball\/gewaltpravention\/","title":{"rendered":"Gewaltpr\u00e4vention"},"content":{"rendered":"<p>Eine gute Vereinsarbeit zeichnet sich nicht nur durch sportlichen Erfolg aus. Auch die soziale Komponente spielt eine wichtige Rolle.<\/p>\n<p>Wo Menschen zusammen kommen gibt es Konflikte, unterschiedliche Erwartungen und Vorstellungen und nat\u00fcrlich auch pers\u00f6nliche Probleme.<\/p>\n<p>Die TSV Auerbach als gr\u00f6\u00dfter Verein an der Bergstra\u00dfe mit \u00fcber 3.500 Mitgliedern will sich diesen Herausforderungen nicht verschlie\u00dfen.<\/p>\n<p>F\u00fcr die Konfliktbew\u00e4ltigung gibt es einen \u00c4ltestenrat, der schlichtend eingreift.<\/p>\n<p>Wir haben einen Integrationsbeauftragten, der sich um die Eingliederung ausl\u00e4ndischer B\u00fcrger in den Verein bem\u00fcht und wir haben einen Beauftragen f\u00fcr Gewaltpr\u00e4vention, der \u00dcbungsleiter und Eltern zum Thema &#8222;sexueller Missbrauch&#8220; sensibilisiert sich aber auch mit dem Thema Mobbing und Alkoholmissbrauch besch\u00e4ftigt.<\/p>\n<p>Haben Sie Fragen oder sind Sie betroffen, wenden Sie sich bitte an Bernd L\u00fctzkendorf, Tel. 06251-983607\u00a0\u00a0\u00a0\u00a0\u00a0\u00a0 Mobil\u00a0\u00a0 0172-6910066\u00a0\u00a0\u00a0\u00a0 Mail: hilfe-bei-gewalt@tsv-auerbach.org<\/p>\n","protected":false},"excerpt":{"rendered":"<p>Eine gute Vereinsarbeit zeichnet sich nicht nur durch sportlichen Erfolg aus. Auch die soziale Komponente spielt eine wichtige Rolle. Wo Menschen zusammen kommen gibt es Konflikte, unterschiedliche Erwartungen und Vorstellungen und nat\u00fcrlich auch pers\u00f6nliche Probleme. Die TSV Auerbach als gr\u00f6\u00dfter Verein an der Bergstra\u00dfe mit \u00fcber 3.500 Mitgliedern will sich diesen Herausforderungen nicht verschlie\u00dfen. F\u00fcr &hellip; <\/p>\n<p><a class=\"more-link btn\" href=\"https:\/\/tsv-auerbach.org\/fussball\/gewaltpravention\/\">Weiterlesen<\/a><\/p>\n","protected":false},"author":9,"featured_media":0,"parent":0,"menu_order":0,"comment_status":"open","ping_status":"open","template":"","meta":{"footnotes":""},"class_list":["post-1200","page","type-page","status-publish","hentry","nodate","item-wrap"],"_links":{"self":[{"href":"https:\/\/tsv-auerbach.org\/fussball\/wp-json\/wp\/v2\/pages\/1200","targetHints":{"allow":["GET"]}}],"collection":[{"href":"https:\/\/tsv-auerbach.org\/fussball\/wp-json\/wp\/v2\/pages"}],"about":[{"href":"https:\/\/tsv-auerbach.org\/fussball\/wp-json\/wp\/v2\/types\/page"}],"author":[{"embeddable":true,"href":"https:\/\/tsv-auerbach.org\/fussball\/wp-json\/wp\/v2\/users\/9"}],"replies":[{"embeddable":true,"href":"https:\/\/tsv-auerbach.org\/fussball\/wp-json\/wp\/v2\/comments?post=1200"}],"version-history":[{"count":0,"href":"https:\/\/tsv-auerbach.org\/fussball\/wp-json\/wp\/v2\/pages\/1200\/revisions"}],"wp:attachment":[{"href":"https:\/\/tsv-auerbach.org\/fussball\/wp-json\/wp\/v2\/media?parent=1200"}],"curies":[{"name":"wp","href":"https:\/\/api.w.org\/{rel}","templated":true}]}}