{"id":1201,"date":"2014-01-21T11:02:08","date_gmt":"2014-01-21T10:02:08","guid":{"rendered":"http:\/\/www.tsv-auerbach-fussball.de\/?page_id=1201"},"modified":"2023-03-17T09:57:18","modified_gmt":"2023-03-17T08:57:18","slug":"sexuelle-gewalt","status":"publish","type":"page","link":"https:\/\/tsv-auerbach.org\/fussball\/sexuelle-gewalt\/","title":{"rendered":"Sexuelle Gewalt"},"content":{"rendered":"<p><span style=\"color: #0000ff\"><strong>Am Ende des Textes sind viele interessante Brosch\u00fcren eingestellt !!!!!!!!! Bitte nach unten scrollen.<\/strong><\/span><\/p>\n<p>Die TSV Auerbach setzt sich f\u00fcr das Wohl der Kinder im Verein ein. Durch verschiedene Ma\u00dfnahmen werden Trainer, Betreuer und die Eltern sensibilisiert, um einen m\u00f6glichen sexuellen Mi\u00dfbrauch zu erkennen und dann schnellstm\u00f6glich die erforderlichen Ma\u00dfnahmen einzuleiten. Beauftragter zu diesem Thema ist Bernd L\u00fctzkendorf, der dem \u201cArbeitskreis sexuelle Gewalt\u201d angeh\u00f6rt. Hier sitzen Jugendamt, Polizei, Psychologen und weitere Institutionen zusammen um sich zu diesem Thema zu beraten. Bernd L\u00fctzkendorf verf\u00fcgt somit \u00fcber ein weitgreifendes Netzwerk und kann im Bedarfsfalle professionelle Hilfe anfordern.<\/p>\n<p>Mit Hilfe einer Psychologin die auf das Thema spezialisiert ist, wurde der folgende Bericht erstellt. Bei Fragen wenden Sie sich bitte per Mail an: hilfe-bei-gewalt@tsv-auerbach.org oder Tel. 06251-983607<\/p>\n<p>&nbsp;<\/p>\n<p class=\"MsoNormal\"><span style=\"font-size: 20.0pt\">Sexueller Missbrauch von Kindern<\/span><\/p>\n<p class=\"MsoNormal\"><b><span style=\"font-size: 14.0pt\">Warum besch\u00e4ftigen wir uns damit?<\/span><\/b><\/p>\n<p class=\"MsoNormal\">Vor Jahren gab es einen Missbrauchsfall in unserem Verein. Die Verantwortlichen im Verein m\u00f6chten alles tun, was m\u00f6glich ist, dass sich das nicht wiederholt.<\/p>\n<p class=\"MsoNormal\">Deshalb haben wir hier f\u00fcr Sie Informationen gesammelt, die den \u00dcbungsleitern\/Trainern und den Eltern zur Verf\u00fcgung gestellt werden. Ziel ist es, alle im Verein f\u00fcr dieses Thema zu sensibilisieren und die Kinder vor m\u00f6glichen \u00dcbergriffen durch Erwachsene zu sch\u00fctzen, innerhalb und auch au\u00dferhalb unseres Vereins. Die Informationen sollen auch dem Schutz der \u00dcbungsleiter\/Trainer dienen.<\/p>\n<p class=\"MsoNormal\"><span style=\"color: black\">Ansprechpartner in unserem Verein f\u00fcr das Thema sexueller Missbrauch ist Bernd L\u00fctzkendorf, der im Arbeitskreis \u201eGegen sexuellen Missbrauch im Kreis Bergstra\u00dfe\u201c Mitglied ist und dar\u00fcber mit professionellen Beratern in Kontakt steht.<\/span> An ihn k\u00f6nnen Sie sich wenden, wenn Sie Fragen zu diesem Thema haben.<\/p>\n<p class=\"MsoNormal\"><b><span style=\"font-size: 14.0pt\">Wie erkenne ich einen sexuellen Missbrauch?<\/span><\/b><\/p>\n<p class=\"MsoNormal\">Grunds\u00e4tzlich ist es sehr schwer, einen sexuellen Missbrauch am Verhalten eines Kindes zu erkennen. Die Symptome sind sehr unspezifisch und vielf\u00e4ltig. Kinder zeigen auch aus anderen Gr\u00fcnden auff\u00e4lliges Verhalten, z. B. wenn sie misshandelt oder vernachl\u00e4ssigt werden. Auch f\u00fcr Fachleute ist es manchmal schwer zu erkennen, was die Ursachen f\u00fcr ein ungew\u00f6hnliches Verhalten sind. Wenn ein Kind aber \u00fcber sexuelle \u00dcbergriffe spricht, sollten wir ihm unsere Aufmerksamkeit schenken und den Mut haben, \u00fcber dieses Thema zu sprechen.<\/p>\n<p class=\"MsoNormal\"><b><span style=\"font-size: 14.0pt\">Was sollte man tun und was sollte man nicht tun?<\/span><\/b><\/p>\n<p class=\"MsoNormal\">Wenn Sie den Verdacht haben, dass ein Kind Opfer eines sexuellen Missbrauchs geworden ist, wenn sie sich Sorgen um ein Kind machen, das Ihnen wegen eines Verhaltens aufgefallen ist, oder wenn sich Ihnen ein Kind anvertraut hat, dann sollten Sie sich unverz\u00fcglich mit Bernd L\u00fctzkendorf (Beauftragter f\u00fcr Gewaltpr\u00e4vention bei der TSV Auerbach) in Verbindung setzen. Er hat Kontakte zu verschiedenen Beratungsstellen und wird sich mit Psychologen, die auf dieses Thema spezialisiert sind, beraten, wie man weiter vorgeht.<\/p>\n<p class=\"MsoNormal\">Wirkliche Hilfe muss in Ruhe gemeinsam mit Fachleuten gesucht werden.<\/p>\n<p class=\"MsoNormal\" style=\"margin-left: 17.0pt;text-indent: -17.0pt\"><span style=\"font-family: Symbol\">\u00b7 <\/span>Reagieren Sie besonnen, Panik und gro\u00dfe Best\u00fcrzung belasten das Kind noch mehr.<\/p>\n<p class=\"MsoNormal\" style=\"margin-left: 17.0pt;text-indent: -17.0pt\"><span style=\"font-family: Symbol\">\u00b7 <\/span>Signalisieren Sie dem Kind Aufmerksamkeit, Freundlichkeit und Respekt.<\/p>\n<p class=\"MsoNormal\" style=\"margin-left: 17.0pt;text-indent: -17.0pt\"><span style=\"font-family: Symbol\">\u00b7 <\/span>Nehmen Sie die \u00c4u\u00dferungen des Kindes ernst (einer Studie zufolge braucht ein Kind bis zu sieben Anl\u00e4ufe, um sich nach einem Missbrauch mitzuteilen bzw. bis die \u00c4u\u00dferungen des Kindes ernst genommen werden).<\/p>\n<p class=\"MsoNormal\"><b><span style=\"font-size: 14.0pt\">Auf was sollten die Trainer\/\u00dcbungsleiter achten?<\/span><\/b><\/p>\n<p class=\"MsoNormal\">K\u00f6rperlichen Kontakt zwischen Trainer und dem Kind (z.B. Hilfestellung beim Turnen) geh\u00f6rt zum Sport dazu. Dabei besteht allerdings auch die Gefahr, dass es zu grenzverletzendem Verhalten oder unangemessenen Ber\u00fchrungen kommt. Dies geschieht meistens nicht absichtlich, kann aber zu Irritationen auf beiden Seiten f\u00fchren. Daher ist es wichtig, den gemeinsamen Umgang beim Sport vorher miteinander zu besprechen, z. B. wie k\u00f6rperliche Hilfestellung aussieht, wer wann und wie in die Umkleidekabine der Kinder gehen darf usw.<\/p>\n<p class=\"MsoNormal\"><b><span style=\"font-size: 14.0pt\">Wie kann man die Kinder sch\u00fctzen?<\/span><\/b><\/p>\n<p class=\"MsoNormal\">Die folgenden Punkte betreffen vor allem die Eltern:<\/p>\n<p class=\"MsoNormal\" style=\"margin-left: 17.0pt;text-indent: -17.0pt\"><span style=\"font-family: Symbol\">\u00b7 <\/span>Kinder sollen im Alltag Respekt erfahren und Selbstvertrauen entwickeln (T\u00e4ter suchen sich vorwiegend unsichere und sch\u00fcchterne Kinder als Opfer aus).<\/p>\n<p class=\"MsoNormal\" style=\"margin-left: 17.0pt;text-indent: -17.0pt\"><span style=\"font-family: Symbol\">\u00b7 <\/span>Kinder m\u00fcssen lernen, auch gegen\u00fcber Erwachsenen \u201enein\u201c sagen zu d\u00fcrfen.<\/p>\n<p class=\"MsoNormal\" style=\"margin-left: 17.0pt;text-indent: -17.0pt\"><span style=\"font-family: Symbol\">\u00b7 <\/span>Schicken Sie Kinder nicht alleine, sondern in kleinen Gruppen zur Schule.<\/p>\n<p class=\"MsoNormal\" style=\"margin-left: 17.0pt;text-indent: -17.0pt\"><span style=\"font-family: Symbol\">\u00b7 <\/span>Gehen Sie mit dem Kind den Schulweg ab und zeigen Sie auf, wo sich das Kind ggf. Hilfe holen kann (z.B. in einem Gesch\u00e4ft).<\/p>\n<p class=\"MsoNormal\" style=\"margin-left: 17.0pt;text-indent: -17.0pt\"><span style=\"font-family: Symbol\">\u00b7 <\/span>\u00dcben Sie mit dem Kind, wie es sich in bedrohlichen Lagen verhalten soll. Bei Gefahr soll es andere Erwachsene ansprechen oder um Hilfe rufen.<\/p>\n<p class=\"MsoNormal\" style=\"margin-left: 17.0pt;text-indent: -17.0pt\"><span style=\"font-family: Symbol\">\u00b7 <\/span>Sprechen Sie regelm\u00e4\u00dfig, wenn m\u00f6glich t\u00e4glich mit dem Kind \u00fcber Erlebnisse und vermitteln Sie dem Kind, dass es Ihnen alles erz\u00e4hlen darf, was ihm komisch oder be\u00e4ngstigend vorgekommen ist.<\/p>\n<p class=\"MsoNormal\">F\u00fcr kleine Kinder zwischen 5 und 10 Jahren eignet sich das Buch \u201eMein K\u00f6rper geh\u00f6rt mir\u201c (Loewe Verlag ISBN 978-3-7855-4435-8). Hier wird den Kindern vermittelt, dass sie sich nicht von jedem anfassen lassen m\u00fcssen und auch mal nein sagen d\u00fcrfen.<\/p>\n<p class=\"MsoNormal\"><span style=\"color: #008000\">Bitte die nachfolgend genannten Brosch\u00fcren anklicken (pdf und Word Dateien)<\/span><\/p>\n<p class=\"MsoNormal\"><a href=\"\/fussball\/wp-content\/uploads\/sites\/10\/2014\/01\/Trau_dich_Brosch\u00fcre_Eltern.pdf\" target=\"_blank\" rel=\"noopener\">Trau_dich_Brosch\u00fcre_Eltern<\/a><\/p>\n<p class=\"MsoNormal\"><a href=\"\/fussball\/wp-content\/uploads\/sites\/10\/2014\/01\/Trau_Dich_Brosch\u00fcre_f\u00fcr_Jungen.pdf\" target=\"_blank\" rel=\"noopener\">Trau_Dich_Brosch\u00fcre_f\u00fcr_Jungen<\/a><\/p>\n<p class=\"MsoNormal\"><a href=\"\/fussball\/wp-content\/uploads\/sites\/10\/2014\/01\/Trau_dich_Brosch\u00fcre_f\u00fcr_M\u00e4dchen.pdf\" target=\"_blank\" rel=\"noopener\">Trau_dich_Brosch\u00fcre_f\u00fcr_M\u00e4dchen<\/a><\/p>\n<p><a href=\"\/fussball\/wp-content\/uploads\/sites\/10\/2023\/03\/Broschuere_was-muss-geschehen-dass-nichts-geschieht.pdf\">Broschuere_was muss geschehen, dass nichts geschieht<\/a><\/p>\n<p><a href=\"\/fussball\/wp-content\/uploads\/sites\/10\/2023\/03\/Einfuehrungsflyer_wie-gehen-wir-an-was-alle-angeht.pdf\">Einfuehrungsflyer_wie gehen wir an was alle angeht<\/a><\/p>\n<p><a href=\"\/fussball\/wp-content\/uploads\/sites\/10\/2023\/03\/Kindesmisshandlungen_DKV_Berliner-Charite_Plakat.pdf\">Kindesmisshandlungen_DKV_Berliner-Charite_Plakat<\/a><\/p>\n<p><a href=\"\/fussball\/wp-content\/uploads\/sites\/10\/2023\/03\/Schnelle-Hilfen-nach-Vergewaltigung_Flyer.pdf\">Schnelle Hilfen nach Vergewaltigung_Flyer<\/a><\/p>\n<p class=\"MsoNormal\"><a href=\"\/fussball\/wp-content\/uploads\/sites\/10\/2014\/01\/Verh\u00fctung_Tipps.pdf\" target=\"_blank\" rel=\"noopener\">Verh\u00fctung_Tip<\/a><\/p>\n<p class=\"MsoNormal\"><a href=\"\/fussball\/wp-content\/uploads\/sites\/10\/2014\/01\/Mit-mir-nicht_M\u00e4dchen_Jungen.pdf\" target=\"_blank\" rel=\"noopener\">Mit mir nicht_M\u00e4dchen-Jungen<\/a><\/p>\n<p class=\"MsoNormal\"><a href=\"\/fussball\/wp-content\/uploads\/sites\/10\/2014\/01\/Polizeiberatung_Missbrauch_verhindern_Brosch\u00fcre.pdf\" target=\"_blank\" rel=\"noopener\">Polizeiberatung_Missbrauch_verhindern_Brosch\u00fcre<\/a><\/p>\n<p class=\"MsoNormal\"><a href=\"\/fussball\/wp-content\/uploads\/sites\/10\/2014\/01\/Sexueller-Missbrauch-was-tun-Blatt.pdf\" target=\"_blank\" rel=\"noopener\">Sexueller Missbrauch was tun-Blatt<\/a><\/p>\n<p>&nbsp;<\/p>\n","protected":false},"excerpt":{"rendered":"<p>Am Ende des Textes sind viele interessante Brosch\u00fcren eingestellt !!!!!!!!! Bitte nach unten scrollen. Die TSV Auerbach setzt sich f\u00fcr das Wohl der Kinder im Verein ein. Durch verschiedene Ma\u00dfnahmen werden Trainer, Betreuer und die Eltern sensibilisiert, um einen m\u00f6glichen sexuellen Mi\u00dfbrauch zu erkennen und dann schnellstm\u00f6glich die erforderlichen Ma\u00dfnahmen einzuleiten. Beauftragter zu diesem Thema &hellip; <\/p>\n<p><a class=\"more-link btn\" href=\"https:\/\/tsv-auerbach.org\/fussball\/sexuelle-gewalt\/\">Weiterlesen<\/a><\/p>\n","protected":false},"author":9,"featured_media":0,"parent":0,"menu_order":0,"comment_status":"open","ping_status":"open","template":"","meta":{"footnotes":""},"class_list":["post-1201","page","type-page","status-publish","hentry","nodate","item-wrap"],"_links":{"self":[{"href":"https:\/\/tsv-auerbach.org\/fussball\/wp-json\/wp\/v2\/pages\/1201","targetHints":{"allow":["GET"]}}],"collection":[{"href":"https:\/\/tsv-auerbach.org\/fussball\/wp-json\/wp\/v2\/pages"}],"about":[{"href":"https:\/\/tsv-auerbach.org\/fussball\/wp-json\/wp\/v2\/types\/page"}],"author":[{"embeddable":true,"href":"https:\/\/tsv-auerbach.org\/fussball\/wp-json\/wp\/v2\/users\/9"}],"replies":[{"embeddable":true,"href":"https:\/\/tsv-auerbach.org\/fussball\/wp-json\/wp\/v2\/comments?post=1201"}],"version-history":[{"count":7,"href":"https:\/\/tsv-auerbach.org\/fussball\/wp-json\/wp\/v2\/pages\/1201\/revisions"}],"predecessor-version":[{"id":4069,"href":"https:\/\/tsv-auerbach.org\/fussball\/wp-json\/wp\/v2\/pages\/1201\/revisions\/4069"}],"wp:attachment":[{"href":"https:\/\/tsv-auerbach.org\/fussball\/wp-json\/wp\/v2\/media?parent=1201"}],"curies":[{"name":"wp","href":"https:\/\/api.w.org\/{rel}","templated":true}]}}