{"id":1204,"date":"2014-01-21T11:03:29","date_gmt":"2014-01-21T10:03:29","guid":{"rendered":"http:\/\/www.tsv-auerbach-fussball.de\/?page_id=1204"},"modified":"2023-03-17T09:32:44","modified_gmt":"2023-03-17T08:32:44","slug":"alkoholdrogen","status":"publish","type":"page","link":"https:\/\/tsv-auerbach.org\/fussball\/alkoholdrogen\/","title":{"rendered":"Alkohol\/Suchtgefahren"},"content":{"rendered":"<p><span style=\"color: #0000ff\">Grunds\u00e4tzlich sind unsere Trainerinnen und Trainer angehalten keinen Alkohol-oder Zigarettenkonsum bei Kindern und Jugendlichen zu dulden. Die Kontrolle ist aber schwierig. Die beigef\u00fcgten Dateien sollen eine Unterst\u00fctzung bieten, damit der Konsum nicht ausufert.<\/span><\/p>\n<p><span style=\"color: #008000\">Bitte die nachfolgend genannten Brosch\u00fcren anklicken (pdf und Word Dateien)<\/span><\/p>\n<p><a href=\"\/fussball\/wp-content\/uploads\/sites\/10\/2023\/03\/Alkohol_im_Sportverein.pdf\">Alkohol_im_Sportverein<\/a><\/p>\n<p><a href=\"\/fussball\/wp-content\/uploads\/sites\/10\/2023\/03\/Alkoholmissbrauch_Komasaufen.pdf\">Alkoholmissbrauch_Komasaufen<\/a><\/p>\n<p>&nbsp;<\/p>\n","protected":false},"excerpt":{"rendered":"<p>Grunds\u00e4tzlich sind unsere Trainerinnen und Trainer angehalten keinen Alkohol-oder Zigarettenkonsum bei Kindern und Jugendlichen zu dulden. Die Kontrolle ist aber schwierig. Die beigef\u00fcgten Dateien sollen eine Unterst\u00fctzung bieten, damit der Konsum nicht ausufert. Bitte die nachfolgend genannten Brosch\u00fcren anklicken (pdf und Word Dateien) Alkohol_im_Sportverein Alkoholmissbrauch_Komasaufen &nbsp;<\/p>\n","protected":false},"author":9,"featured_media":0,"parent":0,"menu_order":0,"comment_status":"open","ping_status":"open","template":"","meta":{"footnotes":""},"class_list":["post-1204","page","type-page","status-publish","hentry","nodate","item-wrap"],"_links":{"self":[{"href":"https:\/\/tsv-auerbach.org\/fussball\/wp-json\/wp\/v2\/pages\/1204","targetHints":{"allow":["GET"]}}],"collection":[{"href":"https:\/\/tsv-auerbach.org\/fussball\/wp-json\/wp\/v2\/pages"}],"about":[{"href":"https:\/\/tsv-auerbach.org\/fussball\/wp-json\/wp\/v2\/types\/page"}],"author":[{"embeddable":true,"href":"https:\/\/tsv-auerbach.org\/fussball\/wp-json\/wp\/v2\/users\/9"}],"replies":[{"embeddable":true,"href":"https:\/\/tsv-auerbach.org\/fussball\/wp-json\/wp\/v2\/comments?post=1204"}],"version-history":[{"count":1,"href":"https:\/\/tsv-auerbach.org\/fussball\/wp-json\/wp\/v2\/pages\/1204\/revisions"}],"predecessor-version":[{"id":4058,"href":"https:\/\/tsv-auerbach.org\/fussball\/wp-json\/wp\/v2\/pages\/1204\/revisions\/4058"}],"wp:attachment":[{"href":"https:\/\/tsv-auerbach.org\/fussball\/wp-json\/wp\/v2\/media?parent=1204"}],"curies":[{"name":"wp","href":"https:\/\/api.w.org\/{rel}","templated":true}]}}