{"id":185,"date":"2013-02-10T11:31:15","date_gmt":"2013-02-10T10:31:15","guid":{"rendered":"http:\/\/www.tsv-auerbach-fussball.de\/?page_id=185"},"modified":"2024-11-18T08:59:49","modified_gmt":"2024-11-18T07:59:49","slug":"forderverein","status":"publish","type":"page","link":"https:\/\/tsv-auerbach.org\/fussball\/forderverein\/","title":{"rendered":"F\u00f6rderverein"},"content":{"rendered":"<p><strong>V.F.F. \u2013 Verein zur F\u00f6rderung des Fu\u00dfballsportes<\/strong><br \/>\nin der TSV Rot-Weiss Auerbach 1881 e.V.<br \/>\nDarmst\u00e4dter Stra\u00dfe 5<br \/>\n64625 Bensheim<\/p>\n<p>&nbsp;<\/p>\n<p>Der Verein bem\u00fcht sich um Sponsoren und F\u00f6rderer um die Fu\u00dfballabteilung finanziell zu unterst\u00fctzen.<\/p>\n<p><strong>\u00a0<\/strong><\/p>\n<p>1.Vorsitzender<\/p>\n<p>Horst Dreher<\/p>\n<p>Horst.Dreher@dreher-bau.de<\/p>\n<p><strong>\u00a0<\/strong><\/p>\n<p>Rechner<\/p>\n<p>Christian Debus<\/p>\n<p>christiandebus81@web.de<\/p>\n<p>&nbsp;<\/p>\n<p>Bankverbindung<\/p>\n<p>IBAN: DE38 5519 0000 0517 9700 18<br \/>\nBIC: MVBMDE55<br \/>\nVolksbank Darmstadt Mainz<\/p>\n<p>&nbsp;<\/p>\n<p>&nbsp;<\/p>\n","protected":false},"excerpt":{"rendered":"<p>V.F.F. \u2013 Verein zur F\u00f6rderung des Fu\u00dfballsportes in der TSV Rot-Weiss Auerbach 1881 e.V. Darmst\u00e4dter Stra\u00dfe 5 64625 Bensheim &nbsp; Der Verein bem\u00fcht sich um Sponsoren und F\u00f6rderer um die Fu\u00dfballabteilung finanziell zu unterst\u00fctzen. \u00a0 1.Vorsitzender Horst Dreher Horst.Dreher@dreher-bau.de \u00a0 Rechner Christian Debus christiandebus81@web.de &nbsp; Bankverbindung IBAN: DE38 5519 0000 0517 9700 18 BIC: MVBMDE55 &hellip; <\/p>\n<p><a class=\"more-link btn\" href=\"https:\/\/tsv-auerbach.org\/fussball\/forderverein\/\">Weiterlesen<\/a><\/p>\n","protected":false},"author":9,"featured_media":0,"parent":0,"menu_order":0,"comment_status":"open","ping_status":"open","template":"","meta":{"footnotes":""},"class_list":["post-185","page","type-page","status-publish","hentry","nodate","item-wrap"],"_links":{"self":[{"href":"https:\/\/tsv-auerbach.org\/fussball\/wp-json\/wp\/v2\/pages\/185","targetHints":{"allow":["GET"]}}],"collection":[{"href":"https:\/\/tsv-auerbach.org\/fussball\/wp-json\/wp\/v2\/pages"}],"about":[{"href":"https:\/\/tsv-auerbach.org\/fussball\/wp-json\/wp\/v2\/types\/page"}],"author":[{"embeddable":true,"href":"https:\/\/tsv-auerbach.org\/fussball\/wp-json\/wp\/v2\/users\/9"}],"replies":[{"embeddable":true,"href":"https:\/\/tsv-auerbach.org\/fussball\/wp-json\/wp\/v2\/comments?post=185"}],"version-history":[{"count":7,"href":"https:\/\/tsv-auerbach.org\/fussball\/wp-json\/wp\/v2\/pages\/185\/revisions"}],"predecessor-version":[{"id":4238,"href":"https:\/\/tsv-auerbach.org\/fussball\/wp-json\/wp\/v2\/pages\/185\/revisions\/4238"}],"wp:attachment":[{"href":"https:\/\/tsv-auerbach.org\/fussball\/wp-json\/wp\/v2\/media?parent=185"}],"curies":[{"name":"wp","href":"https:\/\/api.w.org\/{rel}","templated":true}]}}