{"id":21,"date":"2013-02-08T10:13:16","date_gmt":"2013-02-08T09:13:16","guid":{"rendered":"http:\/\/www.tsv-auerbach-fussball.de\/?page_id=21"},"modified":"2019-06-23T22:57:02","modified_gmt":"2019-06-23T20:57:02","slug":"kontakt","status":"publish","type":"page","link":"https:\/\/tsv-auerbach.org\/fussball\/kontakt\/","title":{"rendered":"Kontakt"},"content":{"rendered":"<p>Vereinsheim und Sportst\u00e4tten<\/p>\n<p>Weiherhausstadion Bensheim Saarstr. 56, 64625 Besnheim<\/p>\n<h4>Gesch\u00e4ftsstelle:<br \/>\nGGEW Sportzentrum der TSV Rot-Wei\u00df Auerbach<br \/>\nSaarstrasse 56<br \/>\n64625 Bensheim<\/h4>\n<p>Telefon: 06251 74 646 und 935 550<\/p>\n<p>Fax: 06251 935 551<\/p>\n<p>email: geschaeftsstelle &lt;at&gt; tsv-auerbach.org<\/p>\n<p><strong>Gesch\u00e4ftszeiten:<\/strong> Dienstag und Donnerstag 10:00 Uhr-11:00 Uhr und 17:30 Uhr \u2013 19:00 Uhr<\/p>\n<p><iframe loading=\"lazy\" src=\"https:\/\/www.google.com\/maps\/embed?pb=!1m21!1m12!1m3!1d871.1998885938679!2d8.61096182927178!3d49.69507556621186!2m3!1f0!2f0!3f0!3m2!1i1024!2i768!4f13.1!4m6!3e6!4m0!4m3!3m2!1d49.694927199999995!2d8.611204299999999!5e1!3m2!1sde!2sus!4v1561323398687!5m2!1sde!2sus\" width=\"600\" height=\"450\" frameborder=\"0\" style=\"border:0\" allowfullscreen><\/iframe><\/p>\n","protected":false},"excerpt":{"rendered":"<p>Vereinsheim und Sportst\u00e4tten Weiherhausstadion Bensheim Saarstr. 56, 64625 Besnheim Gesch\u00e4ftsstelle: GGEW Sportzentrum der TSV Rot-Wei\u00df Auerbach Saarstrasse 56 64625 Bensheim Telefon: 06251 74 646 und 935 550 Fax: 06251 935 551 email: geschaeftsstelle &lt;at&gt; tsv-auerbach.org Gesch\u00e4ftszeiten: Dienstag und Donnerstag 10:00 Uhr-11:00 Uhr und 17:30 Uhr \u2013 19:00 Uhr<\/p>\n","protected":false},"author":9,"featured_media":0,"parent":0,"menu_order":0,"comment_status":"closed","ping_status":"closed","template":"","meta":{"footnotes":""},"class_list":["post-21","page","type-page","status-publish","hentry","nodate","item-wrap"],"_links":{"self":[{"href":"https:\/\/tsv-auerbach.org\/fussball\/wp-json\/wp\/v2\/pages\/21","targetHints":{"allow":["GET"]}}],"collection":[{"href":"https:\/\/tsv-auerbach.org\/fussball\/wp-json\/wp\/v2\/pages"}],"about":[{"href":"https:\/\/tsv-auerbach.org\/fussball\/wp-json\/wp\/v2\/types\/page"}],"author":[{"embeddable":true,"href":"https:\/\/tsv-auerbach.org\/fussball\/wp-json\/wp\/v2\/users\/9"}],"replies":[{"embeddable":true,"href":"https:\/\/tsv-auerbach.org\/fussball\/wp-json\/wp\/v2\/comments?post=21"}],"version-history":[{"count":1,"href":"https:\/\/tsv-auerbach.org\/fussball\/wp-json\/wp\/v2\/pages\/21\/revisions"}],"predecessor-version":[{"id":3439,"href":"https:\/\/tsv-auerbach.org\/fussball\/wp-json\/wp\/v2\/pages\/21\/revisions\/3439"}],"wp:attachment":[{"href":"https:\/\/tsv-auerbach.org\/fussball\/wp-json\/wp\/v2\/media?parent=21"}],"curies":[{"name":"wp","href":"https:\/\/api.w.org\/{rel}","templated":true}]}}