{"id":22,"date":"2013-02-08T10:13:24","date_gmt":"2013-02-08T09:13:24","guid":{"rendered":"http:\/\/www.tsv-auerbach-fussball.de\/?page_id=22"},"modified":"2025-08-21T18:48:16","modified_gmt":"2025-08-21T16:48:16","slug":"vorstand","status":"publish","type":"page","link":"https:\/\/tsv-auerbach.org\/fussball\/vorstand\/","title":{"rendered":"Vorstand"},"content":{"rendered":"<p><span style=\"text-decoration: underline\">Abteilungsleiter\u00a0 <\/span><\/p>\n<p>Bernd L\u00fctzkendorf\u00a0\u00a0 0172-6910066\u00a0 \u00a0\u00a0\u00a0\u00a0\u00a0\u00a0\u00a0\u00a0\u00a0\u00a006251-983607\u00a0\u00a0\u00a0\u00a0 <a href=\"mailto:bernd.luetzkendorf@zuerich.de\">berndluetzkendorf(at)gmx.de<\/a><\/p>\n<p><span style=\"text-decoration: underline\">Stellvertreter<\/span><\/p>\n<p>Stefan Schmitt\u00a0 0179-2030656<\/p>\n<p><span style=\"text-decoration: underline\">Jugendleiter\u00a0<\/span><\/p>\n<p>Thomas Herrmann 0160-7988654\u00a0\u00a0\u00a0 tobox(at)gmx.de<\/p>\n<p><span style=\"text-decoration: underline\">Stellvertretender Jugendleiter<\/span><\/p>\n<p>Michael Brunner\u00a0\u00a0\u00a0 \u00a0\u00a00174-9117147\u00a0\u00a0\u00a0\u00a0 \u00a0\u00a0\u00a0\u00a0\u00a0\u00a0\u00a006251-580152\u00a0\u00a0\u00a0 \u00a0<a href=\"mailto:michael.brunner@merckgroup.com\"> irmbrunner(at)yahoo.de<br \/>\n<\/a><\/p>\n<p><span style=\"text-decoration: underline\">Rechner<\/span><\/p>\n<p>Steffen Reisacher\u00a0\u00a0 0176-43526075\u00a0\u00a0 steffen.reisacher(at)outlook.de<\/p>\n<p><strong>Angelegenheiten Senioren:<\/strong><\/p>\n<p>Christian Bender 0179-4774151 und Aiad Al-Jumaili\u00a0\u00a0 0171-1942436<\/p>\n<p>&nbsp;<\/p>\n<p>Bankverbindung Gesamtverein:\u00a0 DE85 5519 0000 0055 6430 19 Volksbank Darmstadt Mainz<\/p>\n<p>Bankverbindung Fu\u00dfballabteilung:\u00a0 DE24 5519 0000 0055 6430 50 Volksbank Darmstadt Mainz<\/p>\n<p><img loading=\"lazy\" decoding=\"async\" class=\"alignnone wp-image-4025\" src=\"\/fussball\/wp-content\/uploads\/sites\/10\/2023\/03\/2023-JMV-neuer-Vorstand-300x183.jpg\" alt=\"\" width=\"440\" height=\"269\" srcset=\"https:\/\/tsv-auerbach.org\/fussball\/wp-content\/uploads\/sites\/10\/2023\/03\/2023-JMV-neuer-Vorstand-300x183.jpg 300w, https:\/\/tsv-auerbach.org\/fussball\/wp-content\/uploads\/sites\/10\/2023\/03\/2023-JMV-neuer-Vorstand-1024x624.jpg 1024w, https:\/\/tsv-auerbach.org\/fussball\/wp-content\/uploads\/sites\/10\/2023\/03\/2023-JMV-neuer-Vorstand-768x468.jpg 768w, https:\/\/tsv-auerbach.org\/fussball\/wp-content\/uploads\/sites\/10\/2023\/03\/2023-JMV-neuer-Vorstand-1536x937.jpg 1536w, https:\/\/tsv-auerbach.org\/fussball\/wp-content\/uploads\/sites\/10\/2023\/03\/2023-JMV-neuer-Vorstand-2048x1249.jpg 2048w, https:\/\/tsv-auerbach.org\/fussball\/wp-content\/uploads\/sites\/10\/2023\/03\/2023-JMV-neuer-Vorstand-922x562.jpg 922w\" sizes=\"auto, (max-width: 440px) 100vw, 440px\" \/><\/p>\n<p>Hinten von links (Horst Dreher-F\u00f6rderverein), Thomas Herrmann (stellv. Jugendleiter), Steffen Reisacher (Rechner), Michael Brunner (Jugendwart), Erol Turan (Kassenpr\u00fcfer)<\/p>\n<p>Vorne von links: Stefan Schmitt (stellv. Abteilungsleiter), Ronald Hauptmann (Soma), \u00a0Bernd L\u00fctzkendorf (Abteilungsleiter), J\u00fcrgen M\u00fcller (Rechner).<\/p>\n<p>Es fehlt Markus Vrba (stellv. Jugendleiter)<\/p>\n<p>&nbsp;<\/p>\n<p>&nbsp;<\/p>\n","protected":false},"excerpt":{"rendered":"<p>Abteilungsleiter\u00a0 Bernd L\u00fctzkendorf\u00a0\u00a0 0172-6910066\u00a0 \u00a0\u00a0\u00a0\u00a0\u00a0\u00a0\u00a0\u00a0\u00a0\u00a006251-983607\u00a0\u00a0\u00a0\u00a0 berndluetzkendorf(at)gmx.de Stellvertreter Stefan Schmitt\u00a0 0179-2030656 Jugendleiter\u00a0 Thomas Herrmann 0160-7988654\u00a0\u00a0\u00a0 tobox(at)gmx.de Stellvertretender Jugendleiter Michael Brunner\u00a0\u00a0\u00a0 \u00a0\u00a00174-9117147\u00a0\u00a0\u00a0\u00a0 \u00a0\u00a0\u00a0\u00a0\u00a0\u00a0\u00a006251-580152\u00a0\u00a0\u00a0 \u00a0 irmbrunner(at)yahoo.de Rechner Steffen Reisacher\u00a0\u00a0 0176-43526075\u00a0\u00a0 steffen.reisacher(at)outlook.de Angelegenheiten Senioren: Christian Bender 0179-4774151 und Aiad Al-Jumaili\u00a0\u00a0 0171-1942436 &nbsp; Bankverbindung Gesamtverein:\u00a0 DE85 5519 0000 0055 6430 19 Volksbank Darmstadt Mainz Bankverbindung Fu\u00dfballabteilung:\u00a0 DE24 5519 0000 0055 &hellip; <\/p>\n<p><a class=\"more-link btn\" href=\"https:\/\/tsv-auerbach.org\/fussball\/vorstand\/\">Weiterlesen<\/a><\/p>\n","protected":false},"author":9,"featured_media":0,"parent":0,"menu_order":0,"comment_status":"closed","ping_status":"closed","template":"","meta":{"footnotes":""},"class_list":["post-22","page","type-page","status-publish","hentry","nodate","item-wrap"],"_links":{"self":[{"href":"https:\/\/tsv-auerbach.org\/fussball\/wp-json\/wp\/v2\/pages\/22","targetHints":{"allow":["GET"]}}],"collection":[{"href":"https:\/\/tsv-auerbach.org\/fussball\/wp-json\/wp\/v2\/pages"}],"about":[{"href":"https:\/\/tsv-auerbach.org\/fussball\/wp-json\/wp\/v2\/types\/page"}],"author":[{"embeddable":true,"href":"https:\/\/tsv-auerbach.org\/fussball\/wp-json\/wp\/v2\/users\/9"}],"replies":[{"embeddable":true,"href":"https:\/\/tsv-auerbach.org\/fussball\/wp-json\/wp\/v2\/comments?post=22"}],"version-history":[{"count":9,"href":"https:\/\/tsv-auerbach.org\/fussball\/wp-json\/wp\/v2\/pages\/22\/revisions"}],"predecessor-version":[{"id":4284,"href":"https:\/\/tsv-auerbach.org\/fussball\/wp-json\/wp\/v2\/pages\/22\/revisions\/4284"}],"wp:attachment":[{"href":"https:\/\/tsv-auerbach.org\/fussball\/wp-json\/wp\/v2\/media?parent=22"}],"curies":[{"name":"wp","href":"https:\/\/api.w.org\/{rel}","templated":true}]}}