{"id":25,"date":"2013-02-08T10:13:47","date_gmt":"2013-02-08T09:13:47","guid":{"rendered":"http:\/\/www.tsv-auerbach-fussball.de\/?page_id=25"},"modified":"2019-09-24T19:21:53","modified_gmt":"2019-09-24T17:21:53","slug":"formulare","status":"publish","type":"page","link":"https:\/\/tsv-auerbach.org\/fussball\/formulare\/","title":{"rendered":"Formulare"},"content":{"rendered":"<p><a href=\"https:\/\/tsv-auerbach.org\/fussball\/wp-content\/uploads\/sites\/10\/2018\/08\/Eintrittserkl\u00e4rung-und-Einwilligungserkl\u00e4rung-01.07.2018_TSV-.pdf\" target=\"_blank\" rel=\"noopener noreferrer\">Eintrittserkl\u00e4rung mit Datenschutzerkl\u00e4rung 01.07.2018_TSV<\/a><\/p>\n<p><a href=\"https:\/\/tsv-auerbach.org\/fussball\/wp-content\/uploads\/sites\/10\/2018\/09\/Datenschutzblatt-f\u00fcr-Spieler-TSV_JFV-Spieler.pdf\" target=\"_blank\" rel=\"noopener noreferrer\">Datenschutzblatt f\u00fcr Spieler TSV_JFV Spieler<\/a><\/p>\n<p><a href=\"https:\/\/tsv-auerbach.org\/fussball\/wp-content\/uploads\/sites\/10\/2018\/08\/Datenschutzblatt-zur-Eintrittserkl\u00e4rungTSV_JFV-Trainer_Funktion\u00e4re.pdf\" target=\"_blank\" rel=\"noopener noreferrer\">Datenschutzblatt zur Eintrittserkl\u00e4rungTSV_JFV Trainer_Funktion\u00e4re<\/a><\/p>\n<p><a href=\"https:\/\/tsv-auerbach.org\/fussball\/wp-content\/uploads\/sites\/10\/2018\/08\/Trainererkl\u00e4rung_Datenver\u00f6ffentlichung.pdf\" target=\"_blank\" rel=\"noopener noreferrer\">Trainererkl\u00e4rung_Datenver\u00f6ffentlichung<\/a><\/p>\n<p><a href=\"https:\/\/tsv-auerbach.org\/fussball\/wp-content\/uploads\/sites\/10\/2019\/09\/Ehrenkodex_TSV_neu_7_2018.pdf\">Ehrenkodex_TSV_neu_7_2018<\/a><\/p>\n<p><a href=\"http:\/\/www.tsv-auerbach-fussball.de\/wordpress\/wp-content\/uploads\/2015\/11\/Abteilungswechsel_zu_FB.xls\" target=\"_blank\" rel=\"noopener noreferrer\">Abteilungswechsel_zu_FB<\/a><\/p>\n","protected":false},"excerpt":{"rendered":"<p>Eintrittserkl\u00e4rung mit Datenschutzerkl\u00e4rung 01.07.2018_TSV Datenschutzblatt f\u00fcr Spieler TSV_JFV Spieler Datenschutzblatt zur Eintrittserkl\u00e4rungTSV_JFV Trainer_Funktion\u00e4re Trainererkl\u00e4rung_Datenver\u00f6ffentlichung Ehrenkodex_TSV_neu_7_2018 Abteilungswechsel_zu_FB<\/p>\n","protected":false},"author":9,"featured_media":0,"parent":0,"menu_order":0,"comment_status":"closed","ping_status":"closed","template":"","meta":{"footnotes":""},"class_list":["post-25","page","type-page","status-publish","hentry","nodate","item-wrap"],"_links":{"self":[{"href":"https:\/\/tsv-auerbach.org\/fussball\/wp-json\/wp\/v2\/pages\/25","targetHints":{"allow":["GET"]}}],"collection":[{"href":"https:\/\/tsv-auerbach.org\/fussball\/wp-json\/wp\/v2\/pages"}],"about":[{"href":"https:\/\/tsv-auerbach.org\/fussball\/wp-json\/wp\/v2\/types\/page"}],"author":[{"embeddable":true,"href":"https:\/\/tsv-auerbach.org\/fussball\/wp-json\/wp\/v2\/users\/9"}],"replies":[{"embeddable":true,"href":"https:\/\/tsv-auerbach.org\/fussball\/wp-json\/wp\/v2\/comments?post=25"}],"version-history":[{"count":3,"href":"https:\/\/tsv-auerbach.org\/fussball\/wp-json\/wp\/v2\/pages\/25\/revisions"}],"predecessor-version":[{"id":3544,"href":"https:\/\/tsv-auerbach.org\/fussball\/wp-json\/wp\/v2\/pages\/25\/revisions\/3544"}],"wp:attachment":[{"href":"https:\/\/tsv-auerbach.org\/fussball\/wp-json\/wp\/v2\/media?parent=25"}],"curies":[{"name":"wp","href":"https:\/\/api.w.org\/{rel}","templated":true}]}}