{"id":433,"date":"2013-03-06T23:05:31","date_gmt":"2013-03-06T22:05:31","guid":{"rendered":"http:\/\/www.tsv-auerbach-fussball.de\/?page_id=433"},"modified":"2019-08-20T00:05:50","modified_gmt":"2019-08-19T22:05:50","slug":"vereinsgeschichte","status":"publish","type":"page","link":"https:\/\/tsv-auerbach.org\/fussball\/vereinsgeschichte\/","title":{"rendered":"Vereinsgeschichte"},"content":{"rendered":"<p><span style=\"font-family: arial, helvetica, sans-serif; font-size: 12pt;\">Die Turn- und Sportvereinigung Rot-Wei\u00df Auerbach 1881 e.V.<\/span><br \/>\n<span style=\"font-size: 12pt;\">\u2026<span style=\"font-family: arial, helvetica, sans-serif;\">ist ein traditionsreicher Verein in Bensheims gr\u00f6\u00dftem Stadtteil Auerbach im<\/span><\/span><br \/>\n<span style=\"font-family: arial, helvetica, sans-serif; font-size: 12pt;\">Kreis und Sportkreis Bergstra\u00dfe.<\/span><br \/>\n<span style=\"font-size: 12pt;\">\u2026<span style=\"font-family: arial, helvetica, sans-serif;\">wurde am 9.9.1881 als Turnverein \u201eGut Heil\u201c Auerbach gegr\u00fcndet. Nach dem<\/span><\/span><br \/>\n<span style=\"font-family: arial, helvetica, sans-serif; font-size: 12pt;\">2. Weltkrieg trennte sich 1947 die Fu\u00dfballabteilung von dem Nachfolgeverein<\/span><br \/>\n<span style=\"font-family: arial, helvetica, sans-serif; font-size: 12pt;\">TSG 1881 Auerbach und gr\u00fcndete den FC 1947 Auerbach.<\/span><br \/>\n<span style=\"font-family: arial, helvetica, sans-serif; font-size: 12pt;\">1965 schlossen sich aber beide Vereine wieder zur heutigen \u201eTurn- und<\/span><br \/>\n<span style=\"font-family: arial, helvetica, sans-serif; font-size: 12pt;\">Sportvereinigung Rot-Wei\u00df Auerbach e.V.\u201c zusammen.<\/span><br \/>\n<span style=\"font-size: 12pt;\">\u2026<span style=\"font-family: arial, helvetica, sans-serif;\">vollendete 1988 den dreij\u00e4hrigen Bau eines eigenen Vereinsheimes mit<\/span><\/span><br \/>\n<span style=\"font-family: arial, helvetica, sans-serif; font-size: 12pt;\">Turnhalle, Jugendraum, Gesch\u00e4ftsstelle und Gastst\u00e4tte im Bereich des<\/span><br \/>\n<span style=\"font-family: arial, helvetica, sans-serif; font-size: 12pt;\">st\u00e4dtischen Weiherhausstadions Bensheim an der Ecke Berliner Ring\/<\/span><br \/>\n<span style=\"font-family: arial, helvetica, sans-serif; font-size: 12pt;\">Saarstra\u00dfe.<\/span><br \/>\n<span style=\"font-size: 12pt;\">\u2026<span style=\"font-family: arial, helvetica, sans-serif;\">beging 2006 das 125-j\u00e4hrige Vereinsbestehen. Als Dokument erschien eine<\/span><\/span><br \/>\n<span style=\"font-family: arial, helvetica, sans-serif; font-size: 12pt;\">125 Seiten starke, modern gestaltete und umfangreich bebilderte Festschrift, die<\/span><br \/>\n<span style=\"font-family: arial, helvetica, sans-serif; font-size: 12pt;\">neben \u201eSchlagzeilen der Vereinsgeschichte\u201c Auskunft \u00fcber das Leben der<\/span><br \/>\n<span style=\"font-family: arial, helvetica, sans-serif; font-size: 12pt;\">Abteilungen in den letzten 25 Jahren gibt.<\/span><br \/>\n<span style=\"font-size: 12pt;\">\u2026<span style=\"font-family: arial, helvetica, sans-serif;\">feierte am 9. 9. 2006 nicht nur das Vereinsjubil\u00e4um, sondern f\u00fchrt in<\/span><\/span><br \/>\n<span style=\"font-family: arial, helvetica, sans-serif; font-size: 12pt;\">Anwesenheit zahlreicher Prominenz aus Politik und Sport den 1. Spatenstich f\u00fcr<\/span><br \/>\n<span style=\"font-family: arial, helvetica, sans-serif; font-size: 12pt;\">eine gro\u00dfe Sporthalle mit den Ausma\u00dfen 24 x 42 m durch. Die feierliche<\/span><br \/>\n<span style=\"font-family: arial, helvetica, sans-serif; font-size: 12pt;\">Einweihung der Halle erfolgte exakt ein Jahr sp\u00e4ter am 9. 9. 2007.<\/span><br \/>\n<span style=\"font-size: 12pt;\">\u2026 <span style=\"font-family: arial, helvetica, sans-serif;\">begann nach Eingang der Baugenehmigung Ende M\u00e4rz 2007 und des<\/span><\/span><br \/>\n<span style=\"font-family: arial, helvetica, sans-serif; font-size: 12pt;\">Bewilligungsbescheides f\u00fcr eine Landesf\u00f6rderung am 9. September 2007 mit<\/span><br \/>\n<span style=\"font-family: arial, helvetica, sans-serif; font-size: 12pt;\">dem 1. Spatenstich f\u00fcr die Errichtung eines \u201eFu\u00dfballjugendzentrums\u201c. Die<\/span><br \/>\n<span style=\"font-family: arial, helvetica, sans-serif; font-size: 12pt;\">feierliche Einweihung fand traditionell am 9. 9. 2008 statt.<\/span><br \/>\n<span style=\"font-size: 12pt;\">\u2026 <span style=\"font-family: arial, helvetica, sans-serif;\">z\u00e4hlte anl\u00e4sslich der \u201eFusion\u201c 1965 bereits 626 Mitglieder. 1968 wurde die<\/span><\/span><br \/>\n<span style=\"font-family: arial, helvetica, sans-serif; font-size: 12pt;\">1.000-Mitgliedergrenze \u00fcberschritten. Zum 1. 1. 1989 wurde als Folge der<\/span><br \/>\n<span style=\"font-family: arial, helvetica, sans-serif; font-size: 12pt;\">vereinseigenen Sportst\u00e4tte die lang angestrebte Mitgliederzahl von 2.000 erreicht<\/span><br \/>\n<span style=\"font-family: arial, helvetica, sans-serif; font-size: 12pt;\">und am 25.03.2001 das 3.000-ste Vereinsmitglied begr\u00fc\u00dft.<\/span><br \/>\n<span style=\"font-size: 12pt;\">\u2026 <span style=\"font-family: arial, helvetica, sans-serif;\">hat derzeit 102 lizenzierte \u00dcbungsleiter<\/span><\/span><br \/>\n<span style=\"font-size: 12pt;\">\u2026 <span style=\"font-family: arial, helvetica, sans-serif;\">betreute zum 31. Dezember 2012 insgesamt 3.359 Mitglieder, davon mehr als<\/span><\/span><br \/>\n<span style=\"font-family: arial, helvetica, sans-serif; font-size: 12pt;\">ein Drittel Jugendliche, in zw\u00f6lf Sportabteilungen und ist damit der gr\u00f6\u00dfte Verein<\/span><br \/>\n<span style=\"font-family: arial, helvetica, sans-serif; font-size: 12pt;\">in Bensheim, im Kreis Bergstra\u00dfe und Sportkreis Bergstra\u00dfe.<\/span><\/p>\n","protected":false},"excerpt":{"rendered":"<p>Die Turn- und Sportvereinigung Rot-Wei\u00df Auerbach 1881 e.V. \u2026ist ein traditionsreicher Verein in Bensheims gr\u00f6\u00dftem Stadtteil Auerbach im Kreis und Sportkreis Bergstra\u00dfe. \u2026wurde am 9.9.1881 als Turnverein \u201eGut Heil\u201c Auerbach gegr\u00fcndet. Nach dem 2. Weltkrieg trennte sich 1947 die Fu\u00dfballabteilung von dem Nachfolgeverein TSG 1881 Auerbach und gr\u00fcndete den FC 1947 Auerbach. 1965 schlossen sich &hellip; <\/p>\n<p><a class=\"more-link btn\" href=\"https:\/\/tsv-auerbach.org\/fussball\/vereinsgeschichte\/\">Weiterlesen<\/a><\/p>\n","protected":false},"author":9,"featured_media":0,"parent":0,"menu_order":0,"comment_status":"open","ping_status":"open","template":"","meta":{"footnotes":""},"class_list":["post-433","page","type-page","status-publish","hentry","nodate","item-wrap"],"_links":{"self":[{"href":"https:\/\/tsv-auerbach.org\/fussball\/wp-json\/wp\/v2\/pages\/433","targetHints":{"allow":["GET"]}}],"collection":[{"href":"https:\/\/tsv-auerbach.org\/fussball\/wp-json\/wp\/v2\/pages"}],"about":[{"href":"https:\/\/tsv-auerbach.org\/fussball\/wp-json\/wp\/v2\/types\/page"}],"author":[{"embeddable":true,"href":"https:\/\/tsv-auerbach.org\/fussball\/wp-json\/wp\/v2\/users\/9"}],"replies":[{"embeddable":true,"href":"https:\/\/tsv-auerbach.org\/fussball\/wp-json\/wp\/v2\/comments?post=433"}],"version-history":[{"count":2,"href":"https:\/\/tsv-auerbach.org\/fussball\/wp-json\/wp\/v2\/pages\/433\/revisions"}],"predecessor-version":[{"id":3494,"href":"https:\/\/tsv-auerbach.org\/fussball\/wp-json\/wp\/v2\/pages\/433\/revisions\/3494"}],"wp:attachment":[{"href":"https:\/\/tsv-auerbach.org\/fussball\/wp-json\/wp\/v2\/media?parent=433"}],"curies":[{"name":"wp","href":"https:\/\/api.w.org\/{rel}","templated":true}]}}