{"id":976,"date":"2013-12-03T13:28:36","date_gmt":"2013-12-03T12:28:36","guid":{"rendered":"http:\/\/www.tsv-auerbach-fussball.de\/?page_id=976"},"modified":"2023-04-12T08:56:24","modified_gmt":"2023-04-12T06:56:24","slug":"hallenstadtmeisterschaft-2013","status":"publish","type":"page","link":"https:\/\/tsv-auerbach.org\/fussball\/hallenstadtmeisterschaft-2013\/","title":{"rendered":"Interessante Links"},"content":{"rendered":"<p><span style=\"color: #0000ff\">Der Deutsche Olympische Sportbund hat in Zusammenarbeit mit der Deutschen Sportjugend Sensibilisierungs- und Schulungsvideos zum Thema Schutz vor Gewalt entwickelt. Ziel ist es, mithilfe niedrigschwelliger Videos noch mehr Menschen im Sport zu sensibilisieren, um Opfern von Gewalt die gr\u00f6\u00dftm\u00f6gliche Unterst\u00fctzung bieten zu k\u00f6nnen. Die 6 Videos haben eine Dauer von jeweils 4-5 Minuten.<\/span><\/p>\n<p><a href=\"https:\/\/safesport.dosb.de\/schulungsvideos\">https:\/\/safesport.dosb.de\/schulungsvideos<\/a><\/p>\n<p>___________________________________________________________________________________________________________________<\/p>\n<p><span style=\"text-decoration: underline\"><span style=\"color: #003300;text-decoration: underline\">Links zu sexuellem Missbrauch:<\/span><\/span><\/p>\n<ol>\n<li>Pr\u00e4vention\/Vorsorge-wie kann ich mich oder Kinder sch\u00fctzen<\/li>\n<\/ol>\n<p><a href=\"http:\/\/www.trau-dich.de\">http:\/\/www.trau-dich.de<\/a>\u00a0 = f\u00fcr Kinder von 8-12 Jahren mit vielen interessanten Tipps<\/p>\n<p>2. Wenn ein Missbrauchsfall eingetreten ist<\/p>\n<p><a href=\"http:\/\/www.wildwasser-darmstadt.de\">http:\/\/www.wildwasser-darmstadt.de<\/a>\u00a0\u00a0\u00a0 = Beratungsstelle f\u00fcr Opfer sexueller Gewalt<\/p>\n<p><a href=\"http:\/\/www.zartbitter.de\">http:\/\/www.zartbitter.de<\/a>\u00a0\u00a0\u00a0\u00a0 = Beratungsstelle f\u00fcr Opfer sexueller Gewalt<\/p>\n<p><a href=\"http:\/\/www.caritas.de\/fuerprofis\/fachthemen\/sexuellermissbrauch\/materialienzurpraeventionsexuellenmissbr\">http:\/\/www.caritas.de\/fuerprofis\/fachthemen\/sexuellermissbrauch\/materialienzurpraeventionsexuellenmissbr<\/a><\/p>\n<p><a href=\"http:\/\/www.bundesverband-gewaltpraevention.de\">http:\/\/www.bundesverband-gewaltpraevention.de<\/a><\/p>\n<p><a href=\"https:\/\/www.hilfeportal-missbrauch.de\/startseite.html\">https:\/\/www.hilfeportal-missbrauch.de\/startseite.html<\/a><\/p>\n<p><a href=\"http:\/\/www.polizei-beratung.de\/opferinformationen\/sexueller-missbrauch-von-kindern.html\">http:\/\/www.polizei-beratung.de\/opferinformationen\/sexueller-missbrauch-von-kindern.html<\/a><\/p>\n<p><a href=\"https:\/\/www.kein-taeter-werden.de\">https:\/\/www.kein-taeter-werden.de<\/a><\/p>\n<p><a href=\"https:\/\/www.zfpt.de\">http:\/\/www.zfpt.de<\/a> =\u00a0\u00a0 <b>Zentrum f\u00fcr Psychotraumatologie Frankfurt<\/b><\/p>\n<p><a href=\"http:\/\/be-here-now.eu\/selbstfursorge\/atmen\" target=\"_blank\" rel=\"noopener\">http:\/\/be-here-now.eu\/selbstfursorge\/atmen<\/a>\u00a0\u00a0 = Hilfe f\u00fcr Traumabew\u00e4ltigung<\/p>\n<p><span style=\"text-decoration: underline\"><span style=\"color: #003300;text-decoration: underline\">Links zu Mobbing und Cybermobbing:<\/span><\/span><\/p>\n<p><a href=\"http:\/\/www.polizei-beratung.de\/themen-und-tipps\/gefahren-im-internet\/cybermobbing.html\">http:\/\/www.polizei-beratung.de\/themen-und-tipps\/gefahren-im-internet\/cybermobbing.html<\/a><\/p>\n<p><a href=\"http:\/\/www.polizei-dein-partner.de\/themen\/internet-mobil\/detailansicht-internet-mobil\/artikel\/schutz-vor-cybermobbing.html\">http:\/\/www.polizei-dein-partner.de\/themen\/internet-mobil\/detailansicht-internet-mobil\/artikel\/schutz-vor-cybermobbing.html<\/a><\/p>\n<p><a href=\"https:\/\/www.mobbing-in-schulen.de\/\">https:\/\/www.mobbing-in-schulen.de\/<\/a><\/p>\n<p><span style=\"text-decoration: underline\"><span style=\"color: #0000ff;text-decoration: underline\"><a href=\"http:\/\/www.klicksafe.de\/service\/materialien\/broschueren-ratgeber\/\">http:\/\/www.klicksafe.de\/service\/materialien\/broschueren-ratgeber\/<\/a><br \/>\n<\/span><\/span><\/p>\n<p><a href=\"http:\/\/www.schau-hin.info\">http:\/\/www.schau-hin.info<\/a><\/p>\n<p><a href=\"https:\/\/www.digitale-helden.de\/\" target=\"_blank\" rel=\"noopener\">https:\/\/www.digitale-helden.de\/<\/a><\/p>\n<p><span style=\"text-decoration: underline\"><span style=\"color: #003300;text-decoration: underline\">Links zu Alkohol und Drogen:<\/span><\/span><\/p>\n<p><a href=\"https:\/\/www.kenn-dein-limit.de\">https:\/\/www.kenn-dein-limit.de<\/a><\/p>\n<p><a href=\"https:\/\/www.bzga.de\/was-wir-tun\">https:\/\/www.bzga.de\/was-wir-tun<\/a><\/p>\n<p><a href=\"http:\/\/www.elterninfo-alkohol.de\/wenn-ihr-kind-zwischen-13-15-jahre-alt-ist\/warum-trinken-jugendliche\/\">http:\/\/www.elterninfo-alkohol.de\/wenn-ihr-kind-zwischen-13-15-jahre-alt-ist\/warum-trinken-jugendliche\/<\/a><\/p>\n<p><a href=\"http:\/\/www.polizei-dein-partner.de\/themen\/sucht\/alkohol.html\">http:\/\/www.polizei-dein-partner.de\/themen\/sucht\/alkohol.html<\/a><\/p>\n<p><a href=\"http:\/\/www.polizei-beratung.de\/themen-und-tipps\/drogen.html\">http:\/\/www.polizei-beratung.de\/themen-und-tipps\/drogen.html<\/a><\/p>\n<p><span style=\"text-decoration: underline\"><span style=\"color: #003300;text-decoration: underline\">Links zu Gewalt:<\/span><\/span><\/p>\n<p><a href=\"http:\/\/www.polizei-beratung.de\/opferinformationen\/haeusliche-gewalt.html\">http:\/\/www.polizei-beratung.de\/opferinformationen\/haeusliche-gewalt.html<\/a><\/p>\n<p><span style=\"text-decoration: underline\"><span style=\"color: #0000ff;text-decoration: underline\"><a href=\"https:\/\/www.weisser-ring.de\/internet\/landesverbaende\/berlin\/landesverband-berlin\/service\/haeusliche-gewalt\/\">https:\/\/www.weisser-ring.de\/internet\/landesverbaende\/berlin\/landesverband-berlin\/service\/haeusliche-gewalt\/<\/a><br \/>\n<\/span><\/span><\/p>\n<p>&nbsp;<\/p>\n<p>&nbsp;<\/p>\n<p>&nbsp;<\/p>\n<p>&nbsp;<\/p>\n","protected":false},"excerpt":{"rendered":"<p>Der Deutsche Olympische Sportbund hat in Zusammenarbeit mit der Deutschen Sportjugend Sensibilisierungs- und Schulungsvideos zum Thema Schutz vor Gewalt entwickelt. Ziel ist es, mithilfe niedrigschwelliger Videos noch mehr Menschen im Sport zu sensibilisieren, um Opfern von Gewalt die gr\u00f6\u00dftm\u00f6gliche Unterst\u00fctzung bieten zu k\u00f6nnen. Die 6 Videos haben eine Dauer von jeweils 4-5 Minuten. https:\/\/safesport.dosb.de\/schulungsvideos ___________________________________________________________________________________________________________________ &hellip; <\/p>\n<p><a class=\"more-link btn\" href=\"https:\/\/tsv-auerbach.org\/fussball\/hallenstadtmeisterschaft-2013\/\">Weiterlesen<\/a><\/p>\n","protected":false},"author":9,"featured_media":0,"parent":0,"menu_order":0,"comment_status":"open","ping_status":"open","template":"","meta":{"footnotes":""},"class_list":["post-976","page","type-page","status-publish","hentry","nodate","item-wrap"],"_links":{"self":[{"href":"https:\/\/tsv-auerbach.org\/fussball\/wp-json\/wp\/v2\/pages\/976","targetHints":{"allow":["GET"]}}],"collection":[{"href":"https:\/\/tsv-auerbach.org\/fussball\/wp-json\/wp\/v2\/pages"}],"about":[{"href":"https:\/\/tsv-auerbach.org\/fussball\/wp-json\/wp\/v2\/types\/page"}],"author":[{"embeddable":true,"href":"https:\/\/tsv-auerbach.org\/fussball\/wp-json\/wp\/v2\/users\/9"}],"replies":[{"embeddable":true,"href":"https:\/\/tsv-auerbach.org\/fussball\/wp-json\/wp\/v2\/comments?post=976"}],"version-history":[{"count":4,"href":"https:\/\/tsv-auerbach.org\/fussball\/wp-json\/wp\/v2\/pages\/976\/revisions"}],"predecessor-version":[{"id":4080,"href":"https:\/\/tsv-auerbach.org\/fussball\/wp-json\/wp\/v2\/pages\/976\/revisions\/4080"}],"wp:attachment":[{"href":"https:\/\/tsv-auerbach.org\/fussball\/wp-json\/wp\/v2\/media?parent=976"}],"curies":[{"name":"wp","href":"https:\/\/api.w.org\/{rel}","templated":true}]}}