{"id":12,"date":"2013-07-08T15:04:31","date_gmt":"2013-07-08T13:04:31","guid":{"rendered":"http:\/\/hapkidoauerbach.de\/?page_id=12"},"modified":"2025-06-02T11:12:11","modified_gmt":"2025-06-02T09:12:11","slug":"trainingszeiten","status":"publish","type":"page","link":"https:\/\/tsv-auerbach.org\/hapkido\/trainingszeiten\/","title":{"rendered":"Trainingszeiten"},"content":{"rendered":"<table class=\"trainingszeiten\" style=\"max-width: 100%;height: auto;border-collapse: collapse;border-style: 1px solid;border-color: #000000\">\n<tbody>\n<tr style=\"height: 39px\">\n<td style=\"width: 85.3px;height: 39px;border-style: solid;border-color: #000000\"><\/td>\n<td style=\"width: 92.8167px;height: 39px;border-style: solid;border-color: #000000\"><strong>Montag<\/strong><\/td>\n<td style=\"width: 103.667px;height: 39px;border-style: solid;border-color: #000000\"><strong>Dienstag<\/strong><\/td>\n<td style=\"width: 92.0833px;height: 39px;border-style: solid;border-color: #000000\"><strong>Mittwoch<\/strong><\/td>\n<td style=\"width: 104.883px;height: 39px;border-style: solid;border-color: #000000\"><strong>Donnerstag<\/strong><\/td>\n<td style=\"width: 87.5167px;height: 39px;border-style: solid;border-color: #000000\"><strong>Freitag<\/strong><\/td>\n<td style=\"width: 93.3167px;height: 39px;border-style: solid;border-color: #000000\"><strong>Samstag<\/strong><\/td>\n<td style=\"width: 89.4167px;height: 39px;border-style: solid;border-color: #000000\"><strong>Sonntag<\/strong><\/td>\n<\/tr>\n<tr style=\"height: 65px\">\n<td style=\"width: 85.3px;height: 44px;border-style: solid;border-color: #000000\"><strong><span style=\"font-size: 12pt\">11:00<\/span><\/strong><\/td>\n<td style=\"width: 92.8167px;height: 44px;border-style: solid;border-color: #000000\"><\/td>\n<td style=\"width: 103.667px;height: 44px;border-style: solid;border-color: #000000\"><\/td>\n<td style=\"width: 92.0833px;height: 44px;border-style: solid;border-color: #000000\"><\/td>\n<td style=\"width: 104.883px;height: 44px;border-style: solid;border-color: #000000\"><\/td>\n<td style=\"width: 87.5167px;height: 44px;border-style: solid;border-color: #000000\"><\/td>\n<td style=\"width: 93.3167px;background-color: #dedede;height: 87px;border-style: solid;border-color: #000000\" rowspan=\"2\"><strong>Pr\u00fcfungen<\/strong><br \/>\nSeminare<br \/>\n(Termine)<\/td>\n<td style=\"width: 89.4167px;height: 44px;border-style: solid;border-color: #000000\"><\/td>\n<\/tr>\n<tr style=\"height: 43px\">\n<td style=\"width: 85.3px;height: 43px;border-style: solid;border-color: #000000\"><strong><span style=\"font-size: 12pt\">13:00<\/span><\/strong><\/td>\n<td style=\"width: 92.8167px;height: 43px;border-style: solid;border-color: #000000\"><\/td>\n<td style=\"width: 103.667px;height: 43px;border-style: solid;border-color: #000000\"><\/td>\n<td style=\"width: 92.0833px;height: 43px;border-style: solid;border-color: #000000\"><\/td>\n<td style=\"width: 104.883px;height: 43px;border-style: solid;border-color: #000000\"><\/td>\n<td style=\"width: 87.5167px;height: 43px;border-style: solid;border-color: #000000\"><\/td>\n<td style=\"width: 89.4167px;height: 43px;border-style: solid;border-color: #000000\"><\/td>\n<\/tr>\n<tr style=\"height: 39px\">\n<td style=\"width: 85.3px;background-color: grey;height: 39px;border-style: solid;border-color: #000000\"><strong><span style=\"font-size: 12pt\">14:00<\/span><\/strong><\/td>\n<td style=\"width: 92.8167px;background-color: grey;height: 39px;border-style: solid;border-color: #000000\"><\/td>\n<td style=\"width: 103.667px;background-color: grey;height: 39px;border-style: solid;border-color: #000000\"><\/td>\n<td style=\"width: 92.0833px;background-color: grey;height: 39px;border-style: solid;border-color: #000000\"><\/td>\n<td style=\"width: 104.883px;background-color: grey;height: 39px;border-style: solid;border-color: #000000\"><\/td>\n<td style=\"width: 87.5167px;background-color: grey;height: 39px;border-style: solid;border-color: #000000\"><\/td>\n<td style=\"width: 93.3167px;background-color: grey;height: 39px;border-style: solid;border-color: #000000\"><\/td>\n<td style=\"width: 89.4167px;background-color: grey;height: 39px;border-style: solid;border-color: #000000\"><\/td>\n<\/tr>\n<tr style=\"height: 38px\">\n<td style=\"width: 85.3px;height: 38px;border-style: solid;border-color: #000000\"><strong><span style=\"font-size: 12pt\">17:00<\/span><\/strong><\/td>\n<td style=\"width: 92.8167px;background-color: #60aedb;height: 48px;border-style: solid;border-color: #000000\" rowspan=\"2\"><strong>Kinder<\/strong><br \/>\n(9\u201312)<br \/>\n<span style=\"font-size: 10pt\">17:00\u201318:30<\/span><\/td>\n<td style=\"width: 103.667px;height: 38px;border-style: solid;border-color: #000000\"><\/td>\n<td style=\"width: 92.0833px;height: 38px;border-style: solid;border-color: #000000\"><\/td>\n<td style=\"width: 104.883px;height: 38px;border-style: solid;border-color: #000000\"><\/td>\n<td style=\"width: 87.5167px;height: 38px;border-style: solid;border-color: #000000\"><\/td>\n<td style=\"width: 93.3167px;height: 38px;border-style: solid;border-color: #000000\"><\/td>\n<td style=\"width: 89.4167px;height: 38px;border-style: solid;border-color: #000000\"><\/td>\n<\/tr>\n<tr style=\"height: 10px\">\n<td style=\"width: 85.3px;height: 10px;border-style: solid;border-color: #000000\"><strong><span style=\"font-size: 12pt\">17:30<br \/>\n<\/span><\/strong><\/td>\n<td style=\"width: 103.667px;height: 10px;border-style: solid;border-color: #000000\"><\/td>\n<td style=\"width: 92.0833px;height: 10px;border-style: solid;border-color: #000000\"><\/td>\n<td style=\"width: 104.883px;background-color: #60aedb;height: 20px;border-style: solid;border-color: #000000\" rowspan=\"2\"><strong>Kinder &amp;<br \/>\nJugend<\/strong><br \/>\n(9\u201315)<br \/>\n<span style=\"font-size: 10pt\">17:30\u201319:00<\/span><\/td>\n<td style=\"width: 87.5167px;height: 10px;border-style: solid;border-color: #000000\"><\/td>\n<td style=\"width: 93.3167px;height: 10px;border-style: solid;border-color: #000000\"><\/td>\n<td style=\"width: 89.4167px;height: 10px;border-style: solid;border-color: #000000\"><\/td>\n<\/tr>\n<tr style=\"height: 10px\">\n<td style=\"width: 85.3px;height: 10px;border-style: solid;border-color: #000000\"><strong><span style=\"font-size: 12pt\">18:30<\/span><\/strong><\/td>\n<td style=\"width: 92.8167px;height: 10px;background-color: #60aedb;border-style: solid;border-color: #000000\"><strong>Jugend<\/strong><br \/>\n(13\u201315)<br \/>\n<span style=\"font-size: 10pt\">18:30\u201319:00<\/span><\/td>\n<td style=\"width: 103.667px;height: 10px;border-style: solid;border-color: #000000\"><\/td>\n<td style=\"width: 92.0833px;height: 10px;border-style: solid;border-color: #000000\"><\/td>\n<td style=\"width: 87.5167px;height: 10px;border-style: solid;border-color: #000000\"><\/td>\n<td style=\"width: 93.3167px;height: 10px;border-style: solid;border-color: #000000\"><\/td>\n<td style=\"width: 89.4167px;height: 10px;border-style: solid;border-color: #000000\"><\/td>\n<\/tr>\n<tr style=\"height: 39px\">\n<td style=\"width: 85.3px;height: 60px;border-style: solid;border-color: #000000\"><strong><span style=\"font-size: 12pt\">19:00<\/span><\/strong><\/td>\n<td style=\"width: 92.8167px;height: 60px;border-style: solid;border-color: #000000\"><\/td>\n<td style=\"height: 110px;background-color: #e64040;width: 103.667px;border-style: solid;border-color: #000000\" rowspan=\"2\"><strong>Erwachsene<\/strong><br \/>\n(ab 16)<br \/>\n<span style=\"font-size: 10pt\">19:00\u201321:00<\/span><\/td>\n<td style=\"width: 92.0833px;height: 60px;border-style: solid;border-color: #000000\"><\/td>\n<td style=\"width: 104.883px;height: 110px;background-color: #e83333;border-style: solid;border-color: #000000\" rowspan=\"2\"><strong>Erwachsene<\/strong><br \/>\n(ab 16)<br \/>\n<span style=\"font-size: 10pt\">19:00\u201321:00<\/span><\/td>\n<td style=\"width: 87.5167px;height: 60px;border-style: solid;border-color: #000000\"><\/td>\n<td style=\"width: 93.3167px;height: 60px;border-style: solid;border-color: #000000\"><\/td>\n<td style=\"width: 89.4167px;height: 60px;border-style: solid;border-color: #000000\"><\/td>\n<\/tr>\n<tr style=\"height: 50px\">\n<td style=\"width: 85.3px;height: 50px;border-style: solid;border-color: #000000\"><strong><span style=\"font-size: 12pt\">20:00<br \/>\n<\/span><\/strong><\/td>\n<td style=\"width: 92.8167px;height: 50px;border-style: solid;border-color: #000000\"><\/td>\n<td style=\"width: 92.0833px;height: 50px;border-style: solid;border-color: #000000\"><strong>\u00a0<\/strong><\/td>\n<td style=\"width: 87.5167px;height: 50px;border-style: solid;border-color: #000000\"><\/td>\n<td style=\"width: 93.3167px;height: 50px;border-style: solid;border-color: #000000\"><\/td>\n<td style=\"width: 89.4167px;height: 50px;border-style: solid;border-color: #000000\"><\/td>\n<\/tr>\n<tr style=\"height: 39px\">\n<td style=\"width: 85.3px;height: 39px;border-style: solid;border-color: #000000\"><strong><span style=\"font-size: 12pt\">21:00<\/span><\/strong><\/td>\n<td style=\"width: 92.8167px;height: 39px;border-style: solid;border-color: #000000\"><\/td>\n<td style=\"width: 103.667px;height: 39px;background-color: #dedede;border-style: solid;border-color: #000000\"><strong>Freies Training<\/strong><\/td>\n<td style=\"width: 92.0833px;height: 39px;border-style: solid;border-color: #000000\"><\/td>\n<td style=\"width: 104.883px;height: 39px;background-color: #dedede;border-style: solid;border-color: #000000\"><strong>Freies Training<\/strong><\/td>\n<td style=\"width: 87.5167px;height: 39px;border-style: solid;border-color: #000000\"><\/td>\n<td style=\"width: 93.3167px;height: 39px;border-style: solid;border-color: #000000\"><\/td>\n<td style=\"width: 89.4167px;height: 39px;border-style: solid;border-color: #000000\"><\/td>\n<\/tr>\n<\/tbody>\n<\/table>\n<p style=\"text-align: right\"><span style=\"font-size: 10pt\">Stand: 08.2024<\/span><\/p>\n<p><strong>Montag<\/strong><br \/>\n17:00 bis 18:30 Uhr \u00a0 Kinder (9\u201312 Jahre)<br \/>\n18:30 bis 20:00 Uhr\u00a0\u00a0 Jugendliche (13\u201315 Jahre)<\/p>\n<p><strong>Dienstag<\/strong><br \/>\n19:00 bis 21:00 Uhr \u00a0 Erwachsene und Jugendliche (ab 16 Jahren)<\/p>\n<p><strong>Donnerstag<\/strong><br \/>\n17:30 bis 19:00 Uhr\u00a0\u00a0 Kinder und Jugendliche (ab 10 Jahren)<br \/>\n19:00 bis 20:45 Uhr \u00a0 Erwachsene und Jugendliche (ab 16 Jahren)<\/p>\n<p><strong>Schulferien<br \/>\n<\/strong>Achtung! W\u00e4hrend der hessischen Schulferien findet das Training f\u00fcr Erwachsene und Jugendliche (ab 16 Jahren) unver\u00e4ndert statt. An schulfreien Tagen findet jedoch kein Kinder- und Jugendtraining statt.<\/p>\n<div><\/div>\n<p><span style=\"font-size: 14pt\"><strong>Das Training findet im Geb\u00e4ude A3 statt.<\/strong><\/span><\/p>\n<p>Im Navi finden Sie die Halle unter:<br \/>\n64625 Bensheim<br \/>\nSaarstra\u00dfe 56<br \/>\nGGEW Sportzentrums der TSV Rot-Wei\u00df Auerbach<\/p>\n<div><\/div>\n<div><\/div>\n","protected":false},"excerpt":{"rendered":"<p>Montag Dienstag Mittwoch Donnerstag Freitag Samstag Sonntag 11:00 Pr\u00fcfungen Seminare (Termine) 13:00 14:00 17:00 Kinder (9\u201312) 17:00\u201318:30 17:30 Kinder &amp; Jugend (9\u201315) 17:30\u201319:00 18:30 Jugend (13\u201315) 18:30\u201319:00 19:00 Erwachsene (ab 16) 19:00\u201321:00 Erwachsene (ab 16) 19:00\u201321:00 20:00 \u00a0 21:00 Freies Training Freies Training Stand: 08.2024 Montag 17:00 bis 18:30 Uhr \u00a0 Kinder (9\u201312 Jahre) 18:30 &hellip; <\/p>\n<p><a class=\"more-link btn\" href=\"https:\/\/tsv-auerbach.org\/hapkido\/trainingszeiten\/\">Weiterlesen<\/a><\/p>\n","protected":false},"author":1,"featured_media":0,"parent":0,"menu_order":0,"comment_status":"closed","ping_status":"closed","template":"","meta":{"footnotes":""},"class_list":["post-12","page","type-page","status-publish","hentry","nodate","item-wrap"],"_links":{"self":[{"href":"https:\/\/tsv-auerbach.org\/hapkido\/wp-json\/wp\/v2\/pages\/12","targetHints":{"allow":["GET"]}}],"collection":[{"href":"https:\/\/tsv-auerbach.org\/hapkido\/wp-json\/wp\/v2\/pages"}],"about":[{"href":"https:\/\/tsv-auerbach.org\/hapkido\/wp-json\/wp\/v2\/types\/page"}],"author":[{"embeddable":true,"href":"https:\/\/tsv-auerbach.org\/hapkido\/wp-json\/wp\/v2\/users\/1"}],"replies":[{"embeddable":true,"href":"https:\/\/tsv-auerbach.org\/hapkido\/wp-json\/wp\/v2\/comments?post=12"}],"version-history":[{"count":54,"href":"https:\/\/tsv-auerbach.org\/hapkido\/wp-json\/wp\/v2\/pages\/12\/revisions"}],"predecessor-version":[{"id":1680,"href":"https:\/\/tsv-auerbach.org\/hapkido\/wp-json\/wp\/v2\/pages\/12\/revisions\/1680"}],"wp:attachment":[{"href":"https:\/\/tsv-auerbach.org\/hapkido\/wp-json\/wp\/v2\/media?parent=12"}],"curies":[{"name":"wp","href":"https:\/\/api.w.org\/{rel}","templated":true}]}}