{"id":1200,"date":"2021-12-23T11:29:17","date_gmt":"2021-12-23T10:29:17","guid":{"rendered":"https:\/\/tsv-auerbach.org\/hapkido\/?page_id=1200"},"modified":"2022-01-09T13:16:04","modified_gmt":"2022-01-09T12:16:04","slug":"service-und-impressum","status":"publish","type":"page","link":"https:\/\/tsv-auerbach.org\/hapkido\/service-und-impressum\/","title":{"rendered":"Service"},"content":{"rendered":"<h3 style=\"text-align: justify\">Hier finden wir alle wichtigen Dokumente unseres Vereins.<\/h3>\n<h4 style=\"text-align: justify\"><span style=\"font-size: 12pt\">Wir freuen uns Sie als neues Mitglieder in unserer Abteilung aufnehmen zu d\u00fcrfen!<\/span><\/h4>\n<p style=\"text-align: justify\"><span style=\"font-size: 12pt\">Die Anmeldung geht ganz schnell. Bitte f\u00fcllen Sie das <strong><a href=\"https:\/\/tsv-auerbach.org\/eintritt\/\">Eintrittsformular<\/a> <\/strong>der TSV Rot-Wei\u00df Auerbach aus und bringen es zum Training mit. <\/span><span style=\"font-size: 12pt\">Au\u00dferdem ben\u00f6tigen wir noch die Einwilligungserkl\u00e4rung, damit wir wissen, wie wir mit Bilder und \u00e4hnlichem umgehen d\u00fcrfen.<\/span><\/p>\n<p style=\"text-align: justify\"><span style=\"font-size: 12pt\">Au\u00dferdem k\u00f6nnen Sie hier unsere <strong><a href=\"https:\/\/tsv-auerbach.org\/wp-content\/uploads\/2021\/02\/TSV-Satzung-ab-11.09.2020.pdf\">Vereinssatzung<\/a> <\/strong>und unseren <strong><a href=\"https:\/\/tsv-auerbach.org\/ehrenkodex-des-tsv-auerbach\/\">Ehrenkodex<\/a> <\/strong>einsehen.<br \/>\n<\/span><\/p>\n<h4 style=\"text-align: justify\"><span style=\"font-size: 12pt\">Auf dem Gel\u00e4nde des GGEW Sportzentrums der TSV Rot-Wei\u00df Auerbach befinden sich insgesamt drei AED Defibrillatoren. Wo sich diese befinden und was im Notfall zu tun ist, erfahren Sie <a href=\"https:\/\/tsv-auerbach.org\/aed-defibrillatoren\/\"><strong>hier<\/strong><\/a>.<\/span><\/h4>\n","protected":false},"excerpt":{"rendered":"<p>Hier finden wir alle wichtigen Dokumente unseres Vereins. Wir freuen uns Sie als neues Mitglieder in unserer Abteilung aufnehmen zu d\u00fcrfen! Die Anmeldung geht ganz schnell. Bitte f\u00fcllen Sie das Eintrittsformular der TSV Rot-Wei\u00df Auerbach aus und bringen es zum Training mit. Au\u00dferdem ben\u00f6tigen wir noch die Einwilligungserkl\u00e4rung, damit wir wissen, wie wir mit Bilder &hellip; <\/p>\n<p><a class=\"more-link btn\" href=\"https:\/\/tsv-auerbach.org\/hapkido\/service-und-impressum\/\">Weiterlesen<\/a><\/p>\n","protected":false},"author":4,"featured_media":0,"parent":0,"menu_order":0,"comment_status":"closed","ping_status":"closed","template":"","meta":{"footnotes":""},"class_list":["post-1200","page","type-page","status-publish","hentry","nodate","item-wrap"],"_links":{"self":[{"href":"https:\/\/tsv-auerbach.org\/hapkido\/wp-json\/wp\/v2\/pages\/1200","targetHints":{"allow":["GET"]}}],"collection":[{"href":"https:\/\/tsv-auerbach.org\/hapkido\/wp-json\/wp\/v2\/pages"}],"about":[{"href":"https:\/\/tsv-auerbach.org\/hapkido\/wp-json\/wp\/v2\/types\/page"}],"author":[{"embeddable":true,"href":"https:\/\/tsv-auerbach.org\/hapkido\/wp-json\/wp\/v2\/users\/4"}],"replies":[{"embeddable":true,"href":"https:\/\/tsv-auerbach.org\/hapkido\/wp-json\/wp\/v2\/comments?post=1200"}],"version-history":[{"count":10,"href":"https:\/\/tsv-auerbach.org\/hapkido\/wp-json\/wp\/v2\/pages\/1200\/revisions"}],"predecessor-version":[{"id":1212,"href":"https:\/\/tsv-auerbach.org\/hapkido\/wp-json\/wp\/v2\/pages\/1200\/revisions\/1212"}],"wp:attachment":[{"href":"https:\/\/tsv-auerbach.org\/hapkido\/wp-json\/wp\/v2\/media?parent=1200"}],"curies":[{"name":"wp","href":"https:\/\/api.w.org\/{rel}","templated":true}]}}