{"id":14,"date":"2013-07-08T15:04:54","date_gmt":"2013-07-08T13:04:54","guid":{"rendered":"http:\/\/hapkidoauerbach.de\/?page_id=14"},"modified":"2023-02-26T12:22:35","modified_gmt":"2023-02-26T11:22:35","slug":"lehrerteam","status":"publish","type":"page","link":"https:\/\/tsv-auerbach.org\/hapkido\/lehrerteam\/","title":{"rendered":"Trainerteam"},"content":{"rendered":"<p style=\"text-align: justify\">Alle unsere \u00dcbungsleiterinnen und \u00dcbungsleiter haben langj\u00e4hrige Erfahrung in unserem Unterricht gesammelt und besuchen regelm\u00e4\u00dfig Seminare und Fortbildungen um sich weiterzubilden. Gemeinsam sorgen wir f\u00fcr einen zuverl\u00e4ssigen und zielgerichteten Unterrichtsablauf mit viel Abwechslung, Herausforderungen und individuellen Erfolgen. Aber vor allem wollen wir eins: Euch zeigen, wie viel Spa\u00df Hapkido macht und dass ihr mehr k\u00f6nnt als ihr vielleicht glaubt!<\/p>\n<p style=\"text-align: justify\">Jeder von uns hat individuelle St\u00e4rken und Vorlieben, die er in sein Training einflie\u00dfen l\u00e4sst, wodurch sich die Unterrichtseinheiten im Charakter unterscheiden. Es ist uns wichtig, euch ein breites Angebot bieten zu k\u00f6nnen, dabei bewegen wir uns aber immer im Rahmen unseres standardisierten Trainings- und Pr\u00fcfungsrahmens. Die individuelle Betreuung jedes Teilnehmers ist uns wichtig, deshalb sind wir froh, ein mittlerweile so gro\u00dfes Team zu sein.<\/p>\n<p style=\"text-align: justify\">Solltet Ihr Fragen haben, neben uns Trainern stehen euch nat\u00fcrlich auch die erfahrenen anderen Teilnehmer gerne zur Seite.<\/p>\n<p style=\"text-align: justify\">Schaut bei uns rein, die ersten Gesichter kennt Ihr jetzt schon.<\/p>\n<table style=\"border-collapse: collapse;width: 100%\">\n<tbody>\n<tr>\n<td style=\"width: 33.3333%\"><a href=\"\/hapkido\/wp-content\/uploads\/sites\/3\/2021\/06\/Hapkido-Auerbach_Portrait-06-scaled.jpg\" data-rel=\"lightbox-image-0\" data-rl_title=\"\" data-rl_caption=\"\" title=\"\"><img loading=\"lazy\" decoding=\"async\" class=\"alignnone wp-image-1117 size-medium\" src=\"\/hapkido\/wp-content\/uploads\/sites\/3\/2021\/06\/Hapkido-Auerbach_Portrait-06-200x300.jpg\" alt=\"\" width=\"200\" height=\"300\" srcset=\"https:\/\/tsv-auerbach.org\/hapkido\/wp-content\/uploads\/sites\/3\/2021\/06\/Hapkido-Auerbach_Portrait-06-200x300.jpg 200w, https:\/\/tsv-auerbach.org\/hapkido\/wp-content\/uploads\/sites\/3\/2021\/06\/Hapkido-Auerbach_Portrait-06-684x1024.jpg 684w, https:\/\/tsv-auerbach.org\/hapkido\/wp-content\/uploads\/sites\/3\/2021\/06\/Hapkido-Auerbach_Portrait-06-768x1150.jpg 768w, https:\/\/tsv-auerbach.org\/hapkido\/wp-content\/uploads\/sites\/3\/2021\/06\/Hapkido-Auerbach_Portrait-06-1025x1536.jpg 1025w, https:\/\/tsv-auerbach.org\/hapkido\/wp-content\/uploads\/sites\/3\/2021\/06\/Hapkido-Auerbach_Portrait-06-1367x2048.jpg 1367w, https:\/\/tsv-auerbach.org\/hapkido\/wp-content\/uploads\/sites\/3\/2021\/06\/Hapkido-Auerbach_Portrait-06-847x1269.jpg 847w, https:\/\/tsv-auerbach.org\/hapkido\/wp-content\/uploads\/sites\/3\/2021\/06\/Hapkido-Auerbach_Portrait-06-scaled.jpg 1709w\" sizes=\"auto, (max-width: 200px) 100vw, 200px\" \/><\/a><\/td>\n<td style=\"width: 33.3333%\"><a href=\"\/hapkido\/wp-content\/uploads\/sites\/3\/2022\/04\/Hapkido-Auerbach_Portrait-02_s-scaled.jpg\" data-rel=\"lightbox-image-1\" data-rl_title=\"\" data-rl_caption=\"\" title=\"\"><img loading=\"lazy\" decoding=\"async\" class=\"alignnone wp-image-1230 size-medium\" src=\"\/hapkido\/wp-content\/uploads\/sites\/3\/2022\/04\/Hapkido-Auerbach_Portrait-02_s-200x300.jpg\" alt=\"Portrait Ewa Sturm\" width=\"200\" height=\"300\" srcset=\"https:\/\/tsv-auerbach.org\/hapkido\/wp-content\/uploads\/sites\/3\/2022\/04\/Hapkido-Auerbach_Portrait-02_s-200x300.jpg 200w, https:\/\/tsv-auerbach.org\/hapkido\/wp-content\/uploads\/sites\/3\/2022\/04\/Hapkido-Auerbach_Portrait-02_s-684x1024.jpg 684w, https:\/\/tsv-auerbach.org\/hapkido\/wp-content\/uploads\/sites\/3\/2022\/04\/Hapkido-Auerbach_Portrait-02_s-768x1150.jpg 768w, https:\/\/tsv-auerbach.org\/hapkido\/wp-content\/uploads\/sites\/3\/2022\/04\/Hapkido-Auerbach_Portrait-02_s-1025x1536.jpg 1025w, https:\/\/tsv-auerbach.org\/hapkido\/wp-content\/uploads\/sites\/3\/2022\/04\/Hapkido-Auerbach_Portrait-02_s-1367x2048.jpg 1367w, https:\/\/tsv-auerbach.org\/hapkido\/wp-content\/uploads\/sites\/3\/2022\/04\/Hapkido-Auerbach_Portrait-02_s-847x1269.jpg 847w, https:\/\/tsv-auerbach.org\/hapkido\/wp-content\/uploads\/sites\/3\/2022\/04\/Hapkido-Auerbach_Portrait-02_s-scaled.jpg 1709w\" sizes=\"auto, (max-width: 200px) 100vw, 200px\" \/><\/a><\/td>\n<td style=\"width: 33.3333%\"><a href=\"\/hapkido\/wp-content\/uploads\/sites\/3\/2021\/06\/Hapkido-Auerbach_Portrait-03-scaled.jpg\" data-rel=\"lightbox-image-2\" data-rl_title=\"\" data-rl_caption=\"\" title=\"\"><img loading=\"lazy\" decoding=\"async\" class=\"alignnone wp-image-1120\" src=\"\/hapkido\/wp-content\/uploads\/sites\/3\/2021\/06\/Hapkido-Auerbach_Portrait-03-200x300.jpg\" alt=\"\" width=\"199\" height=\"299\" srcset=\"https:\/\/tsv-auerbach.org\/hapkido\/wp-content\/uploads\/sites\/3\/2021\/06\/Hapkido-Auerbach_Portrait-03-200x300.jpg 200w, https:\/\/tsv-auerbach.org\/hapkido\/wp-content\/uploads\/sites\/3\/2021\/06\/Hapkido-Auerbach_Portrait-03-684x1024.jpg 684w, https:\/\/tsv-auerbach.org\/hapkido\/wp-content\/uploads\/sites\/3\/2021\/06\/Hapkido-Auerbach_Portrait-03-768x1150.jpg 768w, https:\/\/tsv-auerbach.org\/hapkido\/wp-content\/uploads\/sites\/3\/2021\/06\/Hapkido-Auerbach_Portrait-03-1025x1536.jpg 1025w, https:\/\/tsv-auerbach.org\/hapkido\/wp-content\/uploads\/sites\/3\/2021\/06\/Hapkido-Auerbach_Portrait-03-1367x2048.jpg 1367w, https:\/\/tsv-auerbach.org\/hapkido\/wp-content\/uploads\/sites\/3\/2021\/06\/Hapkido-Auerbach_Portrait-03-847x1269.jpg 847w, https:\/\/tsv-auerbach.org\/hapkido\/wp-content\/uploads\/sites\/3\/2021\/06\/Hapkido-Auerbach_Portrait-03-scaled.jpg 1709w\" sizes=\"auto, (max-width: 199px) 100vw, 199px\" \/><\/a><\/td>\n<\/tr>\n<tr>\n<td style=\"width: 33.3333%\">Peter Zehnbauer<br \/>\n(2. Dan)<\/td>\n<td style=\"width: 33.3333%\">Ewa Sturm<br \/>\n(1. Dan)<\/td>\n<td style=\"width: 33.3333%\">Christopher Schr\u00f6ck<br \/>\n(2. Dan)<\/td>\n<\/tr>\n<tr>\n<td style=\"width: 33.3333%\">Di. Erwachsene<\/td>\n<td style=\"width: 33.3333%\">Mo. + Do. Jugend<\/td>\n<td style=\"width: 33.3333%\">Do. Erwachsene<\/td>\n<\/tr>\n<\/tbody>\n<\/table>\n<p style=\"text-align: justify\">\n<p style=\"text-align: justify\">Gerne beantworten wir eure Fragen \u00fcber unser Training. Sendet uns einfach \u00fcber unser <a href=\"\/hapkido\/Formulare\/kontakt\/\">Kontaktformular<\/a> eine Mail, wir antworten euch so bald wie m\u00f6glich.<\/p>\n","protected":false},"excerpt":{"rendered":"<p>Alle unsere \u00dcbungsleiterinnen und \u00dcbungsleiter haben langj\u00e4hrige Erfahrung in unserem Unterricht gesammelt und besuchen regelm\u00e4\u00dfig Seminare und Fortbildungen um sich weiterzubilden. Gemeinsam sorgen wir f\u00fcr einen zuverl\u00e4ssigen und zielgerichteten Unterrichtsablauf mit viel Abwechslung, Herausforderungen und individuellen Erfolgen. Aber vor allem wollen wir eins: Euch zeigen, wie viel Spa\u00df Hapkido macht und dass ihr mehr k\u00f6nnt &hellip; <\/p>\n<p><a class=\"more-link btn\" href=\"https:\/\/tsv-auerbach.org\/hapkido\/lehrerteam\/\">Weiterlesen<\/a><\/p>\n","protected":false},"author":1,"featured_media":0,"parent":0,"menu_order":0,"comment_status":"closed","ping_status":"closed","template":"","meta":{"footnotes":""},"class_list":["post-14","page","type-page","status-publish","hentry","nodate","item-wrap"],"_links":{"self":[{"href":"https:\/\/tsv-auerbach.org\/hapkido\/wp-json\/wp\/v2\/pages\/14","targetHints":{"allow":["GET"]}}],"collection":[{"href":"https:\/\/tsv-auerbach.org\/hapkido\/wp-json\/wp\/v2\/pages"}],"about":[{"href":"https:\/\/tsv-auerbach.org\/hapkido\/wp-json\/wp\/v2\/types\/page"}],"author":[{"embeddable":true,"href":"https:\/\/tsv-auerbach.org\/hapkido\/wp-json\/wp\/v2\/users\/1"}],"replies":[{"embeddable":true,"href":"https:\/\/tsv-auerbach.org\/hapkido\/wp-json\/wp\/v2\/comments?post=14"}],"version-history":[{"count":12,"href":"https:\/\/tsv-auerbach.org\/hapkido\/wp-json\/wp\/v2\/pages\/14\/revisions"}],"predecessor-version":[{"id":1406,"href":"https:\/\/tsv-auerbach.org\/hapkido\/wp-json\/wp\/v2\/pages\/14\/revisions\/1406"}],"wp:attachment":[{"href":"https:\/\/tsv-auerbach.org\/hapkido\/wp-json\/wp\/v2\/media?parent=14"}],"curies":[{"name":"wp","href":"https:\/\/api.w.org\/{rel}","templated":true}]}}