{"id":16,"date":"2013-07-08T15:05:12","date_gmt":"2013-07-08T13:05:12","guid":{"rendered":"http:\/\/hapkidoauerbach.de\/?page_id=16"},"modified":"2023-02-26T12:42:41","modified_gmt":"2023-02-26T11:42:41","slug":"berichte","status":"publish","type":"page","link":"https:\/\/tsv-auerbach.org\/hapkido\/berichte\/","title":{"rendered":"Berichte"},"content":{"rendered":"<h4><b>Erfahrungsbericht Gasttraining<br \/>\n<\/b><\/h4>\n<p style=\"text-align: justify\">Hallo, ich bin Cynthia und ich komme aus Taiwan. Ich bin eine Freundin von Chris.<\/p>\n<p style=\"text-align: justify\">When I was small, I was fascinated by martial arts. I really wanted to learn Kung Fu. But my parents didn\u2019t take me serious. Maybe because I am a girl \ud83d\ude09 When my brother was 11 years old, he learned Taekwondo after school. Sometimes, he practiced with me and of course, I was the one who was thrown.<\/p>\n<p style=\"text-align: justify\">In the University, my best friend joined \u201cHapkido Student Clubs.\u201d She told me that Hapkido is very good for a girl to learn. You could learn how to defend yourself, even you didn\u2019t have a lot of power like boys. Because you would learn some skills and at least how to create time to get the chance for yourself to run away. That was my first time to know Hapkido.<\/p>\n<p style=\"text-align: justify\"><img loading=\"lazy\" decoding=\"async\" class=\"alignright wp-image-380\" src=\"\/hapkido\/wp-content\/uploads\/sites\/3\/2017\/05\/Bild-2-225x300.jpg\" alt=\"\" width=\"250\" height=\"333\" srcset=\"https:\/\/tsv-auerbach.org\/hapkido\/wp-content\/uploads\/sites\/3\/2017\/05\/Bild-2-225x300.jpg 225w, https:\/\/tsv-auerbach.org\/hapkido\/wp-content\/uploads\/sites\/3\/2017\/05\/Bild-2-768x1024.jpg 768w, https:\/\/tsv-auerbach.org\/hapkido\/wp-content\/uploads\/sites\/3\/2017\/05\/Bild-2.jpg 1536w\" sizes=\"auto, (max-width: 250px) 100vw, 250px\" \/>In the end of 2016, I was in Frankfurt for the New Years Eve. In January, I catched up with Chris and he told me that he goes to Hapkido training twice a week. He knew that I would like to see more about Hapkido, so he invited me to join the training. I was a little bit worried at the beginning. Because I knew nothing about it.I even didn\u2019t know how to do it. But Chris told me not to stress myself and encouraged just go and try my best. So I went with him.<\/p>\n<p style=\"text-align: justify\">Finally I can say: It was fun and I really did learn something! Although I was not so good at it, but they tried to explain me every step slowly. They even spoke English the whole time! And they practiced it with me again and again until I could remember.<\/p>\n<p style=\"text-align: justify\">So, I want to say to Chris \u201cThank you for inviting me.\u201d I was happy and I met some good people there, too. Everyone was very nice to me even I couldn\u2019t really speak German. (I will keep learning!!) I had a great time. So next time when I am in Germany, I would like to go again and learn something new. Hope you guys will still remember me.<\/p>\n<p style=\"text-align: justify\">See you soon! All the best, Cynthia<\/p>\n<h4><\/h4>\n<h4><b>Verleihung des 5. Dan<br \/>\n<\/b><\/h4>\n<div id=\"attachment_624\" style=\"width: 250px\" class=\"wp-caption alignleft\"><a href=\"\/hapkido\/wp-content\/uploads\/sites\/3\/2018\/08\/Markus_5erDan_web.jpg\" data-rel=\"lightbox-image-0\" data-rl_title=\"\" data-rl_caption=\"\" title=\"\"><img loading=\"lazy\" decoding=\"async\" aria-describedby=\"caption-attachment-624\" class=\"wp-image-624\" src=\"\/hapkido\/wp-content\/uploads\/sites\/3\/2018\/08\/Markus_5erDan_web.jpg\" alt=\"Verleihung des 5. Dan an Markus J\u00e4ger (rechts) durch Meister Dr. Michael Sch\u00fctz (links, 7. Dan)\" width=\"250\" height=\"187\" \/><\/a><p id=\"caption-attachment-624\" class=\"wp-caption-text\">Verleihung des 5. Dan an Markus J\u00e4ger (rechts) durch Meister Dr. Michael Sch\u00fctz (links, 7. Dan)<\/p><\/div>\n<p style=\"text-align: justify\">Schwarzg\u00fcrteltr\u00e4ger Markus J\u00e4ger, stellvertretender Abteilungleiter der Hap Ki Do-Abteilung der TSV Rot-Wei\u00df Auerbach erhielt am 10.10.2015 die Graduierung zum 5. Dan. Markus J\u00e4ger trainiert seit 21 Jahren in der Hap Ki Do -Abteilung der TSV. Seit 16 Jahren ist er als \u00dcbungsleiter im Kinder- Jungend- und Erwachsentraining und auch im Abteilungsvorstand t\u00e4tig. Die Dan-Urkunde wurde Markus J\u00e4ger am 10.10.2015 in Anwesenheit der Abteilungsleitung und der Hap Ki Do Schwarzg\u00fcrteltr\u00e4ger vom sportlichen Leiter der Hap Ki Do \u2013 Abteilung\u00a0 Dr. med. Michael Sch\u00fctz (7. Dan) im Auftrag des Gro\u00dfmeisters Choi Sang Soo aus Seoul \/ Korea (Pr\u00e4sident der Korea Hap Ki Do Association \/ 10. Dan) ausgeh\u00e4ndigt. Die sportliche Leitung und die Mitglieder der Abteilung w\u00fcnschen Markus J\u00e4ger alles Gute f\u00fcr seine sportliche und private Zukunft!<\/p>\n<p>&nbsp;<\/p>\n<h4><b>Zweiter gemeinsamer Lehrgang Kickboxen und Hapkido\u00a0<\/b><span class=\"Apple-style-span\" style=\"color: #2c2b2b;font-size: 12px;line-height: 18px;font-weight: normal\">\u00a0<\/span><\/h4>\n<p><a style=\"color: #074d7c;text-decoration: none;cursor: pointer\" href=\"\/hapkido\/wp-content\/uploads\/sites\/3\/2013\/07\/1310677web.jpg\" data-rel=\"lightbox-image-1\" data-rl_title=\"\" data-rl_caption=\"\" title=\"\"><img loading=\"lazy\" decoding=\"async\" class=\"alignnone wp-image-141 size-full\" style=\"cursor: default;padding: 0px;margin: 5px;border: 4px solid #e3e3e3\" src=\"\/hapkido\/wp-content\/uploads\/sites\/3\/2013\/07\/1310677web.jpg\" alt=\"\" width=\"908\" height=\"387\" srcset=\"https:\/\/tsv-auerbach.org\/hapkido\/wp-content\/uploads\/sites\/3\/2013\/07\/1310677web.jpg 908w, https:\/\/tsv-auerbach.org\/hapkido\/wp-content\/uploads\/sites\/3\/2013\/07\/1310677web-300x128.jpg 300w, https:\/\/tsv-auerbach.org\/hapkido\/wp-content\/uploads\/sites\/3\/2013\/07\/1310677web-768x327.jpg 768w\" sizes=\"auto, (max-width: 908px) 100vw, 908px\" \/><\/a><\/p>\n<div>\n<p style=\"text-align: justify\">Mit flotter Musik machten sich die Kampfsportler warm, anschlie\u00dfendzeigten dieHapkidoin ihre Hebeltechniken und W\u00fcrfe, nach einer kurzen Pause wurden danach von der Kickbox-Abteilung Schlag- und Boxkombinationen einstudiert und gemeinsam geprobt.\u00a0So konnten beide Gruppen die verschiedenen Stilrichtungen anwenden und am Partner testen.\u00a0Schnell war das Ende nach drei Stunden erreicht, dabei hatten die Teilnehmer aber sichtlich ihren Spass und konnten viele Eindr\u00fccke mitnehmen.\u00a0Die Leiter der beiden Abteilungen Dr. Michael Sch\u00fctz und Jens Peter zeigten sich sehr angetan vom Ablauf der \u00dcbungen und wollen in kommender Regelm\u00e4\u00dfigkeit weitere Lehrg\u00e4nge gemeinsam auszurichten, um das Gelernte zu vertiefen und auszubauen.<\/p>\n<h4 style=\"font-size: 14px;color: #333333;font: normal normal bold 16px\/normal arial;padding: 0px;margin: 20px 0px 5px 0px;border: 0px none initial\"><span class=\"Apple-style-span\" style=\"color: #2c2b2b;font-size: 12px;line-height: 18px;font-weight: normal\">\u00a0<\/span><\/h4>\n<h4><\/h4>\n<h4><b>Gemeinsamer Lehrgang von Kickboxen und Hapkido von der TSV Auerbach<\/b><\/h4>\n<p style=\"text-align: justify\"><a href=\"\/hapkido\/wp-content\/uploads\/sites\/3\/2013\/07\/P1100972_web.jpg\" data-rel=\"lightbox-image-2\" data-rl_title=\"\" data-rl_caption=\"\" title=\"\"><img loading=\"lazy\" decoding=\"async\" class=\"wp-image-131 size-full aligncenter\" src=\"\/hapkido\/wp-content\/uploads\/sites\/3\/2013\/07\/P1100972_web.jpg\" alt=\"\" width=\"680\" height=\"204\" srcset=\"https:\/\/tsv-auerbach.org\/hapkido\/wp-content\/uploads\/sites\/3\/2013\/07\/P1100972_web.jpg 680w, https:\/\/tsv-auerbach.org\/hapkido\/wp-content\/uploads\/sites\/3\/2013\/07\/P1100972_web-300x90.jpg 300w\" sizes=\"auto, (max-width: 680px) 100vw, 680px\" \/><\/a><\/p>\n<p style=\"text-align: justify\">Die Abteilung Hapkido unter der sportlichen Leitung von Dr. Michael Sch\u00fctz hat 2013 ihr 25j\u00e4hriges Jubil\u00e4um bei der TSV gefeiert. Bis dato war die Abteilung die einzige Kampfkunst im Verein. Seit Anfang 2014 wird das Angebot der TSV durch die neue Abteilung Kickboxen unter der Leitung von Jens Peter bereichert.<\/p>\n<p style=\"text-align: justify\">So entstand die Idee, dass die beiden Abteilungen nicht nur nebeneinander trainieren, sondern von einem Austausch auch gegenseitig profitieren k\u00f6nnen. Die Planung eines gemeinsamen Lehrgangs lie\u00df nicht lange auf sich warten. Am Samstag, den 6. Dezember 2014 war es soweit: Rund drei\u00dfig Aktive beider Abteilungen, sowie Hapkido Kollegen vom TV Bensheim fanden sich zum Lehrgang ein.<\/p>\n<p style=\"text-align: justify\">Den Anfang machten die Kickboxer. Nach einem umfangreichen Aufw\u00e4rmtraining zu flotter Musik und dem Stretching, begann das eigentliche Training mit dem Schattenboxen, bei dem Bewegungsabl\u00e4ufe zun\u00e4chst ohne Partner ge\u00fcbt werden. Jens Peter zeigte anschlie\u00dfend eine Reihe von Trainingselementen, bei denen die rasche und fl\u00fcssige Abfolge von Schl\u00e4gen und Kicks trainiert werden. Auch das Kontern von Angriffen wurde anhand einiger typischer Kombinationen demonstriert und ge\u00fcbt. Bei allen Einheiten wurde dem respektvollen und umsichtigen Umgang mit dem Trainingspartner einen hohen Stellenwert einger\u00e4umt.<\/p>\n<p style=\"text-align: justify\"><a href=\"\/hapkido\/wp-content\/uploads\/sites\/3\/2013\/07\/1310685web.jpg\" data-rel=\"lightbox-image-3\" data-rl_title=\"\" data-rl_caption=\"\" title=\"\"><img loading=\"lazy\" decoding=\"async\" class=\"wp-image-142 size-medium alignright\" src=\"\/hapkido\/wp-content\/uploads\/sites\/3\/2013\/07\/1310685web-300x225.jpg\" alt=\"\" width=\"300\" height=\"225\" srcset=\"https:\/\/tsv-auerbach.org\/hapkido\/wp-content\/uploads\/sites\/3\/2013\/07\/1310685web-300x225.jpg 300w, https:\/\/tsv-auerbach.org\/hapkido\/wp-content\/uploads\/sites\/3\/2013\/07\/1310685web.jpg 500w\" sizes=\"auto, (max-width: 300px) 100vw, 300px\" \/><\/a>Nach einer kurzen Pause schloss sich der Hapkido-Teil des Lehrgangs an. Dr. Michael Sch\u00fctz und Markus J\u00e4ger stellten eine Anzahl von Hebeln und W\u00fcrfen vor, die jeweils gemeinsam trainiert wurden. Wie schon im ersten Teil, wurde die Gruppe gemischt, so dass Mitglieder der beiden Abteilungen sich kennen lernen und die Techniken gegenseitig vermitteln konnten. Bei den Hebeln standen Techniken an den Fingern, sowie am Handgelenk und am Ellenbogen im Vordergrund. Der Schwerpunkt auf Hebeln und W\u00fcrfen diente dazu, Besonderheiten des Hapkidos zu demonstrieren. Durch die sehr unterschiedlichen Inhalte war es ein abwechslungsreicher Lehrgang, von dem alle Beteiligen profitieren und neue Impulse mitnehmen konnten. Auch der Spa\u00df am gemeinsamen Training kam nicht zu kurz. Am Ende waren sich alle einig, dass man eine solche Veranstaltung regelm\u00e4\u00dfig wiederholen sollte.<\/p>\n<p>&nbsp;<\/p>\n<h4><strong>Reise nach Seoul zu Gro\u00dfmeister Choi\u00a0<\/strong><\/h4>\n<p style=\"text-align: justify\"><a href=\"\/hapkido\/wp-content\/uploads\/sites\/3\/2014\/10\/Gruppenfoto-vor-Tempel.jpg\" data-rel=\"lightbox-image-4\" data-rl_title=\"\" data-rl_caption=\"\" title=\"\"><img loading=\"lazy\" decoding=\"async\" class=\"wp-image-126 alignright\" src=\"\/hapkido\/wp-content\/uploads\/sites\/3\/2014\/10\/Gruppenfoto-vor-Tempel.jpg\" alt=\"\" width=\"365\" height=\"554\" srcset=\"https:\/\/tsv-auerbach.org\/hapkido\/wp-content\/uploads\/sites\/3\/2014\/10\/Gruppenfoto-vor-Tempel.jpg 620w, https:\/\/tsv-auerbach.org\/hapkido\/wp-content\/uploads\/sites\/3\/2014\/10\/Gruppenfoto-vor-Tempel-198x300.jpg 198w\" sizes=\"auto, (max-width: 365px) 100vw, 365px\" \/><\/a><\/p>\n<p style=\"text-align: justify\">Hapkido ist eine Kampfkunst, die in Korea entwickelt wurde und von dort ihren Weg nach Europa fand. Dr. Michael Sch\u00fctz, Gr\u00fcndungsmitglied und Sportlicher Leiter der Abteilung Hapkido in der TSV Auerbach, hat diese Kampfkunst zun\u00e4chst von koreanischen Meistern in Deutschland gelernt. Vor gut zehn Jahren kn\u00fcpfte er Kontakte nach Korea, um sich dort bei einem der hochrangigsten Gro\u00dfmeister weiter qualifizieren und graduieren zu k\u00f6nnen. Hieraus resultierten mehrere Besuche inklusive Lehrg\u00e4ngen in Seoul und die Verleihung des f\u00fcnften, sechsten und siebten DANs f\u00fcr besondere Verdienste um die Kampfkunst an Michael Sch\u00fctz.<\/p>\n<p style=\"text-align: justify\">Anl\u00e4sslich des 25-j\u00e4hrigen Jubil\u00e4um der TSV-Abteilung im Jahr 2013 hatte sich Dr. Sch\u00fctz einen Lehrgang mit den fortgeschrittenen Aktiven der Abteilung in Korea gew\u00fcnscht. Nun war es soweit: Sieben Mitglieder der Abteilung entschlossen sich, gemeinsam mit ihrem Sportlichen Leiter die Reise anzutreten, um eine Woche lang bei Gro\u00dfmeister Choi zu trainieren.<\/p>\n<p style=\"text-align: justify\">Unmittelbar nach der Ankunft stand der erste Besuch bei Meister Choi in seiner Schule auf dem Programm. Die Verst\u00e4ndigung erfolgte vor allem mit H\u00e4nden und F\u00fc\u00dfen, da der Gastgeber nur wenig mehr Englisch sprach als die Europ\u00e4er des Koreanischen m\u00e4chtig waren. Meister Choi zeigte stolz seine Urkunde, die ihm 2013 bei der Verleihung des 10. DANs \u00fcberreicht worden war &#8211; er geh\u00f6rt als Vize-Verbandspr\u00e4sident zu den wenigen Personen, welche diesen h\u00f6chsten Rang haben. In jedem der vier Hapkido-Verb\u00e4nde gibt es nur zwei Tr\u00e4ger des 10. DANs, womit er einer von acht Meistern mit diesem hohen Rang ist.<\/p>\n<p style=\"text-align: justify\">Das erste Training begann moderat. Der Meister wollte sich offensichtlich erst ein Bild von den Kenntnissen und F\u00e4higkeiten seiner G\u00e4ste machen. Choi zeigte erste Techniken aus seinem Pr\u00fcfungsprogramm. Die folgenden Tage waren \u00e4hnlich strukturiert: drei Stunden Training am Vormittag, anschlie\u00dfend Besichtigungen in Seoul und danach zwei Stunden Abendtraining. Trotz der knappen Zeit sahen die Auerbacher im Alter von 20 bis Mitte 60 den Olympiapark, zwei K\u00f6nigspal\u00e4ste, den Markt und zahlreiche Gassen von Seoul, den Aussichtsh\u00fcgel mit dem Seoul-Tower und eine Verkaufsstelle der Fabrik f\u00fcr Kampfsportbekleidung, wo sie ihre Ausr\u00fcstung erg\u00e4nzen konnten.<\/p>\n<p style=\"text-align: justify\">In Duchon-Dong waren die Europ\u00e4er sehr auff\u00e4llig, da nicht viele Touristen in diesen Stadtteil kommen. So wurden sie h\u00e4ufig angesprochen und fotografiert, gelegentlich auch von deutschsprachigen Koreanern.<\/p>\n<p style=\"text-align: justify\">Das sportliche Programm war vielf\u00e4ltig und umfasste Techniken aus dem &#8222;Kuk Sool Won&#8220; Hapkido, Fallschule, Techniken mit Lang- und Kurzstock, Formen und Bruchtests zum Abschluss. Beim Mittag- und Abendessen lernten die Deutschen die authentische koreanische K\u00fcche kennen. Hierbei unterrichtete der Gro\u00dfmeister mehrfach \u00fcber den richtigen Umgang mit den Spezialit\u00e4ten.<\/p>\n<p style=\"text-align: justify\">Insgesamt verging die Woche wie im Flug. Trotz eines straffen Programms und wenig Schlaf haben die Besucher sportlich viele Impulse bekommen und viele Eindr\u00fccke von Korea sammeln k\u00f6nnen. Am Ende waren sich alle einig, dass die Fahrt ein voller Erfolg war, den sie gerne wiederholen w\u00fcrden.<\/p>\n<p style=\"text-align: center\"><a href=\"\/hapkido\/wp-content\/uploads\/sites\/3\/2014\/10\/Gruppenfoto-Training.jpg\" data-rel=\"lightbox-image-5\" data-rl_title=\"\" data-rl_caption=\"\" title=\"\"><img loading=\"lazy\" decoding=\"async\" class=\"alignnone wp-image-125 size-full\" src=\"\/hapkido\/wp-content\/uploads\/sites\/3\/2014\/10\/Gruppenfoto-Training.jpg\" alt=\"\" width=\"940\" height=\"619\" srcset=\"https:\/\/tsv-auerbach.org\/hapkido\/wp-content\/uploads\/sites\/3\/2014\/10\/Gruppenfoto-Training.jpg 940w, https:\/\/tsv-auerbach.org\/hapkido\/wp-content\/uploads\/sites\/3\/2014\/10\/Gruppenfoto-Training-300x198.jpg 300w, https:\/\/tsv-auerbach.org\/hapkido\/wp-content\/uploads\/sites\/3\/2014\/10\/Gruppenfoto-Training-768x506.jpg 768w\" sizes=\"auto, (max-width: 940px) 100vw, 940px\" \/><\/a><\/p>\n<h4><\/h4>\n<h4><strong>Kub-Pr\u00fcfungen\u00a0am 13.12.2013<\/strong><\/h4>\n<p style=\"text-align: justify\">Zum letzten Mal in diesem Jahr hielt die HapKiDo-Abteilung der TSV Auerbach am 13. Dezember eine Kub-Pr\u00fcfung in der TSV-Vereinshalle ab.\u00a0Insgesamt zeigten 11 Jugendliche und Erwachsene aus verschiedenen Kub-Graden (vom\u00a09. bis zum 6. Kup-Grad)\u00a0Hebeltechniken, Faustabwehrtechniken, Tritte und W\u00fcrfe.\u00a0Gepr\u00fcft wurden die Kampfkunstsportler vom sportl. Leiter der Hapkido-Abteilung Dr. Michael Sch\u00fctz (7.Dan). Weitere Pr\u00fcfer waren an diesem Abend Martin Batzel, H\u00fclya Inal, Markus J\u00e4ger, Cordula Munkes und Bernd Schott. An den gut und sicher ausgef\u00fchrten Techniken konnten sich nicht nur die Pr\u00fcfer freuen, sondern auch die zahlreich anwesenden Eltern, Geschwister und Freunde der Pr\u00fcflinge, die als Zuschauer der Pr\u00fcfung eine wunderbare Kulisse boten.\u00a0Am Ende der Pr\u00fcfung hatten alle Pr\u00fcflinge die Kub-Pr\u00fcfung erfolgreich bestanden und konnten verdient und stolz auf die erbrachte Leistung ihre neuen G\u00fcrtel in Empfang nehmen.<\/p>\n<p style=\"text-align: center\"><a href=\"\/hapkido\/wp-content\/uploads\/sites\/3\/2013\/07\/Pruefung20131215.png\" data-rel=\"lightbox-image-6\" data-rl_title=\"\" data-rl_caption=\"\" title=\"\"><img loading=\"lazy\" decoding=\"async\" class=\"alignnone wp-image-75 size-full\" src=\"\/hapkido\/wp-content\/uploads\/sites\/3\/2013\/07\/Pruefung20131215.png\" alt=\"\" width=\"652\" height=\"301\" srcset=\"https:\/\/tsv-auerbach.org\/hapkido\/wp-content\/uploads\/sites\/3\/2013\/07\/Pruefung20131215.png 652w, https:\/\/tsv-auerbach.org\/hapkido\/wp-content\/uploads\/sites\/3\/2013\/07\/Pruefung20131215-300x138.png 300w\" sizes=\"auto, (max-width: 652px) 100vw, 652px\" \/><\/a><\/p>\n<p>&nbsp;<\/p>\n<\/div>\n","protected":false},"excerpt":{"rendered":"<p>Erfahrungsbericht Gasttraining Hallo, ich bin Cynthia und ich komme aus Taiwan. Ich bin eine Freundin von Chris. When I was small, I was fascinated by martial arts. I really wanted to learn Kung Fu. But my parents didn\u2019t take me serious. Maybe because I am a girl \ud83d\ude09 When my brother was 11 years old, &hellip; <\/p>\n<p><a class=\"more-link btn\" href=\"https:\/\/tsv-auerbach.org\/hapkido\/berichte\/\">Weiterlesen<\/a><\/p>\n","protected":false},"author":1,"featured_media":0,"parent":0,"menu_order":0,"comment_status":"closed","ping_status":"closed","template":"","meta":{"footnotes":""},"class_list":["post-16","page","type-page","status-publish","hentry","nodate","item-wrap"],"_links":{"self":[{"href":"https:\/\/tsv-auerbach.org\/hapkido\/wp-json\/wp\/v2\/pages\/16","targetHints":{"allow":["GET"]}}],"collection":[{"href":"https:\/\/tsv-auerbach.org\/hapkido\/wp-json\/wp\/v2\/pages"}],"about":[{"href":"https:\/\/tsv-auerbach.org\/hapkido\/wp-json\/wp\/v2\/types\/page"}],"author":[{"embeddable":true,"href":"https:\/\/tsv-auerbach.org\/hapkido\/wp-json\/wp\/v2\/users\/1"}],"replies":[{"embeddable":true,"href":"https:\/\/tsv-auerbach.org\/hapkido\/wp-json\/wp\/v2\/comments?post=16"}],"version-history":[{"count":6,"href":"https:\/\/tsv-auerbach.org\/hapkido\/wp-json\/wp\/v2\/pages\/16\/revisions"}],"predecessor-version":[{"id":1407,"href":"https:\/\/tsv-auerbach.org\/hapkido\/wp-json\/wp\/v2\/pages\/16\/revisions\/1407"}],"wp:attachment":[{"href":"https:\/\/tsv-auerbach.org\/hapkido\/wp-json\/wp\/v2\/media?parent=16"}],"curies":[{"name":"wp","href":"https:\/\/api.w.org\/{rel}","templated":true}]}}