{"id":460,"date":"2018-06-14T16:28:45","date_gmt":"2018-06-14T14:28:45","guid":{"rendered":"http:\/\/tsv.mailbase.info\/hapkido\/?page_id=460"},"modified":"2025-05-27T01:18:52","modified_gmt":"2025-05-26T23:18:52","slug":"auf-dem-neusten-stand-bleiben","status":"publish","type":"page","link":"https:\/\/tsv-auerbach.org\/hapkido\/auf-dem-neusten-stand-bleiben\/","title":{"rendered":"Auf dem neuesten Stand bleiben"},"content":{"rendered":"<p><a href=\"http:\/\/tsv.mailbase.info\/hapkido\/wp-content\/uploads\/sites\/4\/2018\/06\/RSS-icon.png\" data-rel=\"lightbox-image-0\" data-rl_title=\"\" data-rl_caption=\"\" title=\"\"><img loading=\"lazy\" decoding=\"async\" class=\"alignnone wp-image-473\" src=\"http:\/\/tsv.mailbase.info\/hapkido\/wp-content\/uploads\/sites\/4\/2018\/06\/RSS-icon.png\" alt=\"\" width=\"77\" height=\"77\" srcset=\"https:\/\/tsv-auerbach.org\/hapkido\/wp-content\/uploads\/sites\/3\/2018\/06\/RSS-icon.png 512w, https:\/\/tsv-auerbach.org\/hapkido\/wp-content\/uploads\/sites\/3\/2018\/06\/RSS-icon-150x150.png 150w, https:\/\/tsv-auerbach.org\/hapkido\/wp-content\/uploads\/sites\/3\/2018\/06\/RSS-icon-300x300.png 300w\" sizes=\"auto, (max-width: 77px) 100vw, 77px\" \/><\/a><\/p>\n<p>Wenn Sie immer gleich \u00fcber neue Termine oder Termin\u00e4nderungen informiert werden m\u00f6chten, dann abonnieren Sie am Besten unseren Termin RSS Feed:<\/p>\n<p><a href=\"http:\/\/tsv.mailbase.info\/hapkido\/category\/termine\/feed\/\">Neuste Termine per RSS<\/a><\/p>\n<p>Und wenn Sie allgemein alle neuen Beitr\u00e4ge unserer Webseite interessieren, dann gibt es hier den:<br \/>\n<a href=\"https:\/\/tsv-auerbach.org\/hapkido\/feed\/\" target=\"_blank\" rel=\"noopener\">Hap-Ki-Do Auerbach RSS Feed<\/a><\/p>\n<p>Sollte beim Klick auf den Link nichts passieren, dann kann es sein, dass Sie keinen RSS-Reader installiert haben. Mehr dazu hier: <a href=\"\/rss-feed-reader\/\">RSS Feed Reader<\/a><span id=\"sample-permalink\"><\/span><\/p>\n","protected":false},"excerpt":{"rendered":"<p>Wenn Sie immer gleich \u00fcber neue Termine oder Termin\u00e4nderungen informiert werden m\u00f6chten, dann abonnieren Sie am Besten unseren Termin RSS Feed: Neuste Termine per RSS Und wenn Sie allgemein alle neuen Beitr\u00e4ge unserer Webseite interessieren, dann gibt es hier den: Hap-Ki-Do Auerbach RSS Feed Sollte beim Klick auf den Link nichts passieren, dann kann es &hellip; <\/p>\n<p><a class=\"more-link btn\" href=\"https:\/\/tsv-auerbach.org\/hapkido\/auf-dem-neusten-stand-bleiben\/\">Weiterlesen<\/a><\/p>\n","protected":false},"author":1,"featured_media":0,"parent":0,"menu_order":0,"comment_status":"closed","ping_status":"closed","template":"","meta":{"footnotes":""},"class_list":["post-460","page","type-page","status-publish","hentry","nodate","item-wrap"],"_links":{"self":[{"href":"https:\/\/tsv-auerbach.org\/hapkido\/wp-json\/wp\/v2\/pages\/460","targetHints":{"allow":["GET"]}}],"collection":[{"href":"https:\/\/tsv-auerbach.org\/hapkido\/wp-json\/wp\/v2\/pages"}],"about":[{"href":"https:\/\/tsv-auerbach.org\/hapkido\/wp-json\/wp\/v2\/types\/page"}],"author":[{"embeddable":true,"href":"https:\/\/tsv-auerbach.org\/hapkido\/wp-json\/wp\/v2\/users\/1"}],"replies":[{"embeddable":true,"href":"https:\/\/tsv-auerbach.org\/hapkido\/wp-json\/wp\/v2\/comments?post=460"}],"version-history":[{"count":4,"href":"https:\/\/tsv-auerbach.org\/hapkido\/wp-json\/wp\/v2\/pages\/460\/revisions"}],"predecessor-version":[{"id":1669,"href":"https:\/\/tsv-auerbach.org\/hapkido\/wp-json\/wp\/v2\/pages\/460\/revisions\/1669"}],"wp:attachment":[{"href":"https:\/\/tsv-auerbach.org\/hapkido\/wp-json\/wp\/v2\/media?parent=460"}],"curies":[{"name":"wp","href":"https:\/\/api.w.org\/{rel}","templated":true}]}}