{"id":9,"date":"2013-07-08T15:04:00","date_gmt":"2013-07-08T13:04:00","guid":{"rendered":"http:\/\/hapkidoauerbach.de\/?page_id=9"},"modified":"2018-08-26T21:12:13","modified_gmt":"2018-08-26T19:12:13","slug":"hapkido-prinzipien","status":"publish","type":"page","link":"https:\/\/tsv-auerbach.org\/hapkido\/hapkido-prinzipien\/","title":{"rendered":"Hapkido Prinzipien"},"content":{"rendered":"<p>Jede Technik im Hapkido ist so ausgelegt, dass sie ohne Kraft funktioniert, denn auch k\u00f6rperlich unterlegene Personen m\u00fcssen in der Lage sein, sich effektiv zu wehren. Deshalb verzichtet man auf eigenen Krafteinsatz. Stattdessen nutzt man Kraft und Bewegung des Gegners aus, um sie gegen ihn einzusetzen. Das wird erreicht, indem sich die Kampfkunst Hapkido an drei Prinzipien orientiert, die nun erkl\u00e4rt werden sollen.<\/p>\n<div>\n<h2><span class=\"Apple-style-span\" style=\"color: #000000;font-size: 12pt;line-height: 18px;font-weight: normal\"><strong>Kreis (Won)<\/strong><\/span><\/h2>\n<\/div>\n<p>Das Prinzip des Kreises findet sich in jeder Technik wieder. Die in einer Abwehrtechnik einwirkende Kraft wird aufgenommen und in einen Kreis oder eine Kreisbewegung gef\u00fchrt. Dies erm\u00f6glicht es, ohne eigenen Kraftaufwand, die Bewegung des Gegners zu kontrollieren und zu nutzen.<\/p>\n<div>\n<h2><span class=\"Apple-style-span\" style=\"color: #000000;font-size: 12pt;line-height: 18px;font-weight: normal\"><strong>Fluss (Yu)<\/strong><\/span><\/h2>\n<\/div>\n<p>Beobachtet man einen Fluss, kann man zwei Dinge feststellen. Zum einen das Verhalten gegen\u00fcber eines Hindernisses. Statt dagegen zu prallen, umstr\u00f6mt das Wasser Steine, die in seinem Lauf liegen. Es passt sich seiner Umgebung ideal an. Dies wird im Hapkido umgesetzt, indem man niemals Kraft gegen Kraft einsetzt, sondern dieser immer mit Weichheit begegnet. Zum anderen kann Wasser ungeahnte und zerst\u00f6rerische Wirkung haben, staut man es auf und l\u00e4sst es schlagartig frei. Auch das l\u00e4sst sich in den Techniken wiederfinden, die durch einfache Bewegungen eine gro\u00dfe Wirkung erzeugen k\u00f6nnen.<\/p>\n<div>\n<h2><span class=\"Apple-style-span\" style=\"color: #000000;font-size: 12pt;line-height: 18px;font-weight: normal\"><strong>Einwirkung (Hwa)<\/strong><\/span><\/h2>\n<\/div>\n<p>Das Prinzip der Einwirkung hat zwei Aspekte, die betrachtet werden m\u00fcssen. Einer trifft schon vor einer Auseinandersetzung zu. Bereits durch das eigene Auftreten kann eine solche Wirkung erzielt werden, die m\u00f6glicherweise einen Kampf vermeidet. Dabei geht es nicht um Einsch\u00fcchterung, sondern vielmehr um Geistesgegenwart und die eigene Haltung. Der zweite Aspekt trifft auf den Verteidigungsfall zu: Man beeinflusst den Gegner, sodass bestimmte Reaktionen ausgel\u00f6st werden. Diese werden dann ausgenutzt.<\/p>\n","protected":false},"excerpt":{"rendered":"<p>Jede Technik im Hapkido ist so ausgelegt, dass sie ohne Kraft funktioniert, denn auch k\u00f6rperlich unterlegene Personen m\u00fcssen in der Lage sein, sich effektiv zu wehren. Deshalb verzichtet man auf eigenen Krafteinsatz. Stattdessen nutzt man Kraft und Bewegung des Gegners aus, um sie gegen ihn einzusetzen. Das wird erreicht, indem sich die Kampfkunst Hapkido an &hellip; <\/p>\n<p><a class=\"more-link btn\" href=\"https:\/\/tsv-auerbach.org\/hapkido\/hapkido-prinzipien\/\">Weiterlesen<\/a><\/p>\n","protected":false},"author":1,"featured_media":0,"parent":0,"menu_order":0,"comment_status":"closed","ping_status":"closed","template":"","meta":{"footnotes":""},"class_list":["post-9","page","type-page","status-publish","hentry","nodate","item-wrap"],"_links":{"self":[{"href":"https:\/\/tsv-auerbach.org\/hapkido\/wp-json\/wp\/v2\/pages\/9","targetHints":{"allow":["GET"]}}],"collection":[{"href":"https:\/\/tsv-auerbach.org\/hapkido\/wp-json\/wp\/v2\/pages"}],"about":[{"href":"https:\/\/tsv-auerbach.org\/hapkido\/wp-json\/wp\/v2\/types\/page"}],"author":[{"embeddable":true,"href":"https:\/\/tsv-auerbach.org\/hapkido\/wp-json\/wp\/v2\/users\/1"}],"replies":[{"embeddable":true,"href":"https:\/\/tsv-auerbach.org\/hapkido\/wp-json\/wp\/v2\/comments?post=9"}],"version-history":[{"count":2,"href":"https:\/\/tsv-auerbach.org\/hapkido\/wp-json\/wp\/v2\/pages\/9\/revisions"}],"predecessor-version":[{"id":631,"href":"https:\/\/tsv-auerbach.org\/hapkido\/wp-json\/wp\/v2\/pages\/9\/revisions\/631"}],"wp:attachment":[{"href":"https:\/\/tsv-auerbach.org\/hapkido\/wp-json\/wp\/v2\/media?parent=9"}],"curies":[{"name":"wp","href":"https:\/\/api.w.org\/{rel}","templated":true}]}}