{"id":1764,"date":"2025-06-04T20:25:28","date_gmt":"2025-06-04T18:25:28","guid":{"rendered":"https:\/\/tsv-auerbach.org\/kickboxen\/?page_id=1764"},"modified":"2025-06-04T20:40:01","modified_gmt":"2025-06-04T18:40:01","slug":"was-ist-kickboxen","status":"publish","type":"page","link":"https:\/\/tsv-auerbach.org\/kickboxen\/was-ist-kickboxen\/","title":{"rendered":"Was ist Kickboxen?"},"content":{"rendered":"<p><img loading=\"lazy\" decoding=\"async\" class=\"size-medium wp-image-844 alignright\" src=\"\/kickboxen\/wp-content\/uploads\/sites\/7\/2018\/12\/kickboxen4-500x452.jpg\" alt=\"\" width=\"500\" height=\"452\" srcset=\"https:\/\/tsv-auerbach.org\/kickboxen\/wp-content\/uploads\/sites\/7\/2018\/12\/kickboxen4-500x452.jpg 500w, https:\/\/tsv-auerbach.org\/kickboxen\/wp-content\/uploads\/sites\/7\/2018\/12\/kickboxen4-768x694.jpg 768w, https:\/\/tsv-auerbach.org\/kickboxen\/wp-content\/uploads\/sites\/7\/2018\/12\/kickboxen4.jpg 1196w\" sizes=\"auto, (max-width: 500px) 100vw, 500px\" \/><\/p>\n<p>Kickboxen ist eine Kampfsportart bei der die wirksamsten Tritte fern\u00f6stlicher Kampfk\u00fcnste mit konventionellem Boxen kombiniert werden. Dadurch wird beim Training der gesamte K\u00f6rper beansprucht und umfassend trainiert.<\/p>\n<p>Geschult werden Bewegungskoordination, Beweglichkeit, Ausdauer, Kraftausdauer, Schnellkraft und technisch-taktische F\u00e4higkeiten.<\/p>\n<p>Die Herausbildung einer starken Pers\u00f6nlichkeit und gesundheitliche Aspekte sind ebenfalls von Bedeutung. Wir gehen fair und r\u00fccksichtsvoll miteinander um, ohne uns zu verletzen.<\/p>\n<p>In unserem Training legen wir viel Wert auf Freude am Sport und an der Bewegung, soziales Verhalten und Teamgeist sowie die F\u00f6rderung von Selbstbewu\u00dftsein und Konzentration.<\/p>\n<p>Kickboxen als Wettkampfdisziplin geht auf das Jahr 1974 zur\u00fcck, es hie\u00df damals \u201eAll Style Karate\u201c oder \u201eSportkarate\u201c. Die Gr\u00fcnder f\u00fchrten die traditionellen fern\u00f6stlichen Kampfsysteme (Karate, Taekwondo, Kung-Fu, usw.) zusammen, um sich in einen sportlichen Wettkampf in Schutzausr\u00fcstung und mit einheitlichen Regeln zu messen.<\/p>\n<p>Weitere Informationen: <a href=\"https:\/\/de.wikipedia.org\/wiki\/Kickboxen\" target=\"_blank\" rel=\"noopener\">Kickboxen (Wikipedia)<\/a>, <a href=\"https:\/\/wako-deutschland.de\/kickboxen\/\" target=\"_blank\" rel=\"noopener\">Kickboxen (WAKO Deutschland)<\/a><\/p>\n<p><strong>Trainingsinhalte:<\/strong><\/p>\n<ul>\n<li>Es werden Faust- und Fu\u00dftechniken mit den dazugeh\u00f6rigen Verteidigungskonzepten und taktische F\u00e4higkeiten vermittelt.<\/li>\n<li>F\u00fcr G\u00fcrtelpr\u00fcfungen stehen zus\u00e4tzlich Selbstverteidigung und Fallschule auf dem Trainingsplan.<\/li>\n<li>Die Inhalte f\u00fchren von den Grundlagen bis zum wettkampforientierten Training.<\/li>\n<\/ul>\n<p>&nbsp;<\/p>\n<p><strong>Wer kann Kickboxen erlernen?<\/strong><\/p>\n<p>Jeder, der Interesse an diesem Kampfsport hat oder der sich einfach nur fit halten m\u00f6chte, ist herzlich eingeladen. Ganz gleich, ob Anf\u00e4nger, Fortgeschrittener oder Wettk\u00e4mpfer, ob m\u00e4nnlich oder weiblich, ob alt oder jung.<\/p>\n<p>&nbsp;<\/p>\n<p><strong>Wie geht es los?<\/strong><\/p>\n<p>Am Anfang gen\u00fcgt eine Jogginghose und ein T-Shirt. Wir trainieren barfu\u00df. Und los geht\u2019s!<\/p>\n","protected":false},"excerpt":{"rendered":"<p>Kickboxen ist eine Kampfsportart bei der die wirksamsten Tritte fern\u00f6stlicher Kampfk\u00fcnste mit konventionellem Boxen kombiniert werden. Dadurch wird beim Training der gesamte K\u00f6rper beansprucht und umfassend trainiert. Geschult werden Bewegungskoordination, Beweglichkeit, Ausdauer, Kraftausdauer, Schnellkraft und technisch-taktische F\u00e4higkeiten. Die Herausbildung einer starken Pers\u00f6nlichkeit und gesundheitliche Aspekte sind ebenfalls von Bedeutung. Wir gehen fair und r\u00fccksichtsvoll miteinander &hellip; <\/p>\n<p><a class=\"more-link btn\" href=\"https:\/\/tsv-auerbach.org\/kickboxen\/was-ist-kickboxen\/\">Weiterlesen<\/a><\/p>\n","protected":false},"author":20,"featured_media":0,"parent":0,"menu_order":0,"comment_status":"closed","ping_status":"closed","template":"","meta":{"footnotes":""},"class_list":["post-1764","page","type-page","status-publish","hentry","nodate","item-wrap"],"_links":{"self":[{"href":"https:\/\/tsv-auerbach.org\/kickboxen\/wp-json\/wp\/v2\/pages\/1764","targetHints":{"allow":["GET"]}}],"collection":[{"href":"https:\/\/tsv-auerbach.org\/kickboxen\/wp-json\/wp\/v2\/pages"}],"about":[{"href":"https:\/\/tsv-auerbach.org\/kickboxen\/wp-json\/wp\/v2\/types\/page"}],"author":[{"embeddable":true,"href":"https:\/\/tsv-auerbach.org\/kickboxen\/wp-json\/wp\/v2\/users\/20"}],"replies":[{"embeddable":true,"href":"https:\/\/tsv-auerbach.org\/kickboxen\/wp-json\/wp\/v2\/comments?post=1764"}],"version-history":[{"count":8,"href":"https:\/\/tsv-auerbach.org\/kickboxen\/wp-json\/wp\/v2\/pages\/1764\/revisions"}],"predecessor-version":[{"id":2379,"href":"https:\/\/tsv-auerbach.org\/kickboxen\/wp-json\/wp\/v2\/pages\/1764\/revisions\/2379"}],"wp:attachment":[{"href":"https:\/\/tsv-auerbach.org\/kickboxen\/wp-json\/wp\/v2\/media?parent=1764"}],"curies":[{"name":"wp","href":"https:\/\/api.w.org\/{rel}","templated":true}]}}