{"id":1863,"date":"2025-06-04T20:20:04","date_gmt":"2025-06-04T18:20:04","guid":{"rendered":"https:\/\/tsv-auerbach.org\/kickboxen\/?page_id=1863"},"modified":"2026-02-06T16:43:22","modified_gmt":"2026-02-06T15:43:22","slug":"vorstand","status":"publish","type":"page","link":"https:\/\/tsv-auerbach.org\/kickboxen\/vorstand\/","title":{"rendered":"Vorstand"},"content":{"rendered":"<p><span style=\"font-size: 14pt\"><strong>Mathias Diener &#8211; Abteilungsleiter Kickboxen<br \/>\n<\/strong><\/span><\/p>\n<p><strong>Jahrgang:<br \/>\n<\/strong><span style=\"font-size: 12pt\">1978<\/span><\/p>\n<p><strong>Sportarten:<br \/>\n<\/strong><span style=\"font-size: 12pt\">Kickboxen (seit 2010 betreibe ich Kickboxen), Thaiboxen und Judo\u00a0<\/span><\/p>\n<p><strong>Aktuelle G\u00fcrtel-Graduierung:<br \/>\n<\/strong><span style=\"font-size: 12pt\">Gr\u00fcn Kickboxen (WAKO)<br \/>\nBraun Judo (DJB)<\/span><\/p>\n<p>&nbsp;<\/p>\n<p><strong><span style=\"font-size: 14pt\">Jens Peter &#8211; stellvertretender Abteilungsleiter (Gr\u00fcnder der Abteilung)<\/span><\/strong><\/p>\n<p><strong>Jens Peter<br \/>\n<em>&#8222;seit 1983 betreibe ich Kampfsport, davon 9 Jahre Judo, Thaiboxen, Ju-Jutsu und seit \u00fcber 33 Jahren Kickboxen.&#8220;<\/em><\/strong><\/p>\n<p><strong>Jahrgang:<br \/>\n<\/strong>1976<\/p>\n<p><strong>Sportarten:<\/strong><br \/>\nKickboxen, Thaiboxen, Ju-Jutsu und Judo<\/p>\n<p><strong>Aktuelle G\u00fcrtel-Graduierung:<br \/>\n<\/strong>1. DAN (Meistergrad) Kickboxen (WAKO)<\/p>\n<p>&nbsp;<\/p>\n<p><strong><span style=\"font-size: 14pt\">Alexander Homa &#8211; Kassenwart<\/span><\/strong><\/p>\n<p><strong>Jahrgang:<br \/>\n<\/strong>1982<\/p>\n<p><strong>Sportarten:<br \/>\n<\/strong>Kickboxen, Judo<\/p>\n<p><strong>Aktuelle G\u00fcrtel-Graduierung:<br \/>\n<\/strong>Blau Kickboxen (WAKO)<\/p>\n<p>&nbsp;<\/p>\n<p><strong><span style=\"font-size: 14pt\">Natalie H\u00e4rtel &#8211; Pressewartin<\/span><br \/>\n<\/strong><\/p>\n<p><strong>Jahrgang:<br \/>\n<\/strong>1998<\/p>\n<p><strong>Sportarten:<br \/>\n<\/strong>Kickboxen<\/p>\n<p><strong>Aktuelle G\u00fcrtel-Graduierung:<br \/>\n<\/strong>2. DAN (Meistergrad) Kickboxen (WAKO)<\/p>\n","protected":false},"excerpt":{"rendered":"<p>Mathias Diener &#8211; Abteilungsleiter Kickboxen Jahrgang: 1978 Sportarten: Kickboxen (seit 2010 betreibe ich Kickboxen), Thaiboxen und Judo\u00a0 Aktuelle G\u00fcrtel-Graduierung: Gr\u00fcn Kickboxen (WAKO) Braun Judo (DJB) &nbsp; Jens Peter &#8211; stellvertretender Abteilungsleiter (Gr\u00fcnder der Abteilung) Jens Peter &#8222;seit 1983 betreibe ich Kampfsport, davon 9 Jahre Judo, Thaiboxen, Ju-Jutsu und seit \u00fcber 33 Jahren Kickboxen.&#8220; Jahrgang: 1976 &hellip; <\/p>\n<p><a class=\"more-link btn\" href=\"https:\/\/tsv-auerbach.org\/kickboxen\/vorstand\/\">Weiterlesen<\/a><\/p>\n","protected":false},"author":19,"featured_media":0,"parent":0,"menu_order":0,"comment_status":"closed","ping_status":"closed","template":"","meta":{"footnotes":""},"class_list":["post-1863","page","type-page","status-publish","hentry","nodate","item-wrap"],"_links":{"self":[{"href":"https:\/\/tsv-auerbach.org\/kickboxen\/wp-json\/wp\/v2\/pages\/1863","targetHints":{"allow":["GET"]}}],"collection":[{"href":"https:\/\/tsv-auerbach.org\/kickboxen\/wp-json\/wp\/v2\/pages"}],"about":[{"href":"https:\/\/tsv-auerbach.org\/kickboxen\/wp-json\/wp\/v2\/types\/page"}],"author":[{"embeddable":true,"href":"https:\/\/tsv-auerbach.org\/kickboxen\/wp-json\/wp\/v2\/users\/19"}],"replies":[{"embeddable":true,"href":"https:\/\/tsv-auerbach.org\/kickboxen\/wp-json\/wp\/v2\/comments?post=1863"}],"version-history":[{"count":41,"href":"https:\/\/tsv-auerbach.org\/kickboxen\/wp-json\/wp\/v2\/pages\/1863\/revisions"}],"predecessor-version":[{"id":2414,"href":"https:\/\/tsv-auerbach.org\/kickboxen\/wp-json\/wp\/v2\/pages\/1863\/revisions\/2414"}],"wp:attachment":[{"href":"https:\/\/tsv-auerbach.org\/kickboxen\/wp-json\/wp\/v2\/media?parent=1863"}],"curies":[{"name":"wp","href":"https:\/\/api.w.org\/{rel}","templated":true}]}}