{"id":1865,"date":"2025-06-07T21:20:40","date_gmt":"2025-06-07T19:20:40","guid":{"rendered":"https:\/\/tsv-auerbach.org\/kickboxen\/?page_id=1865"},"modified":"2026-02-06T16:41:08","modified_gmt":"2026-02-06T15:41:08","slug":"trainer","status":"publish","type":"page","link":"https:\/\/tsv-auerbach.org\/kickboxen\/trainer\/","title":{"rendered":"Trainer"},"content":{"rendered":"<p><span style=\"font-size: 14pt\"><strong>Jens Peter &#8211; Meistergrad 1. DAN<\/strong><\/span><\/p>\n<ul>\n<li>Trainer seit 2012<\/li>\n<li>DOSB &#8211; WAKO Kickboxen: C Lizenz Breitensport<\/li>\n<li>Coaching (HKBV e.V.)<\/li>\n<li>Kampfrichter (HKBV e.V.)<\/li>\n<li>Sportliche Erfolge<\/li>\n<\/ul>\n<ul>\n<li style=\"list-style-type: none\">\n<ul>\n<li>1. Platz Saarlandmeisterschaften 1999<\/li>\n<li>Mitglied des deutschen Nationalteams in der Disziplin Leichtkontakt 1999<\/li>\n<li>Teilnahme an der Weltmeisterschaft im Kickboxen in Malta 1999<\/li>\n<li>1. Platz Internationale Deutsche Meisterschaften 2001<\/li>\n<li>2. Platz Deutsche Meisterschaften<\/li>\n<li>Mitglied des deutschen Nationalteams in der Disziplin Leichtkontakt 2001<\/li>\n<li>Teilnahme Weltmeisterschaft in Wien 2001<\/li>\n<li>2. Platz WKA World-Cup 2001<\/li>\n<li>1. Platz Hessische Polizeimeisterschaften in Ju-Jutsu 2002<\/li>\n<li>2. Platz Hessische Polizeimeisterschaften in Ju-Justu 2003<\/li>\n<li>2. Platz Hessenmeisterschaft 2014<\/li>\n<li>3. Platz Deutsche Meisterschaften 2015<\/li>\n<\/ul>\n<\/li>\n<\/ul>\n<p>&nbsp;<\/p>\n<p><span style=\"font-size: 14pt\"><strong>Alexander Homa &#8211; blau<img loading=\"lazy\" decoding=\"async\" class=\"alignright size-medium wp-image-2184\" src=\"https:\/\/tsv-auerbach.org\/kickboxen\/wp-content\/uploads\/sites\/7\/2023\/03\/Alex-333x500.jpg\" alt=\"\" width=\"333\" height=\"500\" srcset=\"https:\/\/tsv-auerbach.org\/kickboxen\/wp-content\/uploads\/sites\/7\/2023\/03\/Alex-333x500.jpg 333w, https:\/\/tsv-auerbach.org\/kickboxen\/wp-content\/uploads\/sites\/7\/2023\/03\/Alex-768x1152.jpg 768w, https:\/\/tsv-auerbach.org\/kickboxen\/wp-content\/uploads\/sites\/7\/2023\/03\/Alex-847x1270.jpg 847w, https:\/\/tsv-auerbach.org\/kickboxen\/wp-content\/uploads\/sites\/7\/2023\/03\/Alex.jpg 987w\" sizes=\"auto, (max-width: 333px) 100vw, 333px\" \/><\/strong><\/span><\/p>\n<ul>\n<li>Trainer seit 2017<\/li>\n<li>DOSB &#8211; WAKO Kickboxen: C Lizenz Breitensport<\/li>\n<li>Coaching (HKBV e.V.)<\/li>\n<li>Sportliche Erfolge\n<ul>\n<li>1. Platz Leichtkontakt Newcomer 2016<\/li>\n<\/ul>\n<\/li>\n<\/ul>\n<p>&nbsp;<\/p>\n<p>&nbsp;<\/p>\n<p>&nbsp;<\/p>\n<p>&nbsp;<\/p>\n<p>&nbsp;<\/p>\n<p>&nbsp;<\/p>\n<p>&nbsp;<\/p>\n<p>&nbsp;<\/p>\n<p>&nbsp;<\/p>\n<p><strong><span style=\"font-size: 14pt\">Wakil Wassiri &#8211; braun<img loading=\"lazy\" decoding=\"async\" class=\"alignright size-medium wp-image-2186\" src=\"https:\/\/tsv-auerbach.org\/kickboxen\/wp-content\/uploads\/sites\/7\/2023\/03\/Wakil-333x500.jpg\" alt=\"\" width=\"333\" height=\"500\" srcset=\"https:\/\/tsv-auerbach.org\/kickboxen\/wp-content\/uploads\/sites\/7\/2023\/03\/Wakil-333x500.jpg 333w, https:\/\/tsv-auerbach.org\/kickboxen\/wp-content\/uploads\/sites\/7\/2023\/03\/Wakil-1015x1524.jpg 1015w, https:\/\/tsv-auerbach.org\/kickboxen\/wp-content\/uploads\/sites\/7\/2023\/03\/Wakil-768x1153.jpg 768w, https:\/\/tsv-auerbach.org\/kickboxen\/wp-content\/uploads\/sites\/7\/2023\/03\/Wakil-1023x1536.jpg 1023w, https:\/\/tsv-auerbach.org\/kickboxen\/wp-content\/uploads\/sites\/7\/2023\/03\/Wakil-847x1271.jpg 847w, https:\/\/tsv-auerbach.org\/kickboxen\/wp-content\/uploads\/sites\/7\/2023\/03\/Wakil.jpg 1066w\" sizes=\"auto, (max-width: 333px) 100vw, 333px\" \/><\/span><\/strong><\/p>\n<ul>\n<li>Trainer seit 2021<\/li>\n<li>DOSB &#8211; WAKO Kickboxen: C Lizenz Leistungssport<\/li>\n<li>Coaching (HKBV e.V.)<\/li>\n<li>Landeskampfrichter (HKBV e.V.): C Lizenz<\/li>\n<\/ul>\n<p>&nbsp;<\/p>\n<p>&nbsp;<\/p>\n<p>&nbsp;<\/p>\n<p>&nbsp;<\/p>\n<p>&nbsp;<\/p>\n<p>&nbsp;<\/p>\n<p>&nbsp;<\/p>\n<p>&nbsp;<\/p>\n<p>&nbsp;<\/p>\n<p>&nbsp;<\/p>\n<p><span style=\"font-size: 14pt\"><strong>Natalie H\u00e4rtel &#8211; Meistergrad 2. DAN<img loading=\"lazy\" decoding=\"async\" class=\"alignright size-medium wp-image-2185\" src=\"https:\/\/tsv-auerbach.org\/kickboxen\/wp-content\/uploads\/sites\/7\/2023\/03\/Natalie-333x500.jpg\" alt=\"\" width=\"333\" height=\"500\" srcset=\"https:\/\/tsv-auerbach.org\/kickboxen\/wp-content\/uploads\/sites\/7\/2023\/03\/Natalie-333x500.jpg 333w, https:\/\/tsv-auerbach.org\/kickboxen\/wp-content\/uploads\/sites\/7\/2023\/03\/Natalie-1016x1524.jpg 1016w, https:\/\/tsv-auerbach.org\/kickboxen\/wp-content\/uploads\/sites\/7\/2023\/03\/Natalie-768x1152.jpg 768w, https:\/\/tsv-auerbach.org\/kickboxen\/wp-content\/uploads\/sites\/7\/2023\/03\/Natalie-1024x1536.jpg 1024w, https:\/\/tsv-auerbach.org\/kickboxen\/wp-content\/uploads\/sites\/7\/2023\/03\/Natalie-847x1271.jpg 847w, https:\/\/tsv-auerbach.org\/kickboxen\/wp-content\/uploads\/sites\/7\/2023\/03\/Natalie.jpg 1066w\" sizes=\"auto, (max-width: 333px) 100vw, 333px\" \/><\/strong><\/span><\/p>\n<ul>\n<li>Trainerin seit 2023<\/li>\n<li>DOSB &#8211; WAKO Kickboxen: C Lizenz Leistungssport<\/li>\n<li>Coaching (HKBV e.V.)<\/li>\n<li>Landeskampfrichter (HKBV e.V.): C Lizenz<\/li>\n<li>Sportliche Erfolge<\/li>\n<\/ul>\n<ul>\n<li style=\"list-style-type: none\">\n<ul>\n<li>2. Platz Kick-Light Nachwuchsturnier 2024<\/li>\n<li>2. Platz Kick-Light Hessenmeisterschaft 2024<\/li>\n<li>2. Platz Leichtkontakt Hessenmeisterschaft 2024<\/li>\n<li>3. Platz Kick-Light Deutsche Meisterschaft 2024<\/li>\n<\/ul>\n<\/li>\n<\/ul>\n<p>&nbsp;<\/p>\n<p>&nbsp;<\/p>\n<p>&nbsp;<\/p>\n<p>&nbsp;<\/p>\n<p>&nbsp;<\/p>\n<p>&nbsp;<\/p>\n<p>&nbsp;<\/p>\n<p><span style=\"font-size: 14pt\"><strong>Sebastian H\u00e4rtel &#8211; blau<\/strong><\/span><\/p>\n<ul>\n<li>Trainer seit 2023<\/li>\n<li>DOSB &#8211; WAKO Kickboxen: C Lizenz Breitensport<\/li>\n<li>Coaching (HKBV e.V.)<\/li>\n<\/ul>\n<p>&nbsp;<\/p>\n<p><span style=\"font-size: 14pt\"><strong>Marleen Alder &#8211; blau<\/strong><\/span><\/p>\n<ul>\n<li>Trainer-Assistentin seit 2022<\/li>\n<li>WAKO Kickboxen: Vorstufenqualifikation \/ Grundschein Trainer-Assistent<\/li>\n<\/ul>\n<p>&nbsp;<\/p>\n<p><span style=\"font-size: 14pt\"><strong>Jannis Pl\u00f6\u00dfer &#8211; gr\u00fcn<\/strong><\/span><\/p>\n<ul>\n<li>Trainer-Assistent seit 2023<\/li>\n<li>WAKO Kickboxen: Vorstufenqualifikation \/ Grundschein Trainer-Assistent<\/li>\n<\/ul>\n<p>&nbsp;<\/p>\n<p><span style=\"font-size: 14pt\"><strong>Volker H\u00e4rtel &#8211; gr\u00fcn<\/strong><\/span><\/p>\n<ul>\n<li>Trainer-Assistent seit 2025<\/li>\n<\/ul>\n<p>&nbsp;<\/p>\n<p><span style=\"font-size: 14pt\"><strong>Mathias Diener &#8211; gr\u00fcn<\/strong><\/span><\/p>\n<ul>\n<li>Trainer-Assistent seit 2025<\/li>\n<\/ul>\n<p>&nbsp;<\/p>\n<p><span style=\"font-size: 14pt\"><strong>Fabian B\u00f6hm &#8211; gr\u00fcn<\/strong><\/span><\/p>\n<ul>\n<li>Trainer-Assistent seit 2025<\/li>\n<li>Sportliche Erfolge\n<ul>\n<li>1. Platz Leichtkontakt Manus Trophy 2024<\/li>\n<li>2. Platz Leichtkontakt Tatami Newcomer Turnier 2025<\/li>\n<li>1. Platz Leichtkontakt Bezirksmeisterschaft 2025<\/li>\n<li>3. Platz Leichtkontakt Hessenmeisterschaft 2025<\/li>\n<\/ul>\n<\/li>\n<\/ul>\n<p>&nbsp;<\/p>\n<p><span style=\"font-size: 14pt\"><strong>Jannik Doroch &#8211; blau<\/strong><\/span><\/p>\n<ul>\n<li>Trainer-Assistent seit 2025<\/li>\n<li>1. DAN (Meistergrad) Hapkido<\/li>\n<\/ul>\n","protected":false},"excerpt":{"rendered":"<p>Jens Peter &#8211; Meistergrad 1. DAN Trainer seit 2012 DOSB &#8211; WAKO Kickboxen: C Lizenz Breitensport Coaching (HKBV e.V.) Kampfrichter (HKBV e.V.) Sportliche Erfolge 1. Platz Saarlandmeisterschaften 1999 Mitglied des deutschen Nationalteams in der Disziplin Leichtkontakt 1999 Teilnahme an der Weltmeisterschaft im Kickboxen in Malta 1999 1. Platz Internationale Deutsche Meisterschaften 2001 2. Platz Deutsche &hellip; <\/p>\n<p><a class=\"more-link btn\" href=\"https:\/\/tsv-auerbach.org\/kickboxen\/trainer\/\">Weiterlesen<\/a><\/p>\n","protected":false},"author":19,"featured_media":0,"parent":0,"menu_order":0,"comment_status":"closed","ping_status":"closed","template":"","meta":{"footnotes":""},"class_list":["post-1865","page","type-page","status-publish","hentry","nodate","item-wrap"],"_links":{"self":[{"href":"https:\/\/tsv-auerbach.org\/kickboxen\/wp-json\/wp\/v2\/pages\/1865","targetHints":{"allow":["GET"]}}],"collection":[{"href":"https:\/\/tsv-auerbach.org\/kickboxen\/wp-json\/wp\/v2\/pages"}],"about":[{"href":"https:\/\/tsv-auerbach.org\/kickboxen\/wp-json\/wp\/v2\/types\/page"}],"author":[{"embeddable":true,"href":"https:\/\/tsv-auerbach.org\/kickboxen\/wp-json\/wp\/v2\/users\/19"}],"replies":[{"embeddable":true,"href":"https:\/\/tsv-auerbach.org\/kickboxen\/wp-json\/wp\/v2\/comments?post=1865"}],"version-history":[{"count":43,"href":"https:\/\/tsv-auerbach.org\/kickboxen\/wp-json\/wp\/v2\/pages\/1865\/revisions"}],"predecessor-version":[{"id":2413,"href":"https:\/\/tsv-auerbach.org\/kickboxen\/wp-json\/wp\/v2\/pages\/1865\/revisions\/2413"}],"wp:attachment":[{"href":"https:\/\/tsv-auerbach.org\/kickboxen\/wp-json\/wp\/v2\/media?parent=1865"}],"curies":[{"name":"wp","href":"https:\/\/api.w.org\/{rel}","templated":true}]}}