{"id":4917,"date":"2026-01-20T14:10:46","date_gmt":"2026-01-20T13:10:46","guid":{"rendered":"https:\/\/tsv-auerbach.org\/turnen\/?page_id=4917"},"modified":"2026-01-20T14:10:46","modified_gmt":"2026-01-20T13:10:46","slug":"turnen-fuer-kinder-im-vorschulalter","status":"publish","type":"page","link":"https:\/\/tsv-auerbach.org\/turnen\/turnen-fuer-kinder-im-vorschulalter\/","title":{"rendered":"Turnen f\u00fcr Kinder im Vorschulalter"},"content":{"rendered":"<p>Die TSV\u00a0 Abteilung Turnen hat ein breites Angebot f\u00fcr alle Kinder, die dem Krabbelalter entwachsen sind und erste spielerische Erfahrungen auch an Ger\u00e4ten sammeln k\u00f6nnen.<\/p>\n<p>Unsere vielf\u00e4ltigen Angebote f\u00f6rdern altersgerecht die motorischen F\u00e4higkeiten, die Konzentration und nicht zuletzt auch die Teamf\u00e4higkeit der Kinder.<\/p>\n<p>Die Kinder k\u00f6nnen sich ausprobieren, haben Spa\u00df und lernen gleichzeitig in der Gruppe Achtung R\u00fccksichtnahme.<\/p>\n<p>Unsere Kurse richten sich an unterschiedliche Altersklassen oder auch an nur M\u00e4dchen oder nur Jungen.<\/p>\n<p>Die Kinder k\u00f6nnen nahtlos in die jeweiligen Angebote entsprechend ihrem Alter wechseln sowie auch\u00a0 sp\u00e4ter den <a href=\"\/turnen\/leistungsturnen\/\" target=\"_blank\" rel=\"noopener\">Leistungs-Turngruppen<\/a> beitreten.<\/p>\n<p>Einen \u00dcberblick \u00fcber alle Angebote finden Sie in der \u00dcbersicht zu den <strong>\u00dcbungszeiten f\u00fcr Kinder und Jugendliche.<\/strong><\/p>\n<p>Wir f\u00f6rdern den Spa\u00df und die Freude der Kinder an Spiel und Bewegung, und unsere qualifizierten \u00dcbungsleiterInnen f\u00fchren die Stunden mit Herzblut und viel Engagement durch.<\/p>\n<p>Haben Sie Fragen, dann kontaktieren Sie uns gern via eMail oder telefonisch.<\/p>\n<p>&nbsp;<\/p>\n","protected":false},"excerpt":{"rendered":"<p>Die TSV\u00a0 Abteilung Turnen hat ein breites Angebot f\u00fcr alle Kinder, die dem Krabbelalter entwachsen sind und erste spielerische Erfahrungen auch an Ger\u00e4ten sammeln k\u00f6nnen. Unsere vielf\u00e4ltigen Angebote f\u00f6rdern altersgerecht die motorischen F\u00e4higkeiten, die Konzentration und nicht zuletzt auch die Teamf\u00e4higkeit der Kinder. Die Kinder k\u00f6nnen sich ausprobieren, haben Spa\u00df und lernen gleichzeitig in der &hellip; <\/p>\n<p><a class=\"more-link btn\" href=\"https:\/\/tsv-auerbach.org\/turnen\/turnen-fuer-kinder-im-vorschulalter\/\">Weiterlesen<\/a><\/p>\n","protected":false},"author":26,"featured_media":0,"parent":0,"menu_order":0,"comment_status":"closed","ping_status":"closed","template":"","meta":{"footnotes":""},"class_list":["post-4917","page","type-page","status-publish","hentry","nodate","item-wrap"],"_links":{"self":[{"href":"https:\/\/tsv-auerbach.org\/turnen\/wp-json\/wp\/v2\/pages\/4917","targetHints":{"allow":["GET"]}}],"collection":[{"href":"https:\/\/tsv-auerbach.org\/turnen\/wp-json\/wp\/v2\/pages"}],"about":[{"href":"https:\/\/tsv-auerbach.org\/turnen\/wp-json\/wp\/v2\/types\/page"}],"author":[{"embeddable":true,"href":"https:\/\/tsv-auerbach.org\/turnen\/wp-json\/wp\/v2\/users\/26"}],"replies":[{"embeddable":true,"href":"https:\/\/tsv-auerbach.org\/turnen\/wp-json\/wp\/v2\/comments?post=4917"}],"version-history":[{"count":7,"href":"https:\/\/tsv-auerbach.org\/turnen\/wp-json\/wp\/v2\/pages\/4917\/revisions"}],"predecessor-version":[{"id":4924,"href":"https:\/\/tsv-auerbach.org\/turnen\/wp-json\/wp\/v2\/pages\/4917\/revisions\/4924"}],"wp:attachment":[{"href":"https:\/\/tsv-auerbach.org\/turnen\/wp-json\/wp\/v2\/media?parent=4917"}],"curies":[{"name":"wp","href":"https:\/\/api.w.org\/{rel}","templated":true}]}}