{"id":5083,"date":"2026-04-03T14:57:13","date_gmt":"2026-04-03T12:57:13","guid":{"rendered":"https:\/\/tsv-auerbach.org\/turnen\/?page_id=5083"},"modified":"2026-04-03T14:58:30","modified_gmt":"2026-04-03T12:58:30","slug":"fitness-und-geraeteturnen","status":"publish","type":"page","link":"https:\/\/tsv-auerbach.org\/turnen\/fitness-und-geraeteturnen\/","title":{"rendered":"Fitness und Ger\u00e4teturnen"},"content":{"rendered":"<p class=\"p1\">Seit Februar 2026 gibt es die neue <strong><span style=\"color: #333333\">Ger\u00e4teturngruppe f\u00fcr Erwachsene.<\/span><\/strong><\/p>\n<p class=\"p1\">Die Stunde kombiniert eine halbe Stunde Fitness mit einer halben Stunde Ger\u00e4teturnen.<br \/>\nSo kommen sowohl Kraft, Ausdauer und Beweglichkeit als auch turnerische Elemente nicht zu kurz.<\/p>\n<p class=\"p1\">Die Gruppe richtet sich an aktive Erwachsene und hat neben der sportlichen Fitness auch das Ziel, einen k\u00f6rperlichen Ausgleich zum Berufs- und Familienalltag zu schaffen.<\/p>\n<p class=\"p1\">Das Training findet <strong>mittwochs in der Halle der Schillerschule von 20:45 bis 21:45 Uhr<\/strong> statt.<\/p>\n<p class=\"p1\"><strong>Kontakt: <\/strong>Finja Ruoff<br \/>\n<strong>Mail:<\/strong> <span style=\"color: #333333\">Familie-ruoff@ posteo.de<\/span><\/p>\n","protected":false},"excerpt":{"rendered":"<p>Seit Februar 2026 gibt es die neue Ger\u00e4teturngruppe f\u00fcr Erwachsene. Die Stunde kombiniert eine halbe Stunde Fitness mit einer halben Stunde Ger\u00e4teturnen. So kommen sowohl Kraft, Ausdauer und Beweglichkeit als auch turnerische Elemente nicht zu kurz. Die Gruppe richtet sich an aktive Erwachsene und hat neben der sportlichen Fitness auch das Ziel, einen k\u00f6rperlichen Ausgleich &hellip; <\/p>\n<p><a class=\"more-link btn\" href=\"https:\/\/tsv-auerbach.org\/turnen\/fitness-und-geraeteturnen\/\">Weiterlesen<\/a><\/p>\n","protected":false},"author":26,"featured_media":0,"parent":0,"menu_order":0,"comment_status":"closed","ping_status":"closed","template":"","meta":{"footnotes":""},"class_list":["post-5083","page","type-page","status-publish","hentry","nodate","item-wrap"],"_links":{"self":[{"href":"https:\/\/tsv-auerbach.org\/turnen\/wp-json\/wp\/v2\/pages\/5083","targetHints":{"allow":["GET"]}}],"collection":[{"href":"https:\/\/tsv-auerbach.org\/turnen\/wp-json\/wp\/v2\/pages"}],"about":[{"href":"https:\/\/tsv-auerbach.org\/turnen\/wp-json\/wp\/v2\/types\/page"}],"author":[{"embeddable":true,"href":"https:\/\/tsv-auerbach.org\/turnen\/wp-json\/wp\/v2\/users\/26"}],"replies":[{"embeddable":true,"href":"https:\/\/tsv-auerbach.org\/turnen\/wp-json\/wp\/v2\/comments?post=5083"}],"version-history":[{"count":17,"href":"https:\/\/tsv-auerbach.org\/turnen\/wp-json\/wp\/v2\/pages\/5083\/revisions"}],"predecessor-version":[{"id":5100,"href":"https:\/\/tsv-auerbach.org\/turnen\/wp-json\/wp\/v2\/pages\/5083\/revisions\/5100"}],"wp:attachment":[{"href":"https:\/\/tsv-auerbach.org\/turnen\/wp-json\/wp\/v2\/media?parent=5083"}],"curies":[{"name":"wp","href":"https:\/\/api.w.org\/{rel}","templated":true}]}}