{"id":734,"date":"2019-01-03T18:58:03","date_gmt":"2019-01-03T17:58:03","guid":{"rendered":"https:\/\/tsv-auerbach.org\/turnen\/?page_id=734"},"modified":"2023-04-19T13:30:53","modified_gmt":"2023-04-19T11:30:53","slug":"ultimate-frisbee","status":"publish","type":"page","link":"https:\/\/tsv-auerbach.org\/turnen\/ultimate-frisbee\/","title":{"rendered":"Ultimate-Frisbee"},"content":{"rendered":"<div class=\"entry-content clearfix\">\n<h2>FRISBEE SPORT &#8211; TRAINING<\/h2>\n<h2>F\u00fcr wen?<\/h2>\n<p>Training in allen Altersklassen<br \/>\nU14, U17, U20<\/p>\n<h2>Wo?<\/h2>\n<p>auf der gro\u00dfen Wiese im Weiherhaus-Stadion<\/p>\n<h2>Wann?<\/h2>\n<p>Ansprechpartner ist Wolfram Kolbe. Telefon 06251\/7057994.<\/p>\n<p>Zur Zeit finden keine festen \u00dcbungsstunden statt.<\/p>\n<h2>Was mitbringen?<\/h2>\n<p>Sportschuhe (vorzugsweise Stollenschuhe), Wasser und Bock auf einen neuen Sport<\/p>\n<p>F\u00fcr Fragen:<br \/>\nultimate.frisbee.bensheim@gmail.com<\/p>\n<p>F\u00fcr mehr Informationen zum Sport:<br \/>\n<a href=\"http:\/\/www.frisbeesportverband.de\" target=\"_blank\" rel=\"noopener\">www.frisbeesportverband.de<\/a><\/p>\n<\/div>\n","protected":false},"excerpt":{"rendered":"<p>FRISBEE SPORT &#8211; TRAINING F\u00fcr wen? Training in allen Altersklassen U14, U17, U20 Wo? auf der gro\u00dfen Wiese im Weiherhaus-Stadion Wann? Ansprechpartner ist Wolfram Kolbe. Telefon 06251\/7057994. Zur Zeit finden keine festen \u00dcbungsstunden statt. Was mitbringen? Sportschuhe (vorzugsweise Stollenschuhe), Wasser und Bock auf einen neuen Sport F\u00fcr Fragen: ultimate.frisbee.bensheim@gmail.com F\u00fcr mehr Informationen zum Sport: www.frisbeesportverband.de<\/p>\n","protected":false},"author":1,"featured_media":0,"parent":0,"menu_order":0,"comment_status":"closed","ping_status":"closed","template":"","meta":{"footnotes":""},"class_list":["post-734","page","type-page","status-publish","hentry","nodate","item-wrap"],"_links":{"self":[{"href":"https:\/\/tsv-auerbach.org\/turnen\/wp-json\/wp\/v2\/pages\/734","targetHints":{"allow":["GET"]}}],"collection":[{"href":"https:\/\/tsv-auerbach.org\/turnen\/wp-json\/wp\/v2\/pages"}],"about":[{"href":"https:\/\/tsv-auerbach.org\/turnen\/wp-json\/wp\/v2\/types\/page"}],"author":[{"embeddable":true,"href":"https:\/\/tsv-auerbach.org\/turnen\/wp-json\/wp\/v2\/users\/1"}],"replies":[{"embeddable":true,"href":"https:\/\/tsv-auerbach.org\/turnen\/wp-json\/wp\/v2\/comments?post=734"}],"version-history":[{"count":4,"href":"https:\/\/tsv-auerbach.org\/turnen\/wp-json\/wp\/v2\/pages\/734\/revisions"}],"predecessor-version":[{"id":2104,"href":"https:\/\/tsv-auerbach.org\/turnen\/wp-json\/wp\/v2\/pages\/734\/revisions\/2104"}],"wp:attachment":[{"href":"https:\/\/tsv-auerbach.org\/turnen\/wp-json\/wp\/v2\/media?parent=734"}],"curies":[{"name":"wp","href":"https:\/\/api.w.org\/{rel}","templated":true}]}}