{"id":802,"date":"2019-01-03T19:52:27","date_gmt":"2019-01-03T18:52:27","guid":{"rendered":"https:\/\/tsv-auerbach.org\/turnen\/?page_id=802"},"modified":"2019-01-03T19:52:28","modified_gmt":"2019-01-03T18:52:28","slug":"intern","status":"publish","type":"page","link":"https:\/\/tsv-auerbach.org\/turnen\/intern\/","title":{"rendered":"Intern"},"content":{"rendered":"<p>Unsere \u00dcbungsleiter k\u00f6nnen hier folgende Formulare herunterladen:<\/p>\n<p><a href=\"https:\/\/tsv-auerbach.org\/turnen\/wp-content\/uploads\/sites\/11\/2019\/01\/\u00dcbungsleiter-Abrechnung.xls\">Abrechnung &#8211; \u00dcbungsleiter<\/a><\/p>\n<p><a href=\"https:\/\/tsv-auerbach.org\/turnen\/wp-content\/uploads\/sites\/11\/2019\/01\/Helfergeld-Abrechnung-1.xls\">Abrechnung &#8211; Helfergeld<\/a><\/p>\n<p><a href=\"https:\/\/tsv-auerbach.org\/turnen\/wp-content\/uploads\/sites\/11\/2019\/01\/Aufwandsentsch\u00e4digung.xls\">Aufwandsentsch\u00e4digung<\/a><\/p>\n","protected":false},"excerpt":{"rendered":"<p>Unsere \u00dcbungsleiter k\u00f6nnen hier folgende Formulare herunterladen: Abrechnung &#8211; \u00dcbungsleiter Abrechnung &#8211; Helfergeld Aufwandsentsch\u00e4digung<\/p>\n","protected":false},"author":1,"featured_media":0,"parent":0,"menu_order":0,"comment_status":"closed","ping_status":"closed","template":"","meta":{"footnotes":""},"class_list":["post-802","page","type-page","status-publish","hentry","nodate","item-wrap"],"_links":{"self":[{"href":"https:\/\/tsv-auerbach.org\/turnen\/wp-json\/wp\/v2\/pages\/802","targetHints":{"allow":["GET"]}}],"collection":[{"href":"https:\/\/tsv-auerbach.org\/turnen\/wp-json\/wp\/v2\/pages"}],"about":[{"href":"https:\/\/tsv-auerbach.org\/turnen\/wp-json\/wp\/v2\/types\/page"}],"author":[{"embeddable":true,"href":"https:\/\/tsv-auerbach.org\/turnen\/wp-json\/wp\/v2\/users\/1"}],"replies":[{"embeddable":true,"href":"https:\/\/tsv-auerbach.org\/turnen\/wp-json\/wp\/v2\/comments?post=802"}],"version-history":[{"count":1,"href":"https:\/\/tsv-auerbach.org\/turnen\/wp-json\/wp\/v2\/pages\/802\/revisions"}],"predecessor-version":[{"id":807,"href":"https:\/\/tsv-auerbach.org\/turnen\/wp-json\/wp\/v2\/pages\/802\/revisions\/807"}],"wp:attachment":[{"href":"https:\/\/tsv-auerbach.org\/turnen\/wp-json\/wp\/v2\/media?parent=802"}],"curies":[{"name":"wp","href":"https:\/\/api.w.org\/{rel}","templated":true}]}}