{"id":815,"date":"2019-01-04T12:19:15","date_gmt":"2019-01-04T11:19:15","guid":{"rendered":"https:\/\/tsv-auerbach.org\/turnen\/?page_id=815"},"modified":"2019-01-04T12:53:16","modified_gmt":"2019-01-04T11:53:16","slug":"leistungsturnen","status":"publish","type":"page","link":"https:\/\/tsv-auerbach.org\/turnen\/leistungsturnen\/","title":{"rendered":"Leistungsturnen"},"content":{"rendered":"<p><strong>Leistungsgruppe \u2013 M\u00e4dchen<\/strong><\/p>\n<p>Die Turnleistungsgruppe\/M\u00e4dchen der TSV RW Auerbach nimmt regelm\u00e4\u00dfig an Turnwettk\u00e4mpfen im Kreis, im Bezirk und auf Landesebene teil.<\/p>\n<p>Geturnt wird das Pflichtprogramm P1-P9 des Deutschen Turnerbundes sowie die modifizierte K\u00fcr im Bereich der LK 2-4 an den vier Ger\u00e4ten Sprung, Stufenbarren\/Reck, Boden und Balken. Au\u00dferdem starten die Turnerinnen der Leistungsgruppe bei Mehrkampfmeisterschaften und Turnfesten. Regelm\u00e4\u00dfige Showauftritte sind auch sehr beliebt.<\/p>\n<p>Die Turnleistungsgruppe gliedert sich in drei Altersstufen:<\/p>\n<p>Aufbaugruppe (2x Training \/ Woche): 5 \u2013 9\/10Jahre<\/p>\n<p>Leistungsgruppe I (3x Training \/ Woche): 10 \u2013 13\/14 Jahre<\/p>\n<p>Leistungsgruppe II ( s.o. ): 14 Jahre und \u00e4lter<\/p>\n<p><a href=\"https:\/\/tsv-auerbach.org\/turnen\/wp-content\/uploads\/sites\/11\/2019\/01\/IMG_2220.jpg\" data-rel=\"lightbox-image-0\" data-magnific_type=\"image\" data-rl_title=\"\" data-rl_caption=\"\" title=\"\"><img loading=\"lazy\" decoding=\"async\" class=\"alignnone wp-image-821 size-large\" src=\"https:\/\/tsv-auerbach.org\/turnen\/wp-content\/uploads\/sites\/11\/2019\/01\/IMG_2220-1024x768.jpg\" alt=\"\" width=\"847\" height=\"635\" srcset=\"https:\/\/tsv-auerbach.org\/turnen\/wp-content\/uploads\/sites\/11\/2019\/01\/IMG_2220-1024x768.jpg 1024w, https:\/\/tsv-auerbach.org\/turnen\/wp-content\/uploads\/sites\/11\/2019\/01\/IMG_2220-300x225.jpg 300w, https:\/\/tsv-auerbach.org\/turnen\/wp-content\/uploads\/sites\/11\/2019\/01\/IMG_2220-768x576.jpg 768w\" sizes=\"auto, (max-width: 847px) 100vw, 847px\" \/><\/a><\/p>\n<p><a href=\"https:\/\/tsv-auerbach.org\/turnen\/wp-content\/uploads\/sites\/11\/2019\/01\/IMG_2213.jpg\" data-rel=\"lightbox-image-1\" data-magnific_type=\"image\" data-rl_title=\"\" data-rl_caption=\"\" title=\"\"><img loading=\"lazy\" decoding=\"async\" class=\"alignnone wp-image-820 size-large\" src=\"https:\/\/tsv-auerbach.org\/turnen\/wp-content\/uploads\/sites\/11\/2019\/01\/IMG_2213-1024x768.jpg\" alt=\"\" width=\"847\" height=\"635\" srcset=\"https:\/\/tsv-auerbach.org\/turnen\/wp-content\/uploads\/sites\/11\/2019\/01\/IMG_2213-1024x768.jpg 1024w, https:\/\/tsv-auerbach.org\/turnen\/wp-content\/uploads\/sites\/11\/2019\/01\/IMG_2213-300x225.jpg 300w, https:\/\/tsv-auerbach.org\/turnen\/wp-content\/uploads\/sites\/11\/2019\/01\/IMG_2213-768x576.jpg 768w\" sizes=\"auto, (max-width: 847px) 100vw, 847px\" \/><\/a><\/p>\n<p><a href=\"https:\/\/tsv-auerbach.org\/turnen\/wp-content\/uploads\/sites\/11\/2019\/01\/IMG_2224.jpg\" data-rel=\"lightbox-image-2\" data-magnific_type=\"image\" data-rl_title=\"\" data-rl_caption=\"\" title=\"\"><img loading=\"lazy\" decoding=\"async\" class=\"alignnone wp-image-819 size-large\" src=\"https:\/\/tsv-auerbach.org\/turnen\/wp-content\/uploads\/sites\/11\/2019\/01\/IMG_2224-1024x768.jpg\" alt=\"\" width=\"847\" height=\"635\" srcset=\"https:\/\/tsv-auerbach.org\/turnen\/wp-content\/uploads\/sites\/11\/2019\/01\/IMG_2224-1024x768.jpg 1024w, https:\/\/tsv-auerbach.org\/turnen\/wp-content\/uploads\/sites\/11\/2019\/01\/IMG_2224-300x225.jpg 300w, https:\/\/tsv-auerbach.org\/turnen\/wp-content\/uploads\/sites\/11\/2019\/01\/IMG_2224-768x576.jpg 768w\" sizes=\"auto, (max-width: 847px) 100vw, 847px\" \/><\/a><\/p>\n<p><a href=\"https:\/\/tsv-auerbach.org\/turnen\/wp-content\/uploads\/sites\/11\/2019\/01\/IMG_2216.jpg\" data-rel=\"lightbox-image-3\" data-magnific_type=\"image\" data-rl_title=\"\" data-rl_caption=\"\" title=\"\"><img loading=\"lazy\" decoding=\"async\" class=\"alignnone wp-image-818 size-large\" src=\"https:\/\/tsv-auerbach.org\/turnen\/wp-content\/uploads\/sites\/11\/2019\/01\/IMG_2216-1024x768.jpg\" alt=\"\" width=\"847\" height=\"635\" srcset=\"https:\/\/tsv-auerbach.org\/turnen\/wp-content\/uploads\/sites\/11\/2019\/01\/IMG_2216-1024x768.jpg 1024w, https:\/\/tsv-auerbach.org\/turnen\/wp-content\/uploads\/sites\/11\/2019\/01\/IMG_2216-300x225.jpg 300w, https:\/\/tsv-auerbach.org\/turnen\/wp-content\/uploads\/sites\/11\/2019\/01\/IMG_2216-768x576.jpg 768w\" sizes=\"auto, (max-width: 847px) 100vw, 847px\" \/><\/a><\/p>\n<p><a href=\"https:\/\/tsv-auerbach.org\/turnen\/wp-content\/uploads\/sites\/11\/2019\/01\/IMG_2241.jpg\" data-rel=\"lightbox-image-4\" data-magnific_type=\"image\" data-rl_title=\"\" data-rl_caption=\"\" title=\"\"><img loading=\"lazy\" decoding=\"async\" class=\"alignnone wp-image-817 size-large\" src=\"https:\/\/tsv-auerbach.org\/turnen\/wp-content\/uploads\/sites\/11\/2019\/01\/IMG_2241-1024x768.jpg\" alt=\"\" width=\"847\" height=\"635\" srcset=\"https:\/\/tsv-auerbach.org\/turnen\/wp-content\/uploads\/sites\/11\/2019\/01\/IMG_2241-1024x768.jpg 1024w, https:\/\/tsv-auerbach.org\/turnen\/wp-content\/uploads\/sites\/11\/2019\/01\/IMG_2241-300x225.jpg 300w, https:\/\/tsv-auerbach.org\/turnen\/wp-content\/uploads\/sites\/11\/2019\/01\/IMG_2241-768x576.jpg 768w\" sizes=\"auto, (max-width: 847px) 100vw, 847px\" \/><\/a><\/p>\n<p><a href=\"https:\/\/tsv-auerbach.org\/turnen\/wp-content\/uploads\/sites\/11\/2019\/01\/IMG_2230.jpg\" data-rel=\"lightbox-image-5\" data-magnific_type=\"image\" data-rl_title=\"\" data-rl_caption=\"\" title=\"\"><img loading=\"lazy\" decoding=\"async\" class=\"alignnone wp-image-816 size-large\" src=\"https:\/\/tsv-auerbach.org\/turnen\/wp-content\/uploads\/sites\/11\/2019\/01\/IMG_2230-1024x768.jpg\" alt=\"\" width=\"847\" height=\"635\" srcset=\"https:\/\/tsv-auerbach.org\/turnen\/wp-content\/uploads\/sites\/11\/2019\/01\/IMG_2230-1024x768.jpg 1024w, https:\/\/tsv-auerbach.org\/turnen\/wp-content\/uploads\/sites\/11\/2019\/01\/IMG_2230-300x225.jpg 300w, https:\/\/tsv-auerbach.org\/turnen\/wp-content\/uploads\/sites\/11\/2019\/01\/IMG_2230-768x576.jpg 768w\" sizes=\"auto, (max-width: 847px) 100vw, 847px\" \/><\/a><\/p>\n","protected":false},"excerpt":{"rendered":"<p>Leistungsgruppe \u2013 M\u00e4dchen Die Turnleistungsgruppe\/M\u00e4dchen der TSV RW Auerbach nimmt regelm\u00e4\u00dfig an Turnwettk\u00e4mpfen im Kreis, im Bezirk und auf Landesebene teil. Geturnt wird das Pflichtprogramm P1-P9 des Deutschen Turnerbundes sowie die modifizierte K\u00fcr im Bereich der LK 2-4 an den vier Ger\u00e4ten Sprung, Stufenbarren\/Reck, Boden und Balken. Au\u00dferdem starten die Turnerinnen der Leistungsgruppe bei Mehrkampfmeisterschaften &hellip; <\/p>\n<p><a class=\"more-link btn\" href=\"https:\/\/tsv-auerbach.org\/turnen\/leistungsturnen\/\">Weiterlesen<\/a><\/p>\n","protected":false},"author":1,"featured_media":0,"parent":0,"menu_order":0,"comment_status":"closed","ping_status":"closed","template":"","meta":{"footnotes":""},"class_list":["post-815","page","type-page","status-publish","hentry","nodate","item-wrap"],"_links":{"self":[{"href":"https:\/\/tsv-auerbach.org\/turnen\/wp-json\/wp\/v2\/pages\/815","targetHints":{"allow":["GET"]}}],"collection":[{"href":"https:\/\/tsv-auerbach.org\/turnen\/wp-json\/wp\/v2\/pages"}],"about":[{"href":"https:\/\/tsv-auerbach.org\/turnen\/wp-json\/wp\/v2\/types\/page"}],"author":[{"embeddable":true,"href":"https:\/\/tsv-auerbach.org\/turnen\/wp-json\/wp\/v2\/users\/1"}],"replies":[{"embeddable":true,"href":"https:\/\/tsv-auerbach.org\/turnen\/wp-json\/wp\/v2\/comments?post=815"}],"version-history":[{"count":3,"href":"https:\/\/tsv-auerbach.org\/turnen\/wp-json\/wp\/v2\/pages\/815\/revisions"}],"predecessor-version":[{"id":867,"href":"https:\/\/tsv-auerbach.org\/turnen\/wp-json\/wp\/v2\/pages\/815\/revisions\/867"}],"wp:attachment":[{"href":"https:\/\/tsv-auerbach.org\/turnen\/wp-json\/wp\/v2\/media?parent=815"}],"curies":[{"name":"wp","href":"https:\/\/api.w.org\/{rel}","templated":true}]}}