{"id":834,"date":"2019-01-04T12:33:39","date_gmt":"2019-01-04T11:33:39","guid":{"rendered":"https:\/\/tsv-auerbach.org\/turnen\/?page_id=834"},"modified":"2024-04-18T11:00:28","modified_gmt":"2024-04-18T09:00:28","slug":"babys-in-bewegung-mit-allen-sinnen","status":"publish","type":"page","link":"https:\/\/tsv-auerbach.org\/turnen\/babys-in-bewegung-mit-allen-sinnen\/","title":{"rendered":"Babys in Bewegung \u2013 mit allen Sinnen"},"content":{"rendered":"<p>Sehr beliebt und nachgefragt sind unsere Kurse unter dem Titel: <strong>\u201eBabys in Bewegung- mit allen Sinnen.\u201c<\/strong><\/p>\n<p>\u00dcber Sinnes- und\u00a0 Bewegungsanregungen wird sowohl die psychosoziale als auch die geistige Entwicklung des Babys gef\u00f6rdert. Bewegen, Tasten, Greifen, Ber\u00fchren, F\u00fchlen und Strampeln, Drehen und Streichelmassagen, Lieder, Finger- und Schaukelspiele \u2013 dies und vieles mehr sind Inhalte des Programms.<\/p>\n<p>Wenn<\/p>\n<ul>\n<li>Sie sich und Ihrem Baby ein bisschen gemeinsame, intensive Zeit schenken wollen,<\/li>\n<li>Sie sich gerne mit anderen M\u00fcttern und V\u00e4tern austauschen wollen,<\/li>\n<li>Eine Auszeit f\u00fcr beide im Trubel des Alltags selten m\u00f6glich ist,<\/li>\n<li>Sie das Vereinsleben von Anfang an erleben m\u00f6chten,<\/li>\n<li>Sie neue Kontakte kn\u00fcpfen und viel Spa\u00df haben wollen<\/li>\n<\/ul>\n<p>sind Sie bei uns richtig.<\/p>\n<p>Eine Kurseinheit umfasst<br \/>\n&#8211; 10 Stunden \u00e0 60 Minuten zu \u20ac 65,00<\/p>\n<p>Kurseinheiten starten immer wieder, bei Interesse oder Fragen melden Sie sich bitte direkt bei der Kursleiterin Sylvia Kaiser-Meyer, \u00dcbungsleiterin f\u00fcr Eltern-Kind- und Kleinkinderturnen sowie ausgebildete DTB-Kursleiterin f\u00fcr Babys in Bewegung per mail\u00a0 <a href=\"mailto:symamey@t-online.de\">symamey@t-online.de<\/a><\/p>\n<div class=\"rl-gallery-container rl-loading\" id=\"rl-gallery-container-1\" data-gallery_id=\"1120\"> <div class=\"rl-gallery rl-basicgrid-gallery \" id=\"rl-gallery-1\" data-gallery_no=\"1\"> <div class=\"rl-gallery-item\"><a href=\"https:\/\/tsv-auerbach.org\/turnen\/wp-content\/uploads\/sites\/11\/2019\/11\/2019-01.jpg\" title=\"\" data-rl_title=\"\" class=\"rl-gallery-link\" data-rl_caption=\"\" data-rel=\"lightbox-gallery-1\" data-magnific_type=\"gallery\"><img loading=\"lazy\" decoding=\"async\" src=\"https:\/\/tsv-auerbach.org\/turnen\/wp-content\/uploads\/sites\/11\/2019\/11\/2019-01-208x300.jpg\" width=\"208\" height=\"300\" alt=\"\"\/><\/a><\/div><div class=\"rl-gallery-item\"><a href=\"https:\/\/tsv-auerbach.org\/turnen\/wp-content\/uploads\/sites\/11\/2019\/11\/2019-02.jpg\" title=\"\" data-rl_title=\"\" class=\"rl-gallery-link\" data-rl_caption=\"\" data-rel=\"lightbox-gallery-1\" data-magnific_type=\"gallery\"><img loading=\"lazy\" decoding=\"async\" src=\"https:\/\/tsv-auerbach.org\/turnen\/wp-content\/uploads\/sites\/11\/2019\/11\/2019-02-208x300.jpg\" width=\"208\" height=\"300\" alt=\"\"\/><\/a><\/div><div class=\"rl-gallery-item\"><a href=\"https:\/\/tsv-auerbach.org\/turnen\/wp-content\/uploads\/sites\/11\/2019\/11\/2019-04.jpg\" title=\"\" data-rl_title=\"\" class=\"rl-gallery-link\" data-rl_caption=\"\" data-rel=\"lightbox-gallery-1\" data-magnific_type=\"gallery\"><img loading=\"lazy\" decoding=\"async\" src=\"https:\/\/tsv-auerbach.org\/turnen\/wp-content\/uploads\/sites\/11\/2019\/11\/2019-04-208x300.jpg\" width=\"208\" height=\"300\" alt=\"\"\/><\/a><\/div><div class=\"rl-gallery-item\"><a href=\"https:\/\/tsv-auerbach.org\/turnen\/wp-content\/uploads\/sites\/11\/2019\/11\/2019-06.jpg\" title=\"\" data-rl_title=\"\" class=\"rl-gallery-link\" data-rl_caption=\"\" data-rel=\"lightbox-gallery-1\" data-magnific_type=\"gallery\"><img loading=\"lazy\" decoding=\"async\" src=\"https:\/\/tsv-auerbach.org\/turnen\/wp-content\/uploads\/sites\/11\/2019\/11\/2019-06-208x300.jpg\" width=\"208\" height=\"300\" alt=\"\"\/><\/a><\/div><div class=\"rl-gallery-item\"><a href=\"https:\/\/tsv-auerbach.org\/turnen\/wp-content\/uploads\/sites\/11\/2019\/11\/2019-07.jpg\" title=\"\" data-rl_title=\"\" class=\"rl-gallery-link\" data-rl_caption=\"\" data-rel=\"lightbox-gallery-1\" data-magnific_type=\"gallery\"><img loading=\"lazy\" decoding=\"async\" src=\"https:\/\/tsv-auerbach.org\/turnen\/wp-content\/uploads\/sites\/11\/2019\/11\/2019-07-208x300.jpg\" width=\"208\" height=\"300\" alt=\"\"\/><\/a><\/div><div class=\"rl-gallery-item\"><a href=\"https:\/\/tsv-auerbach.org\/turnen\/wp-content\/uploads\/sites\/11\/2019\/11\/2019-10.jpg\" title=\"\" data-rl_title=\"\" class=\"rl-gallery-link\" data-rl_caption=\"\" data-rel=\"lightbox-gallery-1\" data-magnific_type=\"gallery\"><img loading=\"lazy\" decoding=\"async\" src=\"https:\/\/tsv-auerbach.org\/turnen\/wp-content\/uploads\/sites\/11\/2019\/11\/2019-10-208x300.jpg\" width=\"208\" height=\"300\" alt=\"\"\/><\/a><\/div><div class=\"rl-gallery-item\"><a href=\"https:\/\/tsv-auerbach.org\/turnen\/wp-content\/uploads\/sites\/11\/2019\/11\/2019-101.jpg\" title=\"\" data-rl_title=\"\" class=\"rl-gallery-link\" data-rl_caption=\"\" data-rel=\"lightbox-gallery-1\" data-magnific_type=\"gallery\"><img loading=\"lazy\" decoding=\"async\" src=\"https:\/\/tsv-auerbach.org\/turnen\/wp-content\/uploads\/sites\/11\/2019\/11\/2019-101-300x208.jpg\" width=\"300\" height=\"208\" alt=\"\"\/><\/a><\/div><div class=\"rl-gallery-item\"><a href=\"https:\/\/tsv-auerbach.org\/turnen\/wp-content\/uploads\/sites\/11\/2019\/11\/2019-102.jpg\" title=\"\" data-rl_title=\"\" class=\"rl-gallery-link\" data-rl_caption=\"\" data-rel=\"lightbox-gallery-1\" data-magnific_type=\"gallery\"><img loading=\"lazy\" decoding=\"async\" src=\"https:\/\/tsv-auerbach.org\/turnen\/wp-content\/uploads\/sites\/11\/2019\/11\/2019-102-300x208.jpg\" width=\"300\" height=\"208\" alt=\"\"\/><\/a><\/div><div class=\"rl-gallery-item\"><a href=\"https:\/\/tsv-auerbach.org\/turnen\/wp-content\/uploads\/sites\/11\/2019\/11\/2019-103.jpg\" title=\"\" data-rl_title=\"\" class=\"rl-gallery-link\" data-rl_caption=\"\" data-rel=\"lightbox-gallery-1\" data-magnific_type=\"gallery\"><img loading=\"lazy\" decoding=\"async\" src=\"https:\/\/tsv-auerbach.org\/turnen\/wp-content\/uploads\/sites\/11\/2019\/11\/2019-103-300x208.jpg\" width=\"300\" height=\"208\" alt=\"\"\/><\/a><\/div><div class=\"rl-gallery-item\"><a href=\"https:\/\/tsv-auerbach.org\/turnen\/wp-content\/uploads\/sites\/11\/2019\/11\/2019-104.jpg\" title=\"\" data-rl_title=\"\" class=\"rl-gallery-link\" data-rl_caption=\"\" data-rel=\"lightbox-gallery-1\" data-magnific_type=\"gallery\"><img loading=\"lazy\" decoding=\"async\" src=\"https:\/\/tsv-auerbach.org\/turnen\/wp-content\/uploads\/sites\/11\/2019\/11\/2019-104-300x208.jpg\" width=\"300\" height=\"208\" alt=\"\"\/><\/a><\/div><div class=\"rl-gallery-item\"><a href=\"https:\/\/tsv-auerbach.org\/turnen\/wp-content\/uploads\/sites\/11\/2019\/11\/2019-105.jpg\" title=\"\" data-rl_title=\"\" class=\"rl-gallery-link\" data-rl_caption=\"\" data-rel=\"lightbox-gallery-1\" data-magnific_type=\"gallery\"><img loading=\"lazy\" decoding=\"async\" src=\"https:\/\/tsv-auerbach.org\/turnen\/wp-content\/uploads\/sites\/11\/2019\/11\/2019-105-300x208.jpg\" width=\"300\" height=\"208\" alt=\"\"\/><\/a><\/div> <\/div> <\/div>\n<div class=\"rl-gallery-container rl-loading\" id=\"rl-gallery-container-2\" data-gallery_id=\"1132\"> <div class=\"rl-gallery rl-basicgrid-gallery \" id=\"rl-gallery-2\" data-gallery_no=\"2\"> <div class=\"rl-gallery-item\"><a href=\"https:\/\/tsv-auerbach.org\/turnen\/wp-content\/uploads\/sites\/11\/2019\/01\/IMG_2230-1.jpg\" title=\"\" data-rl_title=\"\" class=\"rl-gallery-link\" data-rl_caption=\"\" data-rel=\"lightbox-gallery-2\" data-magnific_type=\"gallery\"><img loading=\"lazy\" decoding=\"async\" src=\"https:\/\/tsv-auerbach.org\/turnen\/wp-content\/uploads\/sites\/11\/2019\/01\/IMG_2230-1-300x225.jpg\" width=\"300\" height=\"225\" alt=\"\"\/><\/a><\/div><div class=\"rl-gallery-item\"><a href=\"https:\/\/tsv-auerbach.org\/turnen\/wp-content\/uploads\/sites\/11\/2019\/01\/IMG_7691.jpg\" title=\"\" data-rl_title=\"\" class=\"rl-gallery-link\" data-rl_caption=\"\" data-rel=\"lightbox-gallery-2\" data-magnific_type=\"gallery\"><img loading=\"lazy\" decoding=\"async\" src=\"https:\/\/tsv-auerbach.org\/turnen\/wp-content\/uploads\/sites\/11\/2019\/01\/IMG_7691-300x225.jpg\" width=\"300\" height=\"225\" alt=\"\"\/><\/a><\/div><div class=\"rl-gallery-item\"><a href=\"https:\/\/tsv-auerbach.org\/turnen\/wp-content\/uploads\/sites\/11\/2019\/01\/IMG_7343.jpg\" title=\"\" data-rl_title=\"\" class=\"rl-gallery-link\" data-rl_caption=\"\" data-rel=\"lightbox-gallery-2\" data-magnific_type=\"gallery\"><img loading=\"lazy\" decoding=\"async\" src=\"https:\/\/tsv-auerbach.org\/turnen\/wp-content\/uploads\/sites\/11\/2019\/01\/IMG_7343-300x225.jpg\" width=\"300\" height=\"225\" alt=\"\"\/><\/a><\/div><div class=\"rl-gallery-item\"><a href=\"https:\/\/tsv-auerbach.org\/turnen\/wp-content\/uploads\/sites\/11\/2019\/01\/IMG_6206.jpg\" title=\"\" data-rl_title=\"\" class=\"rl-gallery-link\" data-rl_caption=\"\" data-rel=\"lightbox-gallery-2\" data-magnific_type=\"gallery\"><img loading=\"lazy\" decoding=\"async\" src=\"https:\/\/tsv-auerbach.org\/turnen\/wp-content\/uploads\/sites\/11\/2019\/01\/IMG_6206-200x300.jpg\" width=\"200\" height=\"300\" alt=\"\"\/><\/a><\/div><div class=\"rl-gallery-item\"><a href=\"https:\/\/tsv-auerbach.org\/turnen\/wp-content\/uploads\/sites\/11\/2019\/01\/20160120_100940.jpg\" title=\"\" data-rl_title=\"\" class=\"rl-gallery-link\" data-rl_caption=\"\" data-rel=\"lightbox-gallery-2\" data-magnific_type=\"gallery\"><img loading=\"lazy\" decoding=\"async\" src=\"https:\/\/tsv-auerbach.org\/turnen\/wp-content\/uploads\/sites\/11\/2019\/01\/20160120_100940-300x169.jpg\" width=\"300\" height=\"169\" alt=\"\"\/><\/a><\/div><div class=\"rl-gallery-item\"><a href=\"https:\/\/tsv-auerbach.org\/turnen\/wp-content\/uploads\/sites\/11\/2019\/01\/IMG_6217.jpg\" title=\"\" data-rl_title=\"\" class=\"rl-gallery-link\" data-rl_caption=\"\" data-rel=\"lightbox-gallery-2\" data-magnific_type=\"gallery\"><img loading=\"lazy\" decoding=\"async\" src=\"https:\/\/tsv-auerbach.org\/turnen\/wp-content\/uploads\/sites\/11\/2019\/01\/IMG_6217-300x200.jpg\" width=\"300\" height=\"200\" alt=\"\"\/><\/a><\/div> <\/div> <\/div>\n","protected":false},"excerpt":{"rendered":"<p>Sehr beliebt und nachgefragt sind unsere Kurse unter dem Titel: \u201eBabys in Bewegung- mit allen Sinnen.\u201c \u00dcber Sinnes- und\u00a0 Bewegungsanregungen wird sowohl die psychosoziale als auch die geistige Entwicklung des Babys gef\u00f6rdert. Bewegen, Tasten, Greifen, Ber\u00fchren, F\u00fchlen und Strampeln, Drehen und Streichelmassagen, Lieder, Finger- und Schaukelspiele \u2013 dies und vieles mehr sind Inhalte des Programms. &hellip; <\/p>\n<p><a class=\"more-link btn\" href=\"https:\/\/tsv-auerbach.org\/turnen\/babys-in-bewegung-mit-allen-sinnen\/\">Weiterlesen<\/a><\/p>\n","protected":false},"author":1,"featured_media":0,"parent":0,"menu_order":0,"comment_status":"closed","ping_status":"closed","template":"","meta":{"footnotes":""},"class_list":["post-834","page","type-page","status-publish","hentry","nodate","item-wrap"],"_links":{"self":[{"href":"https:\/\/tsv-auerbach.org\/turnen\/wp-json\/wp\/v2\/pages\/834","targetHints":{"allow":["GET"]}}],"collection":[{"href":"https:\/\/tsv-auerbach.org\/turnen\/wp-json\/wp\/v2\/pages"}],"about":[{"href":"https:\/\/tsv-auerbach.org\/turnen\/wp-json\/wp\/v2\/types\/page"}],"author":[{"embeddable":true,"href":"https:\/\/tsv-auerbach.org\/turnen\/wp-json\/wp\/v2\/users\/1"}],"replies":[{"embeddable":true,"href":"https:\/\/tsv-auerbach.org\/turnen\/wp-json\/wp\/v2\/comments?post=834"}],"version-history":[{"count":11,"href":"https:\/\/tsv-auerbach.org\/turnen\/wp-json\/wp\/v2\/pages\/834\/revisions"}],"predecessor-version":[{"id":2627,"href":"https:\/\/tsv-auerbach.org\/turnen\/wp-json\/wp\/v2\/pages\/834\/revisions\/2627"}],"wp:attachment":[{"href":"https:\/\/tsv-auerbach.org\/turnen\/wp-json\/wp\/v2\/media?parent=834"}],"curies":[{"name":"wp","href":"https:\/\/api.w.org\/{rel}","templated":true}]}}