{"id":861,"date":"2019-01-04T12:46:55","date_gmt":"2019-01-04T11:46:55","guid":{"rendered":"https:\/\/tsv-auerbach.org\/turnen\/?page_id=861"},"modified":"2026-01-20T14:53:07","modified_gmt":"2026-01-20T13:53:07","slug":"turnen-maedchen-und-jungs-5-7-jahre","status":"publish","type":"page","link":"https:\/\/tsv-auerbach.org\/turnen\/turnen-maedchen-und-jungs-5-7-jahre\/","title":{"rendered":"Turnen M\u00e4dchen und Jungs"},"content":{"rendered":"<h2>5-7 Jahre<\/h2>\n<div class=\"entry-content clearfix\">Nach dem Ger\u00e4teaufbau (gerne mit Hilfe der Eltern) lernen wir uns im Anfangskreis und sprechen \u00fcber das, was in der Stunde wichtig zu beachten ist, so dass wir uns wohlf\u00fchlen. Zur Einstimmung und Erw\u00e4rmung beginnt die Stunde mit Lauf- und Fangspielen. Anschlie\u00dfend geht es an den Ger\u00e4teparcours, bestehend aus Sprung, Barren, Bank und Boden. Die Dehn- und Kraft\u00fcbungen bestehen unter anderem aus R\u00fcckenschaukel, Rolle seit-, vor- und r\u00fcckw\u00e4rts, Kerze, Sprungvariationen wie Hopserlauf und Handstand. Mit kleinen Spielen beenden wir die Turnstunde. Oft begleitet uns eine Geschichte \u00fcber Piraten, zauberhafte Einh\u00f6rner \u2026.<br \/>\nMitzubringen sind ein Getr\u00e4nk, sportliche Kleidung und Turnschl\u00e4ppchen, gerne darf auch barfu\u00df geturnt werden.<br \/>\nVorkenntnisse sind nicht erforderlich. Spa\u00df am Turnen und Neues unter Hilfestellung auszuprobieren steht im Vordergrund.Wir sind an den Vereinsmeisterschaften und dem Gaukinderturnfest dabei. F\u00fcr das Nikolausturnen wird eine Choreographie einstudiert oder ein Ausschnitt aus der Turnstunde vorgef\u00fchrt.<\/p>\n<hr \/>\n<\/div>\n<h2>8 &#8211; 12 Jahre<\/h2>\n<div>\n<p>In diesen Turnstunden werden turnerische \u00dcbungen\u00a0 altergem\u00e4\u00df ge\u00fcbt.<br \/>\nBeweglichkeit, Geschicklichkeit, Gleichgewichtssinn, Muskelaufbau sind einige der Schwerpunkte.<br \/>\nMitzubringen sind ein Getr\u00e4nk, sportliche Kleidung und Sportschuhe oder Turnschl\u00e4ppchen, gerne darf auch barfu\u00df geturnt werden.<br \/>\nVorkenntnisse sind nicht erforderlich, wir sind keine Leistungsgruppe aber sehr motiviert!!<\/p>\n<p>Je nach Alter der Kinder sind wir an den Vereinsmeisterschaften und dem Gaukinderturnfest dabei. Auch f\u00fcr das Nikolausturnen wird eine Auff\u00fchrung einstudiert.<\/p>\n<hr \/>\n<\/div>\n<div><strong><span style=\"color: #000000;font-size: 14pt\">Viele weitere Angebote f\u00fcr Kinder und Jugendliche von 6 bis 12 Jahren<\/span><\/strong><\/div>\n<div>finden Sie in der \u00dcbersicht zu unseren \u00dcbungszeiten f\u00fcr Kinder und Jugendliche.<\/div>\n<div>\n<hr \/>\n<\/div>\n<div><strong>Bei Fragen kontaktieren Sie uns gern via eMail oder telefonisch.<\/strong><\/div>\n","protected":false},"excerpt":{"rendered":"<p>5-7 Jahre Nach dem Ger\u00e4teaufbau (gerne mit Hilfe der Eltern) lernen wir uns im Anfangskreis und sprechen \u00fcber das, was in der Stunde wichtig zu beachten ist, so dass wir uns wohlf\u00fchlen. Zur Einstimmung und Erw\u00e4rmung beginnt die Stunde mit Lauf- und Fangspielen. Anschlie\u00dfend geht es an den Ger\u00e4teparcours, bestehend aus Sprung, Barren, Bank und &hellip; <\/p>\n<p><a class=\"more-link btn\" href=\"https:\/\/tsv-auerbach.org\/turnen\/turnen-maedchen-und-jungs-5-7-jahre\/\">Weiterlesen<\/a><\/p>\n","protected":false},"author":1,"featured_media":0,"parent":0,"menu_order":0,"comment_status":"closed","ping_status":"closed","template":"","meta":{"footnotes":""},"class_list":["post-861","page","type-page","status-publish","hentry","nodate","item-wrap"],"_links":{"self":[{"href":"https:\/\/tsv-auerbach.org\/turnen\/wp-json\/wp\/v2\/pages\/861","targetHints":{"allow":["GET"]}}],"collection":[{"href":"https:\/\/tsv-auerbach.org\/turnen\/wp-json\/wp\/v2\/pages"}],"about":[{"href":"https:\/\/tsv-auerbach.org\/turnen\/wp-json\/wp\/v2\/types\/page"}],"author":[{"embeddable":true,"href":"https:\/\/tsv-auerbach.org\/turnen\/wp-json\/wp\/v2\/users\/1"}],"replies":[{"embeddable":true,"href":"https:\/\/tsv-auerbach.org\/turnen\/wp-json\/wp\/v2\/comments?post=861"}],"version-history":[{"count":8,"href":"https:\/\/tsv-auerbach.org\/turnen\/wp-json\/wp\/v2\/pages\/861\/revisions"}],"predecessor-version":[{"id":4930,"href":"https:\/\/tsv-auerbach.org\/turnen\/wp-json\/wp\/v2\/pages\/861\/revisions\/4930"}],"wp:attachment":[{"href":"https:\/\/tsv-auerbach.org\/turnen\/wp-json\/wp\/v2\/media?parent=861"}],"curies":[{"name":"wp","href":"https:\/\/api.w.org\/{rel}","templated":true}]}}