{"id":921,"date":"2019-01-04T21:30:13","date_gmt":"2019-01-04T20:30:13","guid":{"rendered":"https:\/\/tsv-auerbach.org\/turnen\/?page_id=921"},"modified":"2023-05-05T08:20:03","modified_gmt":"2023-05-05T06:20:03","slug":"rehasport","status":"publish","type":"page","link":"https:\/\/tsv-auerbach.org\/turnen\/rehasport\/","title":{"rendered":"Rehasport"},"content":{"rendered":"<p>Das Rehasport-Programm der TSV Auerbach ist vielf\u00e4ltig und man kann \u2013 ja nach Gruppe \u2013 sowohl mit als auch ohne \u00e4rztliche Verordnung teilnehmen. Speziell ausgebildete \u00dcbungsleiter geben Anleitungen, um Ausdauer, Koordination, Flexibilit\u00e4t und Kraft zu f\u00f6rdern. Zus\u00e4tzliche f\u00f6rdert der Austausch mit Anderen und das Gemsinschaftsgef\u00fchl den Rehabilitationsprozess.<\/p>\n<p>Wir bieten folgende Kurse an:<\/p>\n<p>Herzsport (Koronar \u2013 \u00e4rztliche Verordnung erforderlich)<\/p>\n<p>Sport mit Herz (Koronar \u2013 ohne \u00e4rztliche Verordnung)<\/p>\n<p>Sport in der Brustkrebsnachsorge (\u00e4rztliche Verordnung erforderlich)<\/p>\n<p>Reha-Orthop\u00e4die (mit und ohne \u00e4rztliche Verordnung)<\/p>\n<p>Aktuelle \u00dcbungszeiten: <a href=\"\/turnen\/wp-content\/uploads\/sites\/11\/2023\/05\/Flyer-Rehasport.docx\">Flyer-Rehasport<\/a><\/p>\n","protected":false},"excerpt":{"rendered":"<p>Das Rehasport-Programm der TSV Auerbach ist vielf\u00e4ltig und man kann \u2013 ja nach Gruppe \u2013 sowohl mit als auch ohne \u00e4rztliche Verordnung teilnehmen. Speziell ausgebildete \u00dcbungsleiter geben Anleitungen, um Ausdauer, Koordination, Flexibilit\u00e4t und Kraft zu f\u00f6rdern. Zus\u00e4tzliche f\u00f6rdert der Austausch mit Anderen und das Gemsinschaftsgef\u00fchl den Rehabilitationsprozess. Wir bieten folgende Kurse an: Herzsport (Koronar \u2013 &hellip; <\/p>\n<p><a class=\"more-link btn\" href=\"https:\/\/tsv-auerbach.org\/turnen\/rehasport\/\">Weiterlesen<\/a><\/p>\n","protected":false},"author":1,"featured_media":0,"parent":0,"menu_order":0,"comment_status":"closed","ping_status":"closed","template":"","meta":{"footnotes":""},"class_list":["post-921","page","type-page","status-publish","hentry","nodate","item-wrap"],"_links":{"self":[{"href":"https:\/\/tsv-auerbach.org\/turnen\/wp-json\/wp\/v2\/pages\/921","targetHints":{"allow":["GET"]}}],"collection":[{"href":"https:\/\/tsv-auerbach.org\/turnen\/wp-json\/wp\/v2\/pages"}],"about":[{"href":"https:\/\/tsv-auerbach.org\/turnen\/wp-json\/wp\/v2\/types\/page"}],"author":[{"embeddable":true,"href":"https:\/\/tsv-auerbach.org\/turnen\/wp-json\/wp\/v2\/users\/1"}],"replies":[{"embeddable":true,"href":"https:\/\/tsv-auerbach.org\/turnen\/wp-json\/wp\/v2\/comments?post=921"}],"version-history":[{"count":5,"href":"https:\/\/tsv-auerbach.org\/turnen\/wp-json\/wp\/v2\/pages\/921\/revisions"}],"predecessor-version":[{"id":2115,"href":"https:\/\/tsv-auerbach.org\/turnen\/wp-json\/wp\/v2\/pages\/921\/revisions\/2115"}],"wp:attachment":[{"href":"https:\/\/tsv-auerbach.org\/turnen\/wp-json\/wp\/v2\/media?parent=921"}],"curies":[{"name":"wp","href":"https:\/\/api.w.org\/{rel}","templated":true}]}}