{"id":923,"date":"2019-01-04T21:35:16","date_gmt":"2019-01-04T20:35:16","guid":{"rendered":"https:\/\/tsv-auerbach.org\/turnen\/?page_id=923"},"modified":"2024-05-10T17:44:18","modified_gmt":"2024-05-10T15:44:18","slug":"tischfussball","status":"publish","type":"page","link":"https:\/\/tsv-auerbach.org\/turnen\/tischfussball\/","title":{"rendered":"Tischfu\u00dfball"},"content":{"rendered":"<p>Wir die Tischfu\u00dfballabteilung der TSV Auerbach freuen uns \u00fcber Verst\u00e4rkung in unserer Mannschaft.<br \/>\nDazu sind alle interessierten ab 10 Jahren (J\u00fcnger nach Absprache) herzlich eingeladen. Schaut also<br \/>\ngerne beim Training bzw. freien Spielen vorbei. (F\u00fcr mehr Informationen \u00fcber Tischfu\u00dfball als Sport siehe links unten.)<\/p>\n<p><strong>Trainingszeiten:<br \/>\n<\/strong><\/p>\n<ul>\n<li>Dienstags\u00a0 19:15 &#8211; 21:15<\/li>\n<li>Freitag\u00a0\u00a0\u00a0\u00a0\u00a0\u00a0\u00a0 19:15 &#8211; 21:15<\/li>\n<\/ul>\n<p>Nach beiden Trainings wird noch unverbindlich frei gespielt.<\/p>\n<p><strong>Ort: <\/strong><\/p>\n<p>Obergeschoss des JUZ (Jugendzentrums) der TSV Auerbach<\/p>\n<p>Kommt gerne<\/p>\n<p>Wir freuen uns auf Euer kommen.<\/p>\n<div id=\"attachment_2167\" style=\"width: 1881px\" class=\"wp-caption alignnone\"><img loading=\"lazy\" decoding=\"async\" aria-describedby=\"caption-attachment-2167\" class=\"wp-image-2167 size-full\" src=\"https:\/\/tsv-auerbach.org\/turnen\/wp-content\/uploads\/sites\/11\/2023\/06\/20220211_212058-scaled-e1687334892542.jpg\" alt=\"\" width=\"1881\" height=\"1696\" srcset=\"https:\/\/tsv-auerbach.org\/turnen\/wp-content\/uploads\/sites\/11\/2023\/06\/20220211_212058-scaled-e1687334892542.jpg 1881w, https:\/\/tsv-auerbach.org\/turnen\/wp-content\/uploads\/sites\/11\/2023\/06\/20220211_212058-scaled-e1687334892542-300x270.jpg 300w, https:\/\/tsv-auerbach.org\/turnen\/wp-content\/uploads\/sites\/11\/2023\/06\/20220211_212058-scaled-e1687334892542-1024x923.jpg 1024w, https:\/\/tsv-auerbach.org\/turnen\/wp-content\/uploads\/sites\/11\/2023\/06\/20220211_212058-scaled-e1687334892542-768x692.jpg 768w, https:\/\/tsv-auerbach.org\/turnen\/wp-content\/uploads\/sites\/11\/2023\/06\/20220211_212058-scaled-e1687334892542-1536x1385.jpg 1536w, https:\/\/tsv-auerbach.org\/turnen\/wp-content\/uploads\/sites\/11\/2023\/06\/20220211_212058-scaled-e1687334892542-750x676.jpg 750w\" sizes=\"auto, (max-width: 1881px) 100vw, 1881px\" \/><p id=\"caption-attachment-2167\" class=\"wp-caption-text\">Team Tischfu\u00dfball<\/p><\/div>\n<p><strong>Tischfu\u00dfball als Sport<br \/>\n<\/strong>Tischfu\u00dfball kennt jeder als lustigen Zeitvertreib in der Kneipe. Es gibt jedoch auch Tischfu\u00dfball als Vereinssportart mit seinem eigenen Ligabetrieb, Landes-<span class=\"hiddenGrammarError\"> ,<\/span> Deutschen-<span class=\"hiddenGrammarError\"> ,<\/span> Weltmeisterschaften usw.<span class=\"hiddenGrammarError\"> .<\/span><br \/>\nIn diesen Ligen und Turnieren spielt unsere Abteilung regelm\u00e4\u00dfig und h\u00e4ufig auch sehr erfolgreich.<\/p>\n<p><strong>Links zu den einzelnen Verb\u00e4nden:<\/strong><br \/>\nHessischer: <a href=\"https:\/\/tfvh.de\/\">https:\/\/tfvh.de\/<\/a><\/p>\n<p>Deutscher: <a href=\"https:\/\/dtfb.de\/\">https:\/\/dtfb.de\/<\/a><\/p>\n<p>Internationaler: <a href=\"https:\/\/www.tablesoccer.org\/\">https:\/\/www.tablesoccer.org\/<\/a><\/p>\n","protected":false},"excerpt":{"rendered":"<p>Wir die Tischfu\u00dfballabteilung der TSV Auerbach freuen uns \u00fcber Verst\u00e4rkung in unserer Mannschaft. Dazu sind alle interessierten ab 10 Jahren (J\u00fcnger nach Absprache) herzlich eingeladen. Schaut also gerne beim Training bzw. freien Spielen vorbei. (F\u00fcr mehr Informationen \u00fcber Tischfu\u00dfball als Sport siehe links unten.) Trainingszeiten: Dienstags\u00a0 19:15 &#8211; 21:15 Freitag\u00a0\u00a0\u00a0\u00a0\u00a0\u00a0\u00a0 19:15 &#8211; 21:15 Nach beiden &hellip; <\/p>\n<p><a class=\"more-link btn\" href=\"https:\/\/tsv-auerbach.org\/turnen\/tischfussball\/\">Weiterlesen<\/a><\/p>\n","protected":false},"author":1,"featured_media":0,"parent":0,"menu_order":0,"comment_status":"closed","ping_status":"closed","template":"","meta":{"footnotes":""},"class_list":["post-923","page","type-page","status-publish","hentry","nodate","item-wrap"],"_links":{"self":[{"href":"https:\/\/tsv-auerbach.org\/turnen\/wp-json\/wp\/v2\/pages\/923","targetHints":{"allow":["GET"]}}],"collection":[{"href":"https:\/\/tsv-auerbach.org\/turnen\/wp-json\/wp\/v2\/pages"}],"about":[{"href":"https:\/\/tsv-auerbach.org\/turnen\/wp-json\/wp\/v2\/types\/page"}],"author":[{"embeddable":true,"href":"https:\/\/tsv-auerbach.org\/turnen\/wp-json\/wp\/v2\/users\/1"}],"replies":[{"embeddable":true,"href":"https:\/\/tsv-auerbach.org\/turnen\/wp-json\/wp\/v2\/comments?post=923"}],"version-history":[{"count":6,"href":"https:\/\/tsv-auerbach.org\/turnen\/wp-json\/wp\/v2\/pages\/923\/revisions"}],"predecessor-version":[{"id":2638,"href":"https:\/\/tsv-auerbach.org\/turnen\/wp-json\/wp\/v2\/pages\/923\/revisions\/2638"}],"wp:attachment":[{"href":"https:\/\/tsv-auerbach.org\/turnen\/wp-json\/wp\/v2\/media?parent=923"}],"curies":[{"name":"wp","href":"https:\/\/api.w.org\/{rel}","templated":true}]}}