{"id":942,"date":"2019-01-04T21:45:04","date_gmt":"2019-01-04T20:45:04","guid":{"rendered":"https:\/\/tsv-auerbach.org\/turnen\/?page_id=942"},"modified":"2021-09-14T16:17:51","modified_gmt":"2021-09-14T14:17:51","slug":"nordic-walking","status":"publish","type":"page","link":"https:\/\/tsv-auerbach.org\/turnen\/nordic-walking\/","title":{"rendered":"Nordic Walking"},"content":{"rendered":"<p>Beim Nordic Walking werden zwei verschiedene Gruppen angeboten:<\/p>\n<p>Eine Gruppe trifft sich jeden Dienstag von 18:00 -19:30 Uhr.<br \/>\nEine zweite Gruppe trifft sich jeden Dienstag von 9:00 \u2013 10:00 Uhr. Hier ist das Tempo etwas langsamer.<\/p>\n<p>Der Startpunkt wechselt nach einem Vierteljahresplan, um noch mehr Abwechslung in die Touren zu bringen.<br \/>\nNach einigen Minuten mit Aufw\u00e4rmungs\u00fcbungen werden die Nordic Walking St\u00f6cke angeschnallt und es wird munter losmarschiert. Zwischendurch werden Kraft\u00fcbungen gemacht, die die Arm- und Beinmuskulatur st\u00e4rken. Am Ende stehen dann noch ein paar Entspannungs\u00fcbungen an.<\/p>\n<p>Der Treff findet ganzj\u00e4hrig bei Wind und Wetter in freier Natur statt, bei Bedarf mit Stirnlampen. Zus\u00e4tzlich werden j\u00e4hrlich auch noch 3-4 ganzt\u00e4gige Sonntagsausfl\u00fcge und ein 3-Tagesausflug angeboten.<\/p>\n<p>Folgende Ausfl\u00fcge wurden unter anderem schon gemacht:<br \/>\n\u2013 3 Tage Nibelungensteig (Grasellenbach bis Zwingenberg)<br \/>\n\u2013 3 Tage Rodalber Felsenwanderweg (bei Pirmasens, sehr zu empfehlen)<br \/>\n\u2013 3 Tage Rheinsteig (mit Rhein in Flammn, Freilichtmuseum, \u2026)<br \/>\n\u2013 3 Tage Neckarsteig (4-Burgentour, Margarethen- und Wolfsschlucht)<br \/>\n\u2013 Burgenweg von Eberstadt bis Heidelberg in 5 Etappen<br \/>\n\u2013 Sternmarsch mit ca. 50 Teilnehmern aus verschiedenen Sportvereinen beim Hessentag 2014<br \/>\n\u2013 3 Tage Schwarzwaldtour 2015<br \/>\n\u2013 3 Tage Lohr am Main 2016<br \/>\n\u2013 3 Tage Moseltour 2017<\/p>\n<p>Wer in diesen Gruppen mitlaufen m\u00f6chte, sollte einen Grundkurs absolviert haben. Einmal j\u00e4hrlich wird ein neuer Anf\u00e4ngerkurs angeboten. Altersgrenzen gibt es nicht.<br \/>\nF\u00fcr Nichtmitglieder besteht die M\u00f6glichkeit eine Zehnerkarte zu erwerben.<\/p>\n<p><a href=\"\/turnen\/wp-content\/uploads\/sites\/11\/2019\/01\/2017-09-16-2.jpg\" data-rel=\"lightbox-image-0\" data-magnific_type=\"image\" data-rl_title=\"\" data-rl_caption=\"\" title=\"\"><img loading=\"lazy\" decoding=\"async\" class=\"alignnone size-large wp-image-929\" src=\"\/turnen\/wp-content\/uploads\/sites\/11\/2019\/01\/2017-09-16-2-1024x576.jpg\" alt=\"\" width=\"847\" height=\"476\" srcset=\"https:\/\/tsv-auerbach.org\/turnen\/wp-content\/uploads\/sites\/11\/2019\/01\/2017-09-16-2.jpg 1024w, https:\/\/tsv-auerbach.org\/turnen\/wp-content\/uploads\/sites\/11\/2019\/01\/2017-09-16-2-300x169.jpg 300w, https:\/\/tsv-auerbach.org\/turnen\/wp-content\/uploads\/sites\/11\/2019\/01\/2017-09-16-2-768x432.jpg 768w\" sizes=\"auto, (max-width: 847px) 100vw, 847px\" \/><\/a> <a href=\"\/turnen\/wp-content\/uploads\/sites\/11\/2019\/01\/2017-09-16-1.jpg\" data-rel=\"lightbox-image-1\" data-magnific_type=\"image\" data-rl_title=\"\" data-rl_caption=\"\" title=\"\"><img loading=\"lazy\" decoding=\"async\" class=\"alignnone size-large wp-image-930\" src=\"\/turnen\/wp-content\/uploads\/sites\/11\/2019\/01\/2017-09-16-1-1024x576.jpg\" alt=\"\" width=\"847\" height=\"476\" srcset=\"https:\/\/tsv-auerbach.org\/turnen\/wp-content\/uploads\/sites\/11\/2019\/01\/2017-09-16-1.jpg 1024w, https:\/\/tsv-auerbach.org\/turnen\/wp-content\/uploads\/sites\/11\/2019\/01\/2017-09-16-1-300x169.jpg 300w, https:\/\/tsv-auerbach.org\/turnen\/wp-content\/uploads\/sites\/11\/2019\/01\/2017-09-16-1-768x432.jpg 768w\" sizes=\"auto, (max-width: 847px) 100vw, 847px\" \/><\/a> <a href=\"\/turnen\/wp-content\/uploads\/sites\/11\/2019\/01\/L1030217.jpg\" data-rel=\"lightbox-image-2\" data-magnific_type=\"image\" data-rl_title=\"\" data-rl_caption=\"\" title=\"\"><img loading=\"lazy\" decoding=\"async\" class=\"alignnone size-large wp-image-931\" src=\"\/turnen\/wp-content\/uploads\/sites\/11\/2019\/01\/L1030217-1024x768.jpg\" alt=\"\" width=\"847\" height=\"635\" srcset=\"https:\/\/tsv-auerbach.org\/turnen\/wp-content\/uploads\/sites\/11\/2019\/01\/L1030217.jpg 1024w, https:\/\/tsv-auerbach.org\/turnen\/wp-content\/uploads\/sites\/11\/2019\/01\/L1030217-300x225.jpg 300w, https:\/\/tsv-auerbach.org\/turnen\/wp-content\/uploads\/sites\/11\/2019\/01\/L1030217-768x576.jpg 768w\" sizes=\"auto, (max-width: 847px) 100vw, 847px\" \/><\/a> <a href=\"\/turnen\/wp-content\/uploads\/sites\/11\/2019\/01\/L1030251.jpg\" data-rel=\"lightbox-image-3\" data-magnific_type=\"image\" data-rl_title=\"\" data-rl_caption=\"\" title=\"\"><img loading=\"lazy\" decoding=\"async\" class=\"alignnone size-large wp-image-932\" src=\"\/turnen\/wp-content\/uploads\/sites\/11\/2019\/01\/L1030251-1024x768.jpg\" alt=\"\" width=\"847\" height=\"635\" srcset=\"https:\/\/tsv-auerbach.org\/turnen\/wp-content\/uploads\/sites\/11\/2019\/01\/L1030251.jpg 1024w, https:\/\/tsv-auerbach.org\/turnen\/wp-content\/uploads\/sites\/11\/2019\/01\/L1030251-300x225.jpg 300w, https:\/\/tsv-auerbach.org\/turnen\/wp-content\/uploads\/sites\/11\/2019\/01\/L1030251-768x576.jpg 768w\" sizes=\"auto, (max-width: 847px) 100vw, 847px\" \/><\/a> <a href=\"\/turnen\/wp-content\/uploads\/sites\/11\/2019\/01\/2016-06-24.jpg\" data-rel=\"lightbox-image-4\" data-magnific_type=\"image\" data-rl_title=\"\" data-rl_caption=\"\" title=\"\"><img loading=\"lazy\" decoding=\"async\" class=\"alignnone size-large wp-image-933\" src=\"\/turnen\/wp-content\/uploads\/sites\/11\/2019\/01\/2016-06-24-1024x576.jpg\" alt=\"\" width=\"847\" height=\"476\" srcset=\"https:\/\/tsv-auerbach.org\/turnen\/wp-content\/uploads\/sites\/11\/2019\/01\/2016-06-24.jpg 1024w, https:\/\/tsv-auerbach.org\/turnen\/wp-content\/uploads\/sites\/11\/2019\/01\/2016-06-24-300x169.jpg 300w, https:\/\/tsv-auerbach.org\/turnen\/wp-content\/uploads\/sites\/11\/2019\/01\/2016-06-24-768x432.jpg 768w\" sizes=\"auto, (max-width: 847px) 100vw, 847px\" \/><\/a> <a href=\"\/turnen\/wp-content\/uploads\/sites\/11\/2019\/01\/L1030214.jpg\" data-rel=\"lightbox-image-5\" data-magnific_type=\"image\" data-rl_title=\"\" data-rl_caption=\"\" title=\"\"><img loading=\"lazy\" decoding=\"async\" class=\"alignnone size-large wp-image-934\" src=\"\/turnen\/wp-content\/uploads\/sites\/11\/2019\/01\/L1030214-1024x768.jpg\" alt=\"\" width=\"847\" height=\"635\" srcset=\"https:\/\/tsv-auerbach.org\/turnen\/wp-content\/uploads\/sites\/11\/2019\/01\/L1030214.jpg 1024w, https:\/\/tsv-auerbach.org\/turnen\/wp-content\/uploads\/sites\/11\/2019\/01\/L1030214-300x225.jpg 300w, https:\/\/tsv-auerbach.org\/turnen\/wp-content\/uploads\/sites\/11\/2019\/01\/L1030214-768x576.jpg 768w\" sizes=\"auto, (max-width: 847px) 100vw, 847px\" \/><\/a> <a href=\"\/turnen\/wp-content\/uploads\/sites\/11\/2019\/01\/2017-10-30.jpg\" data-rel=\"lightbox-image-6\" data-magnific_type=\"image\" data-rl_title=\"\" data-rl_caption=\"\" title=\"\"><img loading=\"lazy\" decoding=\"async\" class=\"alignnone size-large wp-image-935\" src=\"\/turnen\/wp-content\/uploads\/sites\/11\/2019\/01\/2017-10-30-1024x576.jpg\" alt=\"\" width=\"847\" height=\"476\" srcset=\"https:\/\/tsv-auerbach.org\/turnen\/wp-content\/uploads\/sites\/11\/2019\/01\/2017-10-30.jpg 1024w, https:\/\/tsv-auerbach.org\/turnen\/wp-content\/uploads\/sites\/11\/2019\/01\/2017-10-30-300x169.jpg 300w, https:\/\/tsv-auerbach.org\/turnen\/wp-content\/uploads\/sites\/11\/2019\/01\/2017-10-30-768x432.jpg 768w\" sizes=\"auto, (max-width: 847px) 100vw, 847px\" \/><\/a> <a href=\"\/turnen\/wp-content\/uploads\/sites\/11\/2019\/01\/Nordic-Walking-6.jpg\" data-rel=\"lightbox-image-7\" data-magnific_type=\"image\" data-rl_title=\"\" data-rl_caption=\"\" title=\"\"><img loading=\"lazy\" decoding=\"async\" class=\"alignnone size-large wp-image-936\" src=\"\/turnen\/wp-content\/uploads\/sites\/11\/2019\/01\/Nordic-Walking-6-1024x576.jpg\" alt=\"\" width=\"847\" height=\"476\" srcset=\"https:\/\/tsv-auerbach.org\/turnen\/wp-content\/uploads\/sites\/11\/2019\/01\/Nordic-Walking-6.jpg 1024w, https:\/\/tsv-auerbach.org\/turnen\/wp-content\/uploads\/sites\/11\/2019\/01\/Nordic-Walking-6-300x169.jpg 300w, https:\/\/tsv-auerbach.org\/turnen\/wp-content\/uploads\/sites\/11\/2019\/01\/Nordic-Walking-6-768x432.jpg 768w\" sizes=\"auto, (max-width: 847px) 100vw, 847px\" \/><\/a> <a href=\"\/turnen\/wp-content\/uploads\/sites\/11\/2019\/01\/Nordic-Walking-2.jpg\" data-rel=\"lightbox-image-8\" data-magnific_type=\"image\" data-rl_title=\"\" data-rl_caption=\"\" title=\"\"><img loading=\"lazy\" decoding=\"async\" class=\"alignnone size-large wp-image-937\" src=\"\/turnen\/wp-content\/uploads\/sites\/11\/2019\/01\/Nordic-Walking-2-1024x768.jpg\" alt=\"\" width=\"847\" height=\"635\" srcset=\"https:\/\/tsv-auerbach.org\/turnen\/wp-content\/uploads\/sites\/11\/2019\/01\/Nordic-Walking-2.jpg 1024w, https:\/\/tsv-auerbach.org\/turnen\/wp-content\/uploads\/sites\/11\/2019\/01\/Nordic-Walking-2-300x225.jpg 300w, https:\/\/tsv-auerbach.org\/turnen\/wp-content\/uploads\/sites\/11\/2019\/01\/Nordic-Walking-2-768x576.jpg 768w\" sizes=\"auto, (max-width: 847px) 100vw, 847px\" \/><\/a> <a href=\"\/turnen\/wp-content\/uploads\/sites\/11\/2019\/01\/Nordic-Walking-1.jpg\" data-rel=\"lightbox-image-9\" data-magnific_type=\"image\" data-rl_title=\"\" data-rl_caption=\"\" title=\"\"><img loading=\"lazy\" decoding=\"async\" class=\"alignnone size-large wp-image-938\" src=\"\/turnen\/wp-content\/uploads\/sites\/11\/2019\/01\/Nordic-Walking-1-1024x768.jpg\" alt=\"\" width=\"847\" height=\"635\" srcset=\"https:\/\/tsv-auerbach.org\/turnen\/wp-content\/uploads\/sites\/11\/2019\/01\/Nordic-Walking-1.jpg 1024w, https:\/\/tsv-auerbach.org\/turnen\/wp-content\/uploads\/sites\/11\/2019\/01\/Nordic-Walking-1-300x225.jpg 300w, https:\/\/tsv-auerbach.org\/turnen\/wp-content\/uploads\/sites\/11\/2019\/01\/Nordic-Walking-1-768x576.jpg 768w\" sizes=\"auto, (max-width: 847px) 100vw, 847px\" \/><\/a> <a href=\"\/turnen\/wp-content\/uploads\/sites\/11\/2019\/01\/Nordic-Walking-5.jpg\" data-rel=\"lightbox-image-10\" data-magnific_type=\"image\" data-rl_title=\"\" data-rl_caption=\"\" title=\"\"><img loading=\"lazy\" decoding=\"async\" class=\"alignnone size-large wp-image-939\" src=\"\/turnen\/wp-content\/uploads\/sites\/11\/2019\/01\/Nordic-Walking-5-1024x768.jpg\" alt=\"\" width=\"847\" height=\"635\" srcset=\"https:\/\/tsv-auerbach.org\/turnen\/wp-content\/uploads\/sites\/11\/2019\/01\/Nordic-Walking-5.jpg 1024w, https:\/\/tsv-auerbach.org\/turnen\/wp-content\/uploads\/sites\/11\/2019\/01\/Nordic-Walking-5-300x225.jpg 300w, https:\/\/tsv-auerbach.org\/turnen\/wp-content\/uploads\/sites\/11\/2019\/01\/Nordic-Walking-5-768x576.jpg 768w\" sizes=\"auto, (max-width: 847px) 100vw, 847px\" \/><\/a> <a href=\"\/turnen\/wp-content\/uploads\/sites\/11\/2019\/01\/Nordic-Walking-4.jpg\" data-rel=\"lightbox-image-11\" data-magnific_type=\"image\" data-rl_title=\"\" data-rl_caption=\"\" title=\"\"><img loading=\"lazy\" decoding=\"async\" class=\"alignnone size-large wp-image-940\" src=\"\/turnen\/wp-content\/uploads\/sites\/11\/2019\/01\/Nordic-Walking-4-1024x768.jpg\" alt=\"\" width=\"847\" height=\"635\" srcset=\"https:\/\/tsv-auerbach.org\/turnen\/wp-content\/uploads\/sites\/11\/2019\/01\/Nordic-Walking-4.jpg 1024w, https:\/\/tsv-auerbach.org\/turnen\/wp-content\/uploads\/sites\/11\/2019\/01\/Nordic-Walking-4-300x225.jpg 300w, https:\/\/tsv-auerbach.org\/turnen\/wp-content\/uploads\/sites\/11\/2019\/01\/Nordic-Walking-4-768x576.jpg 768w\" sizes=\"auto, (max-width: 847px) 100vw, 847px\" \/><\/a> <a href=\"\/turnen\/wp-content\/uploads\/sites\/11\/2019\/01\/Nordic-Walking-3.jpg\" data-rel=\"lightbox-image-12\" data-magnific_type=\"image\" data-rl_title=\"\" data-rl_caption=\"\" title=\"\"><img loading=\"lazy\" decoding=\"async\" class=\"alignnone size-large wp-image-941\" src=\"\/turnen\/wp-content\/uploads\/sites\/11\/2019\/01\/Nordic-Walking-3-1024x642.jpg\" alt=\"\" width=\"847\" height=\"531\" srcset=\"https:\/\/tsv-auerbach.org\/turnen\/wp-content\/uploads\/sites\/11\/2019\/01\/Nordic-Walking-3.jpg 1024w, https:\/\/tsv-auerbach.org\/turnen\/wp-content\/uploads\/sites\/11\/2019\/01\/Nordic-Walking-3-300x188.jpg 300w, https:\/\/tsv-auerbach.org\/turnen\/wp-content\/uploads\/sites\/11\/2019\/01\/Nordic-Walking-3-768x482.jpg 768w\" sizes=\"auto, (max-width: 847px) 100vw, 847px\" \/><\/a><\/p>\n","protected":false},"excerpt":{"rendered":"<p>Beim Nordic Walking werden zwei verschiedene Gruppen angeboten: Eine Gruppe trifft sich jeden Dienstag von 18:00 -19:30 Uhr. Eine zweite Gruppe trifft sich jeden Dienstag von 9:00 \u2013 10:00 Uhr. Hier ist das Tempo etwas langsamer. Der Startpunkt wechselt nach einem Vierteljahresplan, um noch mehr Abwechslung in die Touren zu bringen. Nach einigen Minuten mit &hellip; <\/p>\n<p><a class=\"more-link btn\" href=\"https:\/\/tsv-auerbach.org\/turnen\/nordic-walking\/\">Weiterlesen<\/a><\/p>\n","protected":false},"author":1,"featured_media":0,"parent":0,"menu_order":0,"comment_status":"closed","ping_status":"closed","template":"","meta":{"footnotes":""},"class_list":["post-942","page","type-page","status-publish","hentry","nodate","item-wrap"],"_links":{"self":[{"href":"https:\/\/tsv-auerbach.org\/turnen\/wp-json\/wp\/v2\/pages\/942","targetHints":{"allow":["GET"]}}],"collection":[{"href":"https:\/\/tsv-auerbach.org\/turnen\/wp-json\/wp\/v2\/pages"}],"about":[{"href":"https:\/\/tsv-auerbach.org\/turnen\/wp-json\/wp\/v2\/types\/page"}],"author":[{"embeddable":true,"href":"https:\/\/tsv-auerbach.org\/turnen\/wp-json\/wp\/v2\/users\/1"}],"replies":[{"embeddable":true,"href":"https:\/\/tsv-auerbach.org\/turnen\/wp-json\/wp\/v2\/comments?post=942"}],"version-history":[{"count":3,"href":"https:\/\/tsv-auerbach.org\/turnen\/wp-json\/wp\/v2\/pages\/942\/revisions"}],"predecessor-version":[{"id":4684,"href":"https:\/\/tsv-auerbach.org\/turnen\/wp-json\/wp\/v2\/pages\/942\/revisions\/4684"}],"wp:attachment":[{"href":"https:\/\/tsv-auerbach.org\/turnen\/wp-json\/wp\/v2\/media?parent=942"}],"curies":[{"name":"wp","href":"https:\/\/api.w.org\/{rel}","templated":true}]}}