{"id":997,"date":"2019-05-21T12:00:55","date_gmt":"2019-05-21T10:00:55","guid":{"rendered":"https:\/\/tsv-auerbach.org\/turnen\/?page_id=997"},"modified":"2026-04-14T14:05:59","modified_gmt":"2026-04-14T12:05:59","slug":"faszientraining","status":"publish","type":"page","link":"https:\/\/tsv-auerbach.org\/turnen\/faszientraining\/","title":{"rendered":"Faszientraining"},"content":{"rendered":"<p>Faszien sind der Schwerpunkt dieses Angebotes. Faszientraining ist ein sehr effektives und dynamisches Training. Die Teilnehmer\/innen f\u00fchlen sich beweglicher und schmerzfreier, denn Faszientraining ist f\u00fcr Menschen mit R\u00fcckenproblemen eine gute Hilfe. Es ist auch f\u00fcr die Prophylaxe geeignet. Ebenso spielt das Gleichgewicht eine entscheidende Rolle in den Trainingseinheiten. Faszientraining ist nicht nur die Faszien-Rolle. Die Rolle, sowie anderes Trainingsmaterial dient lediglich zur Unterst\u00fctzung.<br \/>\nDas eigentliche Faszientraining h\u00e4lt den K\u00f6rper geschmeidig, fit und dynamisch. Die Teilnehmer\/innen werden schmerzfreier und beweglicher.<\/p>\n<p>Weitere Infos direkt bei der Fachtrainerin Anette Weber unter Telefon 06251\/8693591.<br \/>\nAnette ist seit 20 Jahren aktive \u00dcbungsleiterin.<\/p>\n<p><img loading=\"lazy\" decoding=\"async\" class=\"alignnone size-medium wp-image-5117\" src=\"https:\/\/tsv-auerbach.org\/turnen\/wp-content\/uploads\/sites\/11\/2026\/04\/Faszien-Foto2-300x225.jpg\" alt=\"\" width=\"300\" height=\"225\" srcset=\"https:\/\/tsv-auerbach.org\/turnen\/wp-content\/uploads\/sites\/11\/2026\/04\/Faszien-Foto2-300x225.jpg 300w, https:\/\/tsv-auerbach.org\/turnen\/wp-content\/uploads\/sites\/11\/2026\/04\/Faszien-Foto2-1024x768.jpg 1024w, https:\/\/tsv-auerbach.org\/turnen\/wp-content\/uploads\/sites\/11\/2026\/04\/Faszien-Foto2-150x113.jpg 150w, https:\/\/tsv-auerbach.org\/turnen\/wp-content\/uploads\/sites\/11\/2026\/04\/Faszien-Foto2-768x576.jpg 768w, https:\/\/tsv-auerbach.org\/turnen\/wp-content\/uploads\/sites\/11\/2026\/04\/Faszien-Foto2-1536x1152.jpg 1536w, https:\/\/tsv-auerbach.org\/turnen\/wp-content\/uploads\/sites\/11\/2026\/04\/Faszien-Foto2-2048x1536.jpg 2048w, https:\/\/tsv-auerbach.org\/turnen\/wp-content\/uploads\/sites\/11\/2026\/04\/Faszien-Foto2-750x563.jpg 750w\" sizes=\"auto, (max-width: 300px) 100vw, 300px\" \/> <img loading=\"lazy\" decoding=\"async\" class=\"alignnone size-medium wp-image-5118\" src=\"https:\/\/tsv-auerbach.org\/turnen\/wp-content\/uploads\/sites\/11\/2026\/04\/Faszien-Foto1-300x225.jpg\" alt=\"\" width=\"300\" height=\"225\" srcset=\"https:\/\/tsv-auerbach.org\/turnen\/wp-content\/uploads\/sites\/11\/2026\/04\/Faszien-Foto1-300x225.jpg 300w, https:\/\/tsv-auerbach.org\/turnen\/wp-content\/uploads\/sites\/11\/2026\/04\/Faszien-Foto1-1024x768.jpg 1024w, https:\/\/tsv-auerbach.org\/turnen\/wp-content\/uploads\/sites\/11\/2026\/04\/Faszien-Foto1-150x113.jpg 150w, https:\/\/tsv-auerbach.org\/turnen\/wp-content\/uploads\/sites\/11\/2026\/04\/Faszien-Foto1-768x576.jpg 768w, https:\/\/tsv-auerbach.org\/turnen\/wp-content\/uploads\/sites\/11\/2026\/04\/Faszien-Foto1-1536x1152.jpg 1536w, https:\/\/tsv-auerbach.org\/turnen\/wp-content\/uploads\/sites\/11\/2026\/04\/Faszien-Foto1-2048x1536.jpg 2048w, https:\/\/tsv-auerbach.org\/turnen\/wp-content\/uploads\/sites\/11\/2026\/04\/Faszien-Foto1-750x563.jpg 750w\" sizes=\"auto, (max-width: 300px) 100vw, 300px\" \/><\/p>\n","protected":false},"excerpt":{"rendered":"<p>Faszien sind der Schwerpunkt dieses Angebotes. Faszientraining ist ein sehr effektives und dynamisches Training. Die Teilnehmer\/innen f\u00fchlen sich beweglicher und schmerzfreier, denn Faszientraining ist f\u00fcr Menschen mit R\u00fcckenproblemen eine gute Hilfe. Es ist auch f\u00fcr die Prophylaxe geeignet. Ebenso spielt das Gleichgewicht eine entscheidende Rolle in den Trainingseinheiten. Faszientraining ist nicht nur die Faszien-Rolle. Die &hellip; <\/p>\n<p><a class=\"more-link btn\" href=\"https:\/\/tsv-auerbach.org\/turnen\/faszientraining\/\">Weiterlesen<\/a><\/p>\n","protected":false},"author":14,"featured_media":0,"parent":0,"menu_order":0,"comment_status":"closed","ping_status":"closed","template":"","meta":{"footnotes":""},"class_list":["post-997","page","type-page","status-publish","hentry","nodate","item-wrap"],"_links":{"self":[{"href":"https:\/\/tsv-auerbach.org\/turnen\/wp-json\/wp\/v2\/pages\/997","targetHints":{"allow":["GET"]}}],"collection":[{"href":"https:\/\/tsv-auerbach.org\/turnen\/wp-json\/wp\/v2\/pages"}],"about":[{"href":"https:\/\/tsv-auerbach.org\/turnen\/wp-json\/wp\/v2\/types\/page"}],"author":[{"embeddable":true,"href":"https:\/\/tsv-auerbach.org\/turnen\/wp-json\/wp\/v2\/users\/14"}],"replies":[{"embeddable":true,"href":"https:\/\/tsv-auerbach.org\/turnen\/wp-json\/wp\/v2\/comments?post=997"}],"version-history":[{"count":4,"href":"https:\/\/tsv-auerbach.org\/turnen\/wp-json\/wp\/v2\/pages\/997\/revisions"}],"predecessor-version":[{"id":5120,"href":"https:\/\/tsv-auerbach.org\/turnen\/wp-json\/wp\/v2\/pages\/997\/revisions\/5120"}],"wp:attachment":[{"href":"https:\/\/tsv-auerbach.org\/turnen\/wp-json\/wp\/v2\/media?parent=997"}],"curies":[{"name":"wp","href":"https:\/\/api.w.org\/{rel}","templated":true}]}}